{"id":4491,"date":"2025-07-15T15:00:02","date_gmt":"2025-07-15T07:00:02","guid":{"rendered":"https:\/\/cciola-fashion.com\/?post_type=product&#038;p=4491"},"modified":"2025-07-15T15:00:02","modified_gmt":"2025-07-15T07:00:02","slug":"red-double-sided-vest","status":"publish","type":"product","link":"https:\/\/cciola-fashion.com\/pt\/red-double-sided-vest.html","title":{"rendered":"Colete Vermelho Dupla Face"},"content":{"rendered":"<p>Este \u00e9 um colete vermelho com dupla face. A cor vermelha vibrante chama bastante a aten\u00e7\u00e3o.<\/p>\n<p>O estilo \u00e9 um design de gola alta, que pode resistir ao vento frio at\u00e9 certo ponto e aumentar o calor do pesco\u00e7o.<\/p>\n<p>H\u00e1 um z\u00edper no meio para facilitar na hora de vestir e tirar.<\/p>\n<p>H\u00e1 um logotipo preto \u201cPIONEER\u201d no peito esquerdo, o que aumenta o reconhecimento da marca e o senso de design da roupa.<\/p>\n<p>H\u00e1 linhas de acolchoamento \u00f3bvias na superf\u00edcie do colete, formando um compartimento horizontal para fixar o enchimento de plumas no interior, evitando que elas escorra.<\/p>\n<p>Al\u00e9m disso, h\u00e1 bolsos em ambos os lados do colete para facilitar a coloca\u00e7\u00e3o de pequenos itens.<\/p>\n<p>Este colete acolchoado \u00e9 adequado para ser usado sozinho para mostrar vitalidade e tamb\u00e9m pode ser combinado com blusas de manga comprida, su\u00e9teres, etc. para adicionar uma camada quente em climas frios.<\/p>","protected":false},"excerpt":{"rendered":"<p>Podemos oferecer servi\u00e7o OEM\/ODM.<\/p>\n<p>Concha: 100%poli\u00e9ster<\/p>\n<p>Forro: poli\u00e9ster 100%<\/p>\n<p>Quantidade m\u00ednima: 500 pe\u00e7as<\/p>","protected":false},"featured_media":4492,"template":"","meta":[],"product_brand":[],"product_cat":[169],"product_tag":[],"class_list":{"0":"post-4491","1":"product","2":"type-product","3":"status-publish","4":"has-post-thumbnail","6":"product_cat-mens-padded-jacket","8":"first","9":"instock","10":"shipping-taxable","11":"product-type-simple"},"_links":{"self":[{"href":"https:\/\/cciola-fashion.com\/pt\/wp-json\/wp\/v2\/product\/4491","targetHints":{"allow":["GET"]}}],"collection":[{"href":"https:\/\/cciola-fashion.com\/pt\/wp-json\/wp\/v2\/product"}],"about":[{"href":"https:\/\/cciola-fashion.com\/pt\/wp-json\/wp\/v2\/types\/product"}],"version-history":[{"count":1,"href":"https:\/\/cciola-fashion.com\/pt\/wp-json\/wp\/v2\/product\/4491\/revisions"}],"predecessor-version":[{"id":4497,"href":"https:\/\/cciola-fashion.com\/pt\/wp-json\/wp\/v2\/product\/4491\/revisions\/4497"}],"wp:featuredmedia":[{"embeddable":true,"href":"https:\/\/cciola-fashion.com\/pt\/wp-json\/wp\/v2\/media\/4492"}],"wp:attachment":[{"href":"https:\/\/cciola-fashion.com\/pt\/wp-json\/wp\/v2\/media?parent=4491"}],"wp:term":[{"taxonomy":"product_brand","embeddable":true,"href":"https:\/\/cciola-fashion.com\/pt\/wp-json\/wp\/v2\/product_brand?post=4491"},{"taxonomy":"product_cat","embeddable":true,"href":"https:\/\/cciola-fashion.com\/pt\/wp-json\/wp\/v2\/product_cat?post=4491"},{"taxonomy":"product_tag","embeddable":true,"href":"https:\/\/cciola-fashion.com\/pt\/wp-json\/wp\/v2\/product_tag?post=4491"}],"curies":[{"name":"wp","href":"https:\/\/api.w.org\/{rel}","templated":true}]}}