{"id":4482,"date":"2025-07-15T14:45:25","date_gmt":"2025-07-15T06:45:25","guid":{"rendered":"https:\/\/cciola-fashion.com\/?post_type=product&#038;p=4482"},"modified":"2025-07-15T14:45:25","modified_gmt":"2025-07-15T06:45:25","slug":"mens-long-padded-jacket","status":"publish","type":"product","link":"https:\/\/cciola-fashion.com\/pt\/mens-long-padded-jacket.html","title":{"rendered":"Jaqueta longa acolchoada masculina"},"content":{"rendered":"<p>Esta \u00e9 uma jaqueta masculina longa e acolchoada cuja cor principal \u00e9 verde militar, que \u00e9 cl\u00e1ssica e vers\u00e1til.<\/p>\n<p>A vers\u00e3o longa geral, com capuz, pode ser removida de forma flex\u00edvel para atender \u00e0s necessidades de diferentes cen\u00e1rios.<\/p>\n<p>A abertura tem m\u00e9todos de fechamento duplo de bot\u00f5es de press\u00e3o e z\u00edperes, o que \u00e9 quente e f\u00e1cil de colocar e tirar.<\/p>\n<p>H\u00e1 um bolso preto com z\u00edper no lado esquerdo, o que acrescenta praticidade e estilo.<\/p>\n<p>A superf\u00edcie apresenta xadrez acolchoado, que pode fixar o algod\u00e3o de enchimento e evitar que o algod\u00e3o escorra, adequado para climas frios no outono e inverno.<\/p>","protected":false},"excerpt":{"rendered":"<p>Podemos oferecer servi\u00e7o OEM\/ODM.<\/p>\n<p>Concha: 100%poli\u00e9ster<\/p>\n<p>Forro: poli\u00e9ster 100%<\/p>\n<p>Quantidade m\u00ednima: 500 pe\u00e7as<\/p>","protected":false},"featured_media":4483,"template":"","meta":[],"product_brand":[],"product_cat":[169],"product_tag":[],"class_list":{"0":"post-4482","1":"product","2":"type-product","3":"status-publish","4":"has-post-thumbnail","6":"product_cat-mens-padded-jacket","8":"first","9":"instock","10":"shipping-taxable","11":"product-type-simple"},"_links":{"self":[{"href":"https:\/\/cciola-fashion.com\/pt\/wp-json\/wp\/v2\/product\/4482","targetHints":{"allow":["GET"]}}],"collection":[{"href":"https:\/\/cciola-fashion.com\/pt\/wp-json\/wp\/v2\/product"}],"about":[{"href":"https:\/\/cciola-fashion.com\/pt\/wp-json\/wp\/v2\/types\/product"}],"version-history":[{"count":1,"href":"https:\/\/cciola-fashion.com\/pt\/wp-json\/wp\/v2\/product\/4482\/revisions"}],"predecessor-version":[{"id":4488,"href":"https:\/\/cciola-fashion.com\/pt\/wp-json\/wp\/v2\/product\/4482\/revisions\/4488"}],"wp:featuredmedia":[{"embeddable":true,"href":"https:\/\/cciola-fashion.com\/pt\/wp-json\/wp\/v2\/media\/4483"}],"wp:attachment":[{"href":"https:\/\/cciola-fashion.com\/pt\/wp-json\/wp\/v2\/media?parent=4482"}],"wp:term":[{"taxonomy":"product_brand","embeddable":true,"href":"https:\/\/cciola-fashion.com\/pt\/wp-json\/wp\/v2\/product_brand?post=4482"},{"taxonomy":"product_cat","embeddable":true,"href":"https:\/\/cciola-fashion.com\/pt\/wp-json\/wp\/v2\/product_cat?post=4482"},{"taxonomy":"product_tag","embeddable":true,"href":"https:\/\/cciola-fashion.com\/pt\/wp-json\/wp\/v2\/product_tag?post=4482"}],"curies":[{"name":"wp","href":"https:\/\/api.w.org\/{rel}","templated":true}]}}