{"id":4474,"date":"2025-07-15T14:12:20","date_gmt":"2025-07-15T06:12:20","guid":{"rendered":"https:\/\/cciola-fashion.com\/?post_type=product&#038;p=4474"},"modified":"2025-07-15T14:47:03","modified_gmt":"2025-07-15T06:47:03","slug":"jaqueta-acolchoada-com-blocos-de-cores-para-meninos","status":"publish","type":"product","link":"https:\/\/cciola-fashion.com\/pt\/jaqueta-acolchoada-com-blocos-de-cores-para-meninos-html","title":{"rendered":"Jaqueta acolchoada com blocos de cores para meninos"},"content":{"rendered":"<p>Esta \u00e9 uma jaqueta acolchoada para menino, com blocos de cores, preto e cinza como cores principais, e o design patchwork acrescenta um toque de moda.<\/p>\n<p>O estilo com capuz resiste ao vento frio, o z\u00edper da carcela \u00e9 f\u00e1cil de colocar e tirar e h\u00e1 um bolso com z\u00edper com uma etiqueta vermelha no lado esquerdo.<\/p>\n<p>\u00c9 pr\u00e1tico e bonito, preenchido com material de imita\u00e7\u00e3o de plumas, boa reten\u00e7\u00e3o de calor, adequado para crian\u00e7as usarem em climas frios.<\/p>","protected":false},"excerpt":{"rendered":"<p>Podemos oferecer servi\u00e7o OEM\/ODM.<\/p>\n<p>Concha: 100%poli\u00e9ster<\/p>\n<p>Forro: poli\u00e9ster 100%<\/p>\n<p>Quantidade m\u00ednima: 500 pe\u00e7as<\/p>","protected":false},"featured_media":4475,"template":"","meta":[],"product_brand":[],"product_cat":[181],"product_tag":[],"class_list":{"0":"post-4474","1":"product","2":"type-product","3":"status-publish","4":"has-post-thumbnail","6":"product_cat-boys-padded-jacket","8":"first","9":"instock","10":"shipping-taxable","11":"product-type-simple"},"_links":{"self":[{"href":"https:\/\/cciola-fashion.com\/pt\/wp-json\/wp\/v2\/product\/4474","targetHints":{"allow":["GET"]}}],"collection":[{"href":"https:\/\/cciola-fashion.com\/pt\/wp-json\/wp\/v2\/product"}],"about":[{"href":"https:\/\/cciola-fashion.com\/pt\/wp-json\/wp\/v2\/types\/product"}],"version-history":[{"count":1,"href":"https:\/\/cciola-fashion.com\/pt\/wp-json\/wp\/v2\/product\/4474\/revisions"}],"predecessor-version":[{"id":4481,"href":"https:\/\/cciola-fashion.com\/pt\/wp-json\/wp\/v2\/product\/4474\/revisions\/4481"}],"wp:featuredmedia":[{"embeddable":true,"href":"https:\/\/cciola-fashion.com\/pt\/wp-json\/wp\/v2\/media\/4475"}],"wp:attachment":[{"href":"https:\/\/cciola-fashion.com\/pt\/wp-json\/wp\/v2\/media?parent=4474"}],"wp:term":[{"taxonomy":"product_brand","embeddable":true,"href":"https:\/\/cciola-fashion.com\/pt\/wp-json\/wp\/v2\/product_brand?post=4474"},{"taxonomy":"product_cat","embeddable":true,"href":"https:\/\/cciola-fashion.com\/pt\/wp-json\/wp\/v2\/product_cat?post=4474"},{"taxonomy":"product_tag","embeddable":true,"href":"https:\/\/cciola-fashion.com\/pt\/wp-json\/wp\/v2\/product_tag?post=4474"}],"curies":[{"name":"wp","href":"https:\/\/api.w.org\/{rel}","templated":true}]}}