{"id":4469,"date":"2025-07-03T17:37:22","date_gmt":"2025-07-03T09:37:22","guid":{"rendered":"https:\/\/cciola-fashion.com\/?post_type=product&#038;p=4469"},"modified":"2025-07-03T17:37:23","modified_gmt":"2025-07-03T09:37:23","slug":"womens-puffer-jacket","status":"publish","type":"product","link":"https:\/\/cciola-fashion.com\/pt\/womens-puffer-jacket.html","title":{"rendered":"Jaqueta Puffer Feminina"},"content":{"rendered":"<p>Esta \u00e9 uma jaqueta feminina, toda amarela brilhante e o design de gola alta resiste ao vento frio.<\/p>\n<p>O processo de quilting \u00e9 usado para formar um enchimento de bloco regular, que \u00e9 fofo e cheio, e tem tanto calor quanto estilo.<\/p>\n<p>A abertura tem bot\u00f5es de metal para dar um toque de refinamento, e h\u00e1 um cord\u00e3o na cintura, que pode ser ajustado livremente para modelar diferentes linhas do corpo.<\/p>\n<p>H\u00e1 bolsos com z\u00edper em ambos os lados, que s\u00e3o pr\u00e1ticos e bonitos.<\/p>\n<p>H\u00e1 tamb\u00e9m pequenas etiquetas de couro nas mangas para real\u00e7ar a textura dos detalhes.<\/p>\n<p>\u00c9 simples e generoso, sem perder o design, adequado para uma variedade de cen\u00e1rios de uso di\u00e1rio.<\/p>","protected":false},"excerpt":{"rendered":"<p>Podemos oferecer servi\u00e7o OEM\/ODM.<\/p>\n<p>Concha: 100%nylon<\/p>\n<p>Forro: poli\u00e9ster 100%<\/p>\n<p>Quantidade m\u00ednima: 500 pe\u00e7as<\/p>","protected":false},"featured_media":4470,"template":"","meta":[],"product_brand":[],"product_cat":[218],"product_tag":[],"class_list":{"0":"post-4469","1":"product","2":"type-product","3":"status-publish","4":"has-post-thumbnail","6":"product_cat-ladies-padded-jacket-ladies-clothing-2","8":"first","9":"instock","10":"shipping-taxable","11":"product-type-simple"},"_links":{"self":[{"href":"https:\/\/cciola-fashion.com\/pt\/wp-json\/wp\/v2\/product\/4469","targetHints":{"allow":["GET"]}}],"collection":[{"href":"https:\/\/cciola-fashion.com\/pt\/wp-json\/wp\/v2\/product"}],"about":[{"href":"https:\/\/cciola-fashion.com\/pt\/wp-json\/wp\/v2\/types\/product"}],"version-history":[{"count":1,"href":"https:\/\/cciola-fashion.com\/pt\/wp-json\/wp\/v2\/product\/4469\/revisions"}],"predecessor-version":[{"id":4472,"href":"https:\/\/cciola-fashion.com\/pt\/wp-json\/wp\/v2\/product\/4469\/revisions\/4472"}],"wp:featuredmedia":[{"embeddable":true,"href":"https:\/\/cciola-fashion.com\/pt\/wp-json\/wp\/v2\/media\/4470"}],"wp:attachment":[{"href":"https:\/\/cciola-fashion.com\/pt\/wp-json\/wp\/v2\/media?parent=4469"}],"wp:term":[{"taxonomy":"product_brand","embeddable":true,"href":"https:\/\/cciola-fashion.com\/pt\/wp-json\/wp\/v2\/product_brand?post=4469"},{"taxonomy":"product_cat","embeddable":true,"href":"https:\/\/cciola-fashion.com\/pt\/wp-json\/wp\/v2\/product_cat?post=4469"},{"taxonomy":"product_tag","embeddable":true,"href":"https:\/\/cciola-fashion.com\/pt\/wp-json\/wp\/v2\/product_tag?post=4469"}],"curies":[{"name":"wp","href":"https:\/\/api.w.org\/{rel}","templated":true}]}}