{"id":4464,"date":"2025-07-03T17:16:55","date_gmt":"2025-07-03T09:16:55","guid":{"rendered":"https:\/\/cciola-fashion.com\/?post_type=product&#038;p=4464"},"modified":"2025-07-03T17:16:55","modified_gmt":"2025-07-03T09:16:55","slug":"jaqueta-acolchoada-para-meninas-3","status":"publish","type":"product","link":"https:\/\/cciola-fashion.com\/pt\/jaqueta-acolchoada-para-meninas-3-html","title":{"rendered":"Jaqueta acolchoada para menina"},"content":{"rendered":"<p>Esta \u00e9 uma jaqueta acolchoada para meninas com azul marinho como cor de base e padr\u00f5es de bolinhas totalmente impressos a laser.<\/p>\n<p>Colorido e brilhante, moderno e chamativo, o capuz pode ser removido com flexibilidade para atender \u00e0s necessidades de diferentes estilos e cen\u00e1rios.<\/p>\n<p>A vers\u00e3o curta \u00e9 combinada com tecnologia de quilting, que \u00e9 rica em enchimento, ret\u00e9m bem o calor, \u00e9 elegante e elegante.<\/p>\n<p>O z\u00edper \u00e9 f\u00e1cil de colocar e tirar, e o puxador tem formato de cora\u00e7\u00e3o.<\/p>\n<p>O design geral \u00e9 infantil e pr\u00e1tico, e \u00e9 um item fofo, adequado para crian\u00e7as usarem no inverno.<\/p>","protected":false},"excerpt":{"rendered":"<p>Podemos oferecer servi\u00e7o OEM\/ODM.<\/p>\n<p>Concha: 100%poli\u00e9ster<\/p>\n<p>Forro: poli\u00e9ster 100%<\/p>\n<p>Quantidade m\u00ednima: 500 pe\u00e7as<\/p>","protected":false},"featured_media":4465,"template":"","meta":[],"product_brand":[],"product_cat":[230],"product_tag":[],"class_list":{"0":"post-4464","1":"product","2":"type-product","3":"status-publish","4":"has-post-thumbnail","6":"product_cat-grls-padded-jacket","8":"first","9":"instock","10":"shipping-taxable","11":"product-type-simple"},"_links":{"self":[{"href":"https:\/\/cciola-fashion.com\/pt\/wp-json\/wp\/v2\/product\/4464","targetHints":{"allow":["GET"]}}],"collection":[{"href":"https:\/\/cciola-fashion.com\/pt\/wp-json\/wp\/v2\/product"}],"about":[{"href":"https:\/\/cciola-fashion.com\/pt\/wp-json\/wp\/v2\/types\/product"}],"version-history":[{"count":1,"href":"https:\/\/cciola-fashion.com\/pt\/wp-json\/wp\/v2\/product\/4464\/revisions"}],"predecessor-version":[{"id":4468,"href":"https:\/\/cciola-fashion.com\/pt\/wp-json\/wp\/v2\/product\/4464\/revisions\/4468"}],"wp:featuredmedia":[{"embeddable":true,"href":"https:\/\/cciola-fashion.com\/pt\/wp-json\/wp\/v2\/media\/4465"}],"wp:attachment":[{"href":"https:\/\/cciola-fashion.com\/pt\/wp-json\/wp\/v2\/media?parent=4464"}],"wp:term":[{"taxonomy":"product_brand","embeddable":true,"href":"https:\/\/cciola-fashion.com\/pt\/wp-json\/wp\/v2\/product_brand?post=4464"},{"taxonomy":"product_cat","embeddable":true,"href":"https:\/\/cciola-fashion.com\/pt\/wp-json\/wp\/v2\/product_cat?post=4464"},{"taxonomy":"product_tag","embeddable":true,"href":"https:\/\/cciola-fashion.com\/pt\/wp-json\/wp\/v2\/product_tag?post=4464"}],"curies":[{"name":"wp","href":"https:\/\/api.w.org\/{rel}","templated":true}]}}