{"id":4456,"date":"2025-07-03T17:12:31","date_gmt":"2025-07-03T09:12:31","guid":{"rendered":"https:\/\/cciola-fashion.com\/?post_type=product&#038;p=4456"},"modified":"2025-07-03T17:12:31","modified_gmt":"2025-07-03T09:12:31","slug":"mens-quilted-windbreaker","status":"publish","type":"product","link":"https:\/\/cciola-fashion.com\/pt\/mens-quilted-windbreaker.html","title":{"rendered":"Jaqueta corta-vento acolchoada masculina"},"content":{"rendered":"<p>Este \u00e9 um blus\u00e3o acolchoado masculino em preto cl\u00e1ssico, simples e elegante.<\/p>\n<p>O tecido \u00e9 feito de sarja, um tecido espesso, quente, imperme\u00e1vel e corta-vento, adequado para climas mais frios. A gola interna e o forro traseiro s\u00e3o revestidos com veludo felpudo, que \u00e9 quente e confort\u00e1vel. Os punhos s\u00e3o canelados, proporcionando um efeito corta-vento.<\/p>\n<p>O chap\u00e9u \u00e9 remov\u00edvel para atender a diferentes necessidades de uso. Os bolsos frontais, central e lateral, possuem z\u00edperes de metal, que real\u00e7am a textura. A carcela possui dois fechos de bot\u00e3o de press\u00e3o. H\u00e1 dois designs de fivela interna na parte interna. O bolso interno inferior esquerdo possui estampa de patch, que duplica o fecho de bot\u00e3o de press\u00e3o e z\u00edper do meio, o que o torna quentinho e pr\u00e1tico.<\/p>\n<p>O design com linhas divis\u00f3rias no corpo torna a vers\u00e3o mais tridimensional. \u00c9 adequado para o deslocamento di\u00e1rio, ambientes externos leves, etc. \u00c9 um item de inverno que combina funcionalidade e moda.<\/p>","protected":false},"excerpt":{"rendered":"<p>Podemos oferecer servi\u00e7o OEM\/ODM.<\/p>\n<p>Concha: 100%poli\u00e9ster<\/p>\n<p>Forro: poli\u00e9ster 100%<\/p>\n<p>Quantidade m\u00ednima: 500 pe\u00e7as<\/p>","protected":false},"featured_media":4457,"template":"","meta":[],"product_brand":[],"product_cat":[37],"product_tag":[],"class_list":{"0":"post-4456","1":"product","2":"type-product","3":"status-publish","4":"has-post-thumbnail","6":"product_cat-mens-clothing","8":"first","9":"instock","10":"shipping-taxable","11":"product-type-simple"},"_links":{"self":[{"href":"https:\/\/cciola-fashion.com\/pt\/wp-json\/wp\/v2\/product\/4456","targetHints":{"allow":["GET"]}}],"collection":[{"href":"https:\/\/cciola-fashion.com\/pt\/wp-json\/wp\/v2\/product"}],"about":[{"href":"https:\/\/cciola-fashion.com\/pt\/wp-json\/wp\/v2\/types\/product"}],"version-history":[{"count":1,"href":"https:\/\/cciola-fashion.com\/pt\/wp-json\/wp\/v2\/product\/4456\/revisions"}],"predecessor-version":[{"id":4463,"href":"https:\/\/cciola-fashion.com\/pt\/wp-json\/wp\/v2\/product\/4456\/revisions\/4463"}],"wp:featuredmedia":[{"embeddable":true,"href":"https:\/\/cciola-fashion.com\/pt\/wp-json\/wp\/v2\/media\/4457"}],"wp:attachment":[{"href":"https:\/\/cciola-fashion.com\/pt\/wp-json\/wp\/v2\/media?parent=4456"}],"wp:term":[{"taxonomy":"product_brand","embeddable":true,"href":"https:\/\/cciola-fashion.com\/pt\/wp-json\/wp\/v2\/product_brand?post=4456"},{"taxonomy":"product_cat","embeddable":true,"href":"https:\/\/cciola-fashion.com\/pt\/wp-json\/wp\/v2\/product_cat?post=4456"},{"taxonomy":"product_tag","embeddable":true,"href":"https:\/\/cciola-fashion.com\/pt\/wp-json\/wp\/v2\/product_tag?post=4456"}],"curies":[{"name":"wp","href":"https:\/\/api.w.org\/{rel}","templated":true}]}}