{"id":4448,"date":"2025-06-30T18:30:51","date_gmt":"2025-06-30T10:30:51","guid":{"rendered":"https:\/\/cciola-fashion.com\/?post_type=product&#038;p=4448"},"modified":"2025-06-30T18:30:51","modified_gmt":"2025-06-30T10:30:51","slug":"girls-puffer-jacket","status":"publish","type":"product","link":"https:\/\/cciola-fashion.com\/pt\/girls-puffer-jacket.html","title":{"rendered":"Jaqueta Puffer para Menina"},"content":{"rendered":"<p>Esta \u00e9 uma jaqueta puffer feminina, de cor rosa suave, que combina com o estilo doce das meninas.<\/p>\n<p>Em termos de estilo, ele tem um design de gola curta e alta, que \u00e9 elegante e pode resistir ao vento frio at\u00e9 certo ponto.<\/p>\n<p>A superf\u00edcie \u00e9 acolchoada, exibindo um padr\u00e3o xadrez em forma de diamante, o que n\u00e3o s\u00f3 torna a jaqueta puffer mais em camadas e projetada, mas tamb\u00e9m fixa o enchimento interno, reduz o deslizamento do enchimento e a forma\u00e7\u00e3o de grumos, e garante a uniformidade do calor.<\/p>\n<p>Nos detalhes, destacam-se os bolsos sim\u00e9tricos, que s\u00e3o pr\u00e1ticos para as crian\u00e7as colocarem pequenos objetos, al\u00e9m de serem bonitos e pr\u00e1ticos.<\/p>\n<p>Em termos de tecido, especula-se pela apar\u00eancia que deve ser um tecido relativamente liso e \u00e0 prova de vento, que possa bloquear a invas\u00e3o de ar frio de fora, e o enchimento interno proporciona um bom efeito de aquecimento.<\/p>\n<p>\u00c9 adequado para crian\u00e7as usarem na esta\u00e7\u00e3o mais fria, ajudando-as a passar o inverno aquecidas e na moda.<\/p>","protected":false},"excerpt":{"rendered":"<p>Podemos oferecer servi\u00e7o OEM\/ODM.<\/p>\n<p>Concha: 100%poli\u00e9ster<\/p>\n<p>Forro: poli\u00e9ster 100%<\/p>\n<p>Quantidade m\u00ednima: 500 pe\u00e7as<\/p>","protected":false},"featured_media":4449,"template":"","meta":[],"product_brand":[],"product_cat":[230],"product_tag":[],"class_list":{"0":"post-4448","1":"product","2":"type-product","3":"status-publish","4":"has-post-thumbnail","6":"product_cat-grls-padded-jacket","8":"first","9":"instock","10":"shipping-taxable","11":"product-type-simple"},"_links":{"self":[{"href":"https:\/\/cciola-fashion.com\/pt\/wp-json\/wp\/v2\/product\/4448","targetHints":{"allow":["GET"]}}],"collection":[{"href":"https:\/\/cciola-fashion.com\/pt\/wp-json\/wp\/v2\/product"}],"about":[{"href":"https:\/\/cciola-fashion.com\/pt\/wp-json\/wp\/v2\/types\/product"}],"version-history":[{"count":1,"href":"https:\/\/cciola-fashion.com\/pt\/wp-json\/wp\/v2\/product\/4448\/revisions"}],"predecessor-version":[{"id":4453,"href":"https:\/\/cciola-fashion.com\/pt\/wp-json\/wp\/v2\/product\/4448\/revisions\/4453"}],"wp:featuredmedia":[{"embeddable":true,"href":"https:\/\/cciola-fashion.com\/pt\/wp-json\/wp\/v2\/media\/4449"}],"wp:attachment":[{"href":"https:\/\/cciola-fashion.com\/pt\/wp-json\/wp\/v2\/media?parent=4448"}],"wp:term":[{"taxonomy":"product_brand","embeddable":true,"href":"https:\/\/cciola-fashion.com\/pt\/wp-json\/wp\/v2\/product_brand?post=4448"},{"taxonomy":"product_cat","embeddable":true,"href":"https:\/\/cciola-fashion.com\/pt\/wp-json\/wp\/v2\/product_cat?post=4448"},{"taxonomy":"product_tag","embeddable":true,"href":"https:\/\/cciola-fashion.com\/pt\/wp-json\/wp\/v2\/product_tag?post=4448"}],"curies":[{"name":"wp","href":"https:\/\/api.w.org\/{rel}","templated":true}]}}