{"id":4440,"date":"2025-06-27T10:24:50","date_gmt":"2025-06-27T02:24:50","guid":{"rendered":"https:\/\/cciola-fashion.com\/?post_type=product&#038;p=4440"},"modified":"2025-06-27T10:24:50","modified_gmt":"2025-06-27T02:24:50","slug":"colete-acolchoado-fino","status":"publish","type":"product","link":"https:\/\/cciola-fashion.com\/pt\/colete-acolchoado-fino-html","title":{"rendered":"Colete acolchoado fino"},"content":{"rendered":"<p>Este \u00e9 um colete acolchoado feminino, o corpo principal \u00e9 preto.<\/p>\n<p>A gola alta e o design felpudo no decote acrescentam calor e requinte.<\/p>\n<p>A superf\u00edcie \u00e9 acolchoada em formato de diamante, cheia de enchimento e tridimensional.<\/p>\n<p>A vers\u00e3o geral \u00e9 fina e tridimensional, o que \u00e9 conveniente para movimentos.<\/p>\n<p>O z\u00edper \u00e9 fechado, adequado para combinar com roupas \u00edntimas no outono e inverno, o que \u00e9 pr\u00e1tico e elegante.<\/p>","protected":false},"excerpt":{"rendered":"<p>Podemos oferecer servi\u00e7o OEM.<\/p>\n<p>Concha: 100%nylon<\/p>\n<p>Forro: l\u00e3 PV<\/p>\n<p>&nbsp;<\/p>","protected":false},"featured_media":4441,"template":"","meta":[],"product_brand":[],"product_cat":[37],"product_tag":[],"class_list":{"0":"post-4440","1":"product","2":"type-product","3":"status-publish","4":"has-post-thumbnail","6":"product_cat-mens-clothing","8":"first","9":"instock","10":"shipping-taxable","11":"product-type-simple"},"_links":{"self":[{"href":"https:\/\/cciola-fashion.com\/pt\/wp-json\/wp\/v2\/product\/4440","targetHints":{"allow":["GET"]}}],"collection":[{"href":"https:\/\/cciola-fashion.com\/pt\/wp-json\/wp\/v2\/product"}],"about":[{"href":"https:\/\/cciola-fashion.com\/pt\/wp-json\/wp\/v2\/types\/product"}],"version-history":[{"count":1,"href":"https:\/\/cciola-fashion.com\/pt\/wp-json\/wp\/v2\/product\/4440\/revisions"}],"predecessor-version":[{"id":4447,"href":"https:\/\/cciola-fashion.com\/pt\/wp-json\/wp\/v2\/product\/4440\/revisions\/4447"}],"wp:featuredmedia":[{"embeddable":true,"href":"https:\/\/cciola-fashion.com\/pt\/wp-json\/wp\/v2\/media\/4441"}],"wp:attachment":[{"href":"https:\/\/cciola-fashion.com\/pt\/wp-json\/wp\/v2\/media?parent=4440"}],"wp:term":[{"taxonomy":"product_brand","embeddable":true,"href":"https:\/\/cciola-fashion.com\/pt\/wp-json\/wp\/v2\/product_brand?post=4440"},{"taxonomy":"product_cat","embeddable":true,"href":"https:\/\/cciola-fashion.com\/pt\/wp-json\/wp\/v2\/product_cat?post=4440"},{"taxonomy":"product_tag","embeddable":true,"href":"https:\/\/cciola-fashion.com\/pt\/wp-json\/wp\/v2\/product_tag?post=4440"}],"curies":[{"name":"wp","href":"https:\/\/api.w.org\/{rel}","templated":true}]}}