{"id":4432,"date":"2025-06-27T10:04:01","date_gmt":"2025-06-27T02:04:01","guid":{"rendered":"https:\/\/cciola-fashion.com\/?post_type=product&#038;p=4432"},"modified":"2025-06-27T10:04:01","modified_gmt":"2025-06-27T02:04:01","slug":"padded-vest","status":"publish","type":"product","link":"https:\/\/cciola-fashion.com\/pt\/padded-vest.html","title":{"rendered":"Colete acolchoado"},"content":{"rendered":"<p>Este \u00e9 um colete acolchoado de comprimento m\u00e9dio para mulheres.<\/p>\n<p>O corpo principal \u00e9 roxo escuro e tem um design com capuz.<\/p>\n<p>A corda do capuz tem uma fita estampada para adicionar detalhes.<\/p>\n<p>A gola alta \u00e9 equipada com um z\u00edper para facilitar na hora de vestir e tirar.<\/p>\n<p>A superf\u00edcie \u00e9 cuidadosamente acolchoada e o enchimento \u00e9 farto e fofo.<\/p>\n<p>H\u00e1 bolsos em ambos os lados, que s\u00e3o fechados com bot\u00f5es nos dentes dos bolsos.<\/p>\n<p>\u00c9 pr\u00e1tico e decorativo, com um estilo geral simples e generoso.<\/p>\n<p>\u00c9 adequado para ser usado com roupas \u00edntimas no outono e no inverno, al\u00e9m de ser quente e elegante.<\/p>","protected":false},"excerpt":{"rendered":"<p>Podemos oferecer servi\u00e7o OEM.<\/p>\n<p>Concha: 100%poli\u00e9ster<\/p>\n<p>Enchimento: 100%poli\u00e9ster<\/p>\n<p>Quantidade m\u00ednima: 500 pe\u00e7as<\/p>","protected":false},"featured_media":4433,"template":"","meta":[],"product_brand":[],"product_cat":[218],"product_tag":[],"class_list":{"0":"post-4432","1":"product","2":"type-product","3":"status-publish","4":"has-post-thumbnail","6":"product_cat-ladies-padded-jacket-ladies-clothing-2","8":"first","9":"instock","10":"shipping-taxable","11":"product-type-simple"},"_links":{"self":[{"href":"https:\/\/cciola-fashion.com\/pt\/wp-json\/wp\/v2\/product\/4432","targetHints":{"allow":["GET"]}}],"collection":[{"href":"https:\/\/cciola-fashion.com\/pt\/wp-json\/wp\/v2\/product"}],"about":[{"href":"https:\/\/cciola-fashion.com\/pt\/wp-json\/wp\/v2\/types\/product"}],"version-history":[{"count":1,"href":"https:\/\/cciola-fashion.com\/pt\/wp-json\/wp\/v2\/product\/4432\/revisions"}],"predecessor-version":[{"id":4439,"href":"https:\/\/cciola-fashion.com\/pt\/wp-json\/wp\/v2\/product\/4432\/revisions\/4439"}],"wp:featuredmedia":[{"embeddable":true,"href":"https:\/\/cciola-fashion.com\/pt\/wp-json\/wp\/v2\/media\/4433"}],"wp:attachment":[{"href":"https:\/\/cciola-fashion.com\/pt\/wp-json\/wp\/v2\/media?parent=4432"}],"wp:term":[{"taxonomy":"product_brand","embeddable":true,"href":"https:\/\/cciola-fashion.com\/pt\/wp-json\/wp\/v2\/product_brand?post=4432"},{"taxonomy":"product_cat","embeddable":true,"href":"https:\/\/cciola-fashion.com\/pt\/wp-json\/wp\/v2\/product_cat?post=4432"},{"taxonomy":"product_tag","embeddable":true,"href":"https:\/\/cciola-fashion.com\/pt\/wp-json\/wp\/v2\/product_tag?post=4432"}],"curies":[{"name":"wp","href":"https:\/\/api.w.org\/{rel}","templated":true}]}}