{"id":4424,"date":"2025-06-27T09:49:45","date_gmt":"2025-06-27T01:49:45","guid":{"rendered":"https:\/\/cciola-fashion.com\/?post_type=product&#038;p=4424"},"modified":"2025-06-27T09:49:45","modified_gmt":"2025-06-27T01:49:45","slug":"down-jacket","status":"publish","type":"product","link":"https:\/\/cciola-fashion.com\/pt\/down-jacket.html","title":{"rendered":"Jaqueta de plumas"},"content":{"rendered":"<p>Esta \u00e9 uma jaqueta b\u00e1sica com um estilo simples e a cor geral \u00e9 cinza claro.<br \/>\nEle adota um design de gola alta, que \u00e9 elegante e generoso; a superf\u00edcie tem um padr\u00e3o acolchoado regular e \u00e9 totalmente preenchida, o que n\u00e3o s\u00f3 garante aquecimento, mas tamb\u00e9m torna a vers\u00e3o mais ereta.<br \/>\nO m\u00e9todo de fechamento com z\u00edper e os bolsos ocultos em ambos os lados s\u00e3o pr\u00e1ticos sem destruir a sensa\u00e7\u00e3o de simplicidade e s\u00e3o adequados para uso di\u00e1rio em v\u00e1rios cen\u00e1rios.<br \/>\nTamb\u00e9m pode ser usado como forro de jaqueta \u00e0 prova de vento para lidar com o tempo frio.<\/p>","protected":false},"excerpt":{"rendered":"<p>Podemos oferecer servi\u00e7o OEM.<\/p>\n<p>Cor: cinza claro<\/p>\n<p>Quantidade m\u00ednima: 500 pe\u00e7as<\/p>","protected":false},"featured_media":4425,"template":"","meta":[],"product_brand":[],"product_cat":[169],"product_tag":[],"class_list":{"0":"post-4424","1":"product","2":"type-product","3":"status-publish","4":"has-post-thumbnail","6":"product_cat-mens-padded-jacket","8":"first","9":"instock","10":"shipping-taxable","11":"product-type-simple"},"_links":{"self":[{"href":"https:\/\/cciola-fashion.com\/pt\/wp-json\/wp\/v2\/product\/4424","targetHints":{"allow":["GET"]}}],"collection":[{"href":"https:\/\/cciola-fashion.com\/pt\/wp-json\/wp\/v2\/product"}],"about":[{"href":"https:\/\/cciola-fashion.com\/pt\/wp-json\/wp\/v2\/types\/product"}],"version-history":[{"count":1,"href":"https:\/\/cciola-fashion.com\/pt\/wp-json\/wp\/v2\/product\/4424\/revisions"}],"predecessor-version":[{"id":4429,"href":"https:\/\/cciola-fashion.com\/pt\/wp-json\/wp\/v2\/product\/4424\/revisions\/4429"}],"wp:featuredmedia":[{"embeddable":true,"href":"https:\/\/cciola-fashion.com\/pt\/wp-json\/wp\/v2\/media\/4425"}],"wp:attachment":[{"href":"https:\/\/cciola-fashion.com\/pt\/wp-json\/wp\/v2\/media?parent=4424"}],"wp:term":[{"taxonomy":"product_brand","embeddable":true,"href":"https:\/\/cciola-fashion.com\/pt\/wp-json\/wp\/v2\/product_brand?post=4424"},{"taxonomy":"product_cat","embeddable":true,"href":"https:\/\/cciola-fashion.com\/pt\/wp-json\/wp\/v2\/product_cat?post=4424"},{"taxonomy":"product_tag","embeddable":true,"href":"https:\/\/cciola-fashion.com\/pt\/wp-json\/wp\/v2\/product_tag?post=4424"}],"curies":[{"name":"wp","href":"https:\/\/api.w.org\/{rel}","templated":true}]}}