{"id":4417,"date":"2025-06-27T09:07:44","date_gmt":"2025-06-27T01:07:44","guid":{"rendered":"https:\/\/cciola-fashion.com\/?post_type=product&#038;p=4417"},"modified":"2025-06-27T09:07:44","modified_gmt":"2025-06-27T01:07:44","slug":"workwear-jacket","status":"publish","type":"product","link":"https:\/\/cciola-fashion.com\/pt\/workwear-jacket.html","title":{"rendered":"Jaqueta de trabalho"},"content":{"rendered":"<p>Esta \u00e9 uma jaqueta de trabalho do Burger King.<\/p>\n<p>O tecido principal \u00e9 bord\u00f4, e o forro, o z\u00edper, a bainha e outros detalhes s\u00e3o amarelos, criando um efeito contrastante.<\/p>\n<p>Esta jaqueta pode ser usada de duas maneiras, e as mangas s\u00e3o remov\u00edveis e conectadas por um z\u00edper.<\/p>\n<p>H\u00e1 uma estampa da marca Burger King no peito esquerdo, destacando a funcionalidade da jaqueta.<\/p>\n<p>O estilo geral \u00e9 pr\u00e1tico e semelhante ao de uma roupa de trabalho, adequado para ambientes di\u00e1rios ou de trabalho.<\/p>","protected":false},"excerpt":{"rendered":"<p>Podemos oferecer servi\u00e7o OEM\/ODM.<\/p>\n<p>Concha: Nylon<\/p>\n<p>Quantidade m\u00ednima: 500 pe\u00e7as<\/p>\n<p>Cor: cor de contraste<\/p>","protected":false},"featured_media":4418,"template":"","meta":[],"product_brand":[],"product_cat":[169],"product_tag":[],"class_list":{"0":"post-4417","1":"product","2":"type-product","3":"status-publish","4":"has-post-thumbnail","6":"product_cat-mens-padded-jacket","8":"first","9":"instock","10":"shipping-taxable","11":"product-type-simple"},"_links":{"self":[{"href":"https:\/\/cciola-fashion.com\/pt\/wp-json\/wp\/v2\/product\/4417","targetHints":{"allow":["GET"]}}],"collection":[{"href":"https:\/\/cciola-fashion.com\/pt\/wp-json\/wp\/v2\/product"}],"about":[{"href":"https:\/\/cciola-fashion.com\/pt\/wp-json\/wp\/v2\/types\/product"}],"version-history":[{"count":1,"href":"https:\/\/cciola-fashion.com\/pt\/wp-json\/wp\/v2\/product\/4417\/revisions"}],"predecessor-version":[{"id":4423,"href":"https:\/\/cciola-fashion.com\/pt\/wp-json\/wp\/v2\/product\/4417\/revisions\/4423"}],"wp:featuredmedia":[{"embeddable":true,"href":"https:\/\/cciola-fashion.com\/pt\/wp-json\/wp\/v2\/media\/4418"}],"wp:attachment":[{"href":"https:\/\/cciola-fashion.com\/pt\/wp-json\/wp\/v2\/media?parent=4417"}],"wp:term":[{"taxonomy":"product_brand","embeddable":true,"href":"https:\/\/cciola-fashion.com\/pt\/wp-json\/wp\/v2\/product_brand?post=4417"},{"taxonomy":"product_cat","embeddable":true,"href":"https:\/\/cciola-fashion.com\/pt\/wp-json\/wp\/v2\/product_cat?post=4417"},{"taxonomy":"product_tag","embeddable":true,"href":"https:\/\/cciola-fashion.com\/pt\/wp-json\/wp\/v2\/product_tag?post=4417"}],"curies":[{"name":"wp","href":"https:\/\/api.w.org\/{rel}","templated":true}]}}