{"id":4410,"date":"2025-06-26T19:00:12","date_gmt":"2025-06-26T11:00:12","guid":{"rendered":"https:\/\/cciola-fashion.com\/?post_type=product&#038;p=4410"},"modified":"2025-06-26T19:00:12","modified_gmt":"2025-06-26T11:00:12","slug":"blue-hooded-padding-jacket","status":"publish","type":"product","link":"https:\/\/cciola-fashion.com\/pt\/blue-hooded-padding-jacket.html","title":{"rendered":"Jaqueta acolchoada com capuz azul"},"content":{"rendered":"<p>Esta \u00e9 uma jaqueta acolchoada azul com capuz e um design acolchoado cl\u00e1ssico. \u00c9 bem acolchoada, fofa e ret\u00e9m bem o calor.<\/p>\n<p>O capuz tem um cord\u00e3o e um ajustador de corda para ajustar o aperto do capuz, o que aumenta a praticidade e o estilo.<\/p>\n<p>O capuz tem veludo PV como forro, que \u00e9 mais \u00e0 prova de vento e quente.<\/p>\n<p>O fecho de z\u00edper facilita a coloca\u00e7\u00e3o e a retirada. Os bolsos laterais t\u00eam z\u00edper para evitar que objetos caiam. O bolso interno com z\u00edper aumenta o espa\u00e7o de armazenamento.<\/p>\n<p>Os punhos s\u00e3o emendados com tecido canelado na mesma cor, que \u00e9 mais corta-vento e quente.<\/p>\n<p>O design geral \u00e9 simples e elegante, adequado para uso di\u00e1rio \u00e0 prova de frio.<\/p>","protected":false},"excerpt":{"rendered":"<p>Podemos oferecer servi\u00e7o OEM.<\/p>\n<p>Quantidade m\u00ednima: 500 pe\u00e7as<\/p>","protected":false},"featured_media":4411,"template":"","meta":[],"product_brand":[],"product_cat":[218],"product_tag":[],"class_list":{"0":"post-4410","1":"product","2":"type-product","3":"status-publish","4":"has-post-thumbnail","6":"product_cat-ladies-padded-jacket-ladies-clothing-2","8":"first","9":"instock","10":"shipping-taxable","11":"product-type-simple"},"_links":{"self":[{"href":"https:\/\/cciola-fashion.com\/pt\/wp-json\/wp\/v2\/product\/4410","targetHints":{"allow":["GET"]}}],"collection":[{"href":"https:\/\/cciola-fashion.com\/pt\/wp-json\/wp\/v2\/product"}],"about":[{"href":"https:\/\/cciola-fashion.com\/pt\/wp-json\/wp\/v2\/types\/product"}],"version-history":[{"count":1,"href":"https:\/\/cciola-fashion.com\/pt\/wp-json\/wp\/v2\/product\/4410\/revisions"}],"predecessor-version":[{"id":4416,"href":"https:\/\/cciola-fashion.com\/pt\/wp-json\/wp\/v2\/product\/4410\/revisions\/4416"}],"wp:featuredmedia":[{"embeddable":true,"href":"https:\/\/cciola-fashion.com\/pt\/wp-json\/wp\/v2\/media\/4411"}],"wp:attachment":[{"href":"https:\/\/cciola-fashion.com\/pt\/wp-json\/wp\/v2\/media?parent=4410"}],"wp:term":[{"taxonomy":"product_brand","embeddable":true,"href":"https:\/\/cciola-fashion.com\/pt\/wp-json\/wp\/v2\/product_brand?post=4410"},{"taxonomy":"product_cat","embeddable":true,"href":"https:\/\/cciola-fashion.com\/pt\/wp-json\/wp\/v2\/product_cat?post=4410"},{"taxonomy":"product_tag","embeddable":true,"href":"https:\/\/cciola-fashion.com\/pt\/wp-json\/wp\/v2\/product_tag?post=4410"}],"curies":[{"name":"wp","href":"https:\/\/api.w.org\/{rel}","templated":true}]}}