{"id":4389,"date":"2025-06-24T18:51:21","date_gmt":"2025-06-24T10:51:21","guid":{"rendered":"https:\/\/cciola-fashion.com\/?post_type=product&#038;p=4389"},"modified":"2025-06-24T18:51:21","modified_gmt":"2025-06-24T10:51:21","slug":"padding-jacket","status":"publish","type":"product","link":"https:\/\/cciola-fashion.com\/pt\/padding-jacket.html","title":{"rendered":"Jaqueta acolchoada"},"content":{"rendered":"<p>Esta \u00e9 uma jaqueta acolchoada preta com gola alta, com um design simples e pr\u00e1tico, adequada para deslocamentos di\u00e1rios ou situa\u00e7\u00f5es de lazer:<br \/>\nVers\u00e3o e estilo: vers\u00e3o curta e ajustada, gola alta elegante, o estilo geral tende a ser casual cl\u00e1ssico e profissional leve, adequado para uma variedade de cen\u00e1rios de uso.<br \/>\nTecido e acabamento: A camada externa \u00e9 feita de tecido macio e \u00e0 prova de vento, com linhas de acolchoamento regulares na superf\u00edcie, o que n\u00e3o apenas fixa o algod\u00e3o do enchimento, evita o velo, mas tamb\u00e9m melhora a sensa\u00e7\u00e3o tridimensional; o enchimento tem maciez moderada, levando em considera\u00e7\u00e3o o calor e a leveza.<br \/>\nProjeto detalhado:<br \/>\nA abertura \u00e9 fechada com bot\u00f5es de press\u00e3o de metal para facilitar a coloca\u00e7\u00e3o e retirada;<br \/>\nH\u00e1 um bolso com z\u00edper na parte frontal do peito e um bolso com aba de press\u00e3o em cada lado da bainha para acomodar o armazenamento de pequenos itens e enriquecer o n\u00edvel visual;<br \/>\nH\u00e1 um forro na parte interna do decote, que se ajusta melhor ao pesco\u00e7o e tamb\u00e9m aumenta o aquecimento.<\/p>","protected":false},"excerpt":{"rendered":"<p>Podemos oferecer servi\u00e7o OEM.<\/p>\n<p>Casca: 100%Nylon<\/p>\n<p>Enchimento: imita\u00e7\u00e3o de penugem<\/p>\n<p>Quantidade m\u00ednima: 500 pe\u00e7as<\/p>","protected":false},"featured_media":4390,"template":"","meta":[],"product_brand":[],"product_cat":[169],"product_tag":[],"class_list":{"0":"post-4389","1":"product","2":"type-product","3":"status-publish","4":"has-post-thumbnail","6":"product_cat-mens-padded-jacket","8":"first","9":"instock","10":"shipping-taxable","11":"product-type-simple"},"_links":{"self":[{"href":"https:\/\/cciola-fashion.com\/pt\/wp-json\/wp\/v2\/product\/4389","targetHints":{"allow":["GET"]}}],"collection":[{"href":"https:\/\/cciola-fashion.com\/pt\/wp-json\/wp\/v2\/product"}],"about":[{"href":"https:\/\/cciola-fashion.com\/pt\/wp-json\/wp\/v2\/types\/product"}],"version-history":[{"count":1,"href":"https:\/\/cciola-fashion.com\/pt\/wp-json\/wp\/v2\/product\/4389\/revisions"}],"predecessor-version":[{"id":4392,"href":"https:\/\/cciola-fashion.com\/pt\/wp-json\/wp\/v2\/product\/4389\/revisions\/4392"}],"wp:featuredmedia":[{"embeddable":true,"href":"https:\/\/cciola-fashion.com\/pt\/wp-json\/wp\/v2\/media\/4390"}],"wp:attachment":[{"href":"https:\/\/cciola-fashion.com\/pt\/wp-json\/wp\/v2\/media?parent=4389"}],"wp:term":[{"taxonomy":"product_brand","embeddable":true,"href":"https:\/\/cciola-fashion.com\/pt\/wp-json\/wp\/v2\/product_brand?post=4389"},{"taxonomy":"product_cat","embeddable":true,"href":"https:\/\/cciola-fashion.com\/pt\/wp-json\/wp\/v2\/product_cat?post=4389"},{"taxonomy":"product_tag","embeddable":true,"href":"https:\/\/cciola-fashion.com\/pt\/wp-json\/wp\/v2\/product_tag?post=4389"}],"curies":[{"name":"wp","href":"https:\/\/api.w.org\/{rel}","templated":true}]}}