{"id":4385,"date":"2025-06-24T18:39:16","date_gmt":"2025-06-24T10:39:16","guid":{"rendered":"https:\/\/cciola-fashion.com\/?post_type=product&#038;p=4385"},"modified":"2025-06-24T18:39:17","modified_gmt":"2025-06-24T10:39:17","slug":"corduroy-jacket","status":"publish","type":"product","link":"https:\/\/cciola-fashion.com\/pt\/corduroy-jacket.html","title":{"rendered":"Jaqueta de veludo cotel\u00ea"},"content":{"rendered":"<p>Esta \u00e9 uma jaqueta de veludo cotel\u00ea com cor geral cinza escuro e forro de pele de cordeiro para adicionar calor e design.<\/p>\n<p>A jaqueta tem bolsos cl\u00e1ssicos no estilo de jaqueta jeans e bot\u00f5es de metal, o que \u00e9 simples e retr\u00f4.<\/p>\n<p>\u00c9 adequado para uso di\u00e1rio e pode ser facilmente adaptado a uma variedade de estilos, exibindo um estilo casual ou retr\u00f4.<\/p>","protected":false},"excerpt":{"rendered":"<p>Podemos oferecer servi\u00e7o OEM.<\/p>\n<p>Tecido: veludo cotel\u00ea<\/p>\n<p>Forro: imita\u00e7\u00e3o de sherpa<\/p>\n<p>Quantidade m\u00ednima: 500 pe\u00e7as<\/p>","protected":false},"featured_media":4386,"template":"","meta":[],"product_brand":[],"product_cat":[170],"product_tag":[],"class_list":{"0":"post-4385","1":"product","2":"type-product","3":"status-publish","4":"has-post-thumbnail","6":"product_cat-mens-jacket","8":"first","9":"instock","10":"shipping-taxable","11":"product-type-simple"},"_links":{"self":[{"href":"https:\/\/cciola-fashion.com\/pt\/wp-json\/wp\/v2\/product\/4385","targetHints":{"allow":["GET"]}}],"collection":[{"href":"https:\/\/cciola-fashion.com\/pt\/wp-json\/wp\/v2\/product"}],"about":[{"href":"https:\/\/cciola-fashion.com\/pt\/wp-json\/wp\/v2\/types\/product"}],"version-history":[{"count":1,"href":"https:\/\/cciola-fashion.com\/pt\/wp-json\/wp\/v2\/product\/4385\/revisions"}],"predecessor-version":[{"id":4388,"href":"https:\/\/cciola-fashion.com\/pt\/wp-json\/wp\/v2\/product\/4385\/revisions\/4388"}],"wp:featuredmedia":[{"embeddable":true,"href":"https:\/\/cciola-fashion.com\/pt\/wp-json\/wp\/v2\/media\/4386"}],"wp:attachment":[{"href":"https:\/\/cciola-fashion.com\/pt\/wp-json\/wp\/v2\/media?parent=4385"}],"wp:term":[{"taxonomy":"product_brand","embeddable":true,"href":"https:\/\/cciola-fashion.com\/pt\/wp-json\/wp\/v2\/product_brand?post=4385"},{"taxonomy":"product_cat","embeddable":true,"href":"https:\/\/cciola-fashion.com\/pt\/wp-json\/wp\/v2\/product_cat?post=4385"},{"taxonomy":"product_tag","embeddable":true,"href":"https:\/\/cciola-fashion.com\/pt\/wp-json\/wp\/v2\/product_tag?post=4385"}],"curies":[{"name":"wp","href":"https:\/\/api.w.org\/{rel}","templated":true}]}}