{"id":4379,"date":"2025-06-19T10:57:40","date_gmt":"2025-06-19T02:57:40","guid":{"rendered":"https:\/\/cciola-fashion.com\/?post_type=product&#038;p=4379"},"modified":"2025-06-19T10:57:41","modified_gmt":"2025-06-19T02:57:41","slug":"mens-shiny-hooded-puffer-jacket","status":"publish","type":"product","link":"https:\/\/cciola-fashion.com\/pt\/mens-shiny-hooded-puffer-jacket.html","title":{"rendered":"Jaqueta masculina com capuz brilhante"},"content":{"rendered":"<p>Esta \u00e9 uma jaqueta masculina de algod\u00e3o brilhante com capuz, o design geral \u00e9 moderno e pr\u00e1tico.<\/p>\n<p>Esta jaqueta de inverno masculina \u00e9 altamente reconhec\u00edvel e demonstra um senso de moda.<\/p>\n<p>O estilo com capuz aumenta a praticidade e pode proteger a cabe\u00e7a em condi\u00e7\u00f5es clim\u00e1ticas vari\u00e1veis.<\/p>\n<p>O processo de acolchoamento forma um padr\u00e3o xadrez regular, que n\u00e3o apenas fixa o enchimento e evita o deslocamento, mas tamb\u00e9m melhora o n\u00edvel visual.<\/p>\n<p>A abertura e o fechamento do z\u00edper s\u00e3o f\u00e1ceis de colocar e tirar, e h\u00e1 bolsos em ambos os lados para guardar itens pequenos.<\/p>\n<p>\u00c9 adequado para viagens di\u00e1rias, uso urbano e outras situa\u00e7\u00f5es, mantendo-se aquecido e ao mesmo tempo exibindo estilo individual.<\/p>\n<p><img fetchpriority=\"high\" decoding=\"async\" src=\"https:\/\/cciola-fashion.com\/wp-content\/uploads\/2025\/05\/\u5de5\u5382-1024x684.jpg\" alt=\"f\u00e1brica\" width=\"519\" height=\"347\" \/><img decoding=\"async\" class=\"\" src=\"https:\/\/cciola-fashion.com\/wp-content\/uploads\/2025\/05\/packaging2.jpg\" alt=\"\" width=\"453\" height=\"345\" \/><\/p>\n<p>&nbsp;<\/p>\n<p>\u2705pre\u00e7o competitivo<\/p>\n<p>Como fabricante direto, podemos oferecer pre\u00e7os mais competitivos. Al\u00e9m disso, nossa localiza\u00e7\u00e3o fica na parte central da China, e os custos de m\u00e3o de obra s\u00e3o 50% mais baixos do que na \u00e1rea costeira.<\/p>\n<p>\u2705 Log\u00edstica Eficiente<\/p>\n<p>Henan est\u00e1 localizada nas Plan\u00edcies Centrais, com o Aeroporto de Zhengzhou, o China-Europe Express, a rede ferrovi\u00e1ria nacional de alta velocidade em forma de cruz e uma densa rede rodovi\u00e1ria, baixos custos log\u00edsticos e entrega r\u00e1pida.<\/p>\n<p>\u2705 OEM\/ODM completo<\/p>\n<p>Servi\u00e7o<\/p>\n<p>De pacotes de tecnologia e amostragem a embalagens e remessas globais<\/p>\n<p>\u2705 Capacidades de f\u00e1brica<\/p>\n<p>1 f\u00e1brica pr\u00f3pria e muitas f\u00e1bricas cooperativas de alta qualidade | Trabalhadores experientes | Equipamentos de produ\u00e7\u00e3o avan\u00e7ados.<\/p>","protected":false},"excerpt":{"rendered":"<p>Podemos oferecer servi\u00e7o OEM.<\/p>\n<p>Quantidade m\u00ednima: 500 pe\u00e7as<\/p>\n<p>Cor: Personalizado<\/p>","protected":false},"featured_media":4380,"template":"","meta":[],"product_brand":[],"product_cat":[169],"product_tag":[],"class_list":{"0":"post-4379","1":"product","2":"type-product","3":"status-publish","4":"has-post-thumbnail","6":"product_cat-mens-padded-jacket","8":"first","9":"instock","10":"shipping-taxable","11":"product-type-simple"},"_links":{"self":[{"href":"https:\/\/cciola-fashion.com\/pt\/wp-json\/wp\/v2\/product\/4379","targetHints":{"allow":["GET"]}}],"collection":[{"href":"https:\/\/cciola-fashion.com\/pt\/wp-json\/wp\/v2\/product"}],"about":[{"href":"https:\/\/cciola-fashion.com\/pt\/wp-json\/wp\/v2\/types\/product"}],"version-history":[{"count":1,"href":"https:\/\/cciola-fashion.com\/pt\/wp-json\/wp\/v2\/product\/4379\/revisions"}],"predecessor-version":[{"id":4382,"href":"https:\/\/cciola-fashion.com\/pt\/wp-json\/wp\/v2\/product\/4379\/revisions\/4382"}],"wp:featuredmedia":[{"embeddable":true,"href":"https:\/\/cciola-fashion.com\/pt\/wp-json\/wp\/v2\/media\/4380"}],"wp:attachment":[{"href":"https:\/\/cciola-fashion.com\/pt\/wp-json\/wp\/v2\/media?parent=4379"}],"wp:term":[{"taxonomy":"product_brand","embeddable":true,"href":"https:\/\/cciola-fashion.com\/pt\/wp-json\/wp\/v2\/product_brand?post=4379"},{"taxonomy":"product_cat","embeddable":true,"href":"https:\/\/cciola-fashion.com\/pt\/wp-json\/wp\/v2\/product_cat?post=4379"},{"taxonomy":"product_tag","embeddable":true,"href":"https:\/\/cciola-fashion.com\/pt\/wp-json\/wp\/v2\/product_tag?post=4379"}],"curies":[{"name":"wp","href":"https:\/\/api.w.org\/{rel}","templated":true}]}}