{"id":4366,"date":"2025-06-19T10:17:30","date_gmt":"2025-06-19T02:17:30","guid":{"rendered":"https:\/\/cciola-fashion.com\/?post_type=product&#038;p=4366"},"modified":"2025-06-19T10:17:30","modified_gmt":"2025-06-19T02:17:30","slug":"mens-hooded-patchwork-jacket","status":"publish","type":"product","link":"https:\/\/cciola-fashion.com\/pt\/mens-hooded-patchwork-jacket.html","title":{"rendered":"Jaqueta Patchwork com Capuz Masculina"},"content":{"rendered":"<p>Esta \u00e9 uma jaqueta masculina patchwork com capuz, o estilo geral \u00e9 casual e pr\u00e1tico.<\/p>\n<p>A parte principal \u00e9 feita de algod\u00e3o acolchoado, e o forro \u00e9 preenchido com enchimento, o que n\u00e3o s\u00f3 acrescenta uma sensa\u00e7\u00e3o de camadas, mas tamb\u00e9m ajuda a manter a temperatura.<\/p>\n<p>A cor \u00e9 cinza escuro, discreta e f\u00e1cil de combinar. As mangas s\u00e3o feitas de tecido el\u00e1stico preto, que forma uma jun\u00e7\u00e3o de material e cor com o corpo principal, adicionando um toque de design e tornando os bra\u00e7os mais flex\u00edveis.<\/p>\n<p>O design com capuz pode fornecer prote\u00e7\u00e3o quando necess\u00e1rio, o fecho de z\u00edper \u00e9 f\u00e1cil de colocar e tirar, e o canelado na bainha e nos punhos \u00e9 \u00e0 prova de vento e se ajusta ao formato do corpo.<\/p>\n<p>\u00c9 adequado para viagens di\u00e1rias, atividades leves ao ar livre e outros cen\u00e1rios. \u00c9 simples, pr\u00e1tico e elegante.<\/p>\n<p><img fetchpriority=\"high\" decoding=\"async\" src=\"https:\/\/cciola-fashion.com\/wp-content\/uploads\/2025\/05\/\u5de5\u5382-1024x684.jpg\" alt=\"f\u00e1brica\" width=\"519\" height=\"347\" \/><img decoding=\"async\" class=\"\" src=\"https:\/\/cciola-fashion.com\/wp-content\/uploads\/2025\/05\/packaging2.jpg\" alt=\"\" width=\"453\" height=\"345\" \/><\/p>\n<p>&nbsp;<\/p>\n<p>\u2705pre\u00e7o competitivo<\/p>\n<p>Como fabricante direto, podemos oferecer pre\u00e7os mais competitivos. Al\u00e9m disso, nossa localiza\u00e7\u00e3o fica na parte central da China, e os custos de m\u00e3o de obra s\u00e3o 50% mais baixos do que na \u00e1rea costeira.<\/p>\n<p>\u2705 Log\u00edstica Eficiente<\/p>\n<p>Henan est\u00e1 localizada nas Plan\u00edcies Centrais, com o Aeroporto de Zhengzhou, o China-Europe Express, a rede ferrovi\u00e1ria nacional de alta velocidade em forma de cruz e uma densa rede rodovi\u00e1ria, baixos custos log\u00edsticos e entrega r\u00e1pida.<\/p>\n<p>\u2705 OEM\/ODM completo<\/p>\n<p>Servi\u00e7o<\/p>\n<p>De pacotes de tecnologia e amostragem a embalagens e remessas globais<\/p>\n<p>\u2705 Capacidades de f\u00e1brica<\/p>\n<p>1 f\u00e1brica pr\u00f3pria e muitas f\u00e1bricas cooperativas de alta qualidade | Trabalhadores experientes | Equipamentos de produ\u00e7\u00e3o avan\u00e7ados.<\/p>","protected":false},"excerpt":{"rendered":"<p>Podemos oferecer servi\u00e7o OEM.<\/p>\n<p>Quantidade m\u00ednima: 500 pe\u00e7as<\/p>","protected":false},"featured_media":4367,"template":"","meta":[],"product_brand":[],"product_cat":[169],"product_tag":[],"class_list":{"0":"post-4366","1":"product","2":"type-product","3":"status-publish","4":"has-post-thumbnail","6":"product_cat-mens-padded-jacket","8":"first","9":"instock","10":"shipping-taxable","11":"product-type-simple"},"_links":{"self":[{"href":"https:\/\/cciola-fashion.com\/pt\/wp-json\/wp\/v2\/product\/4366","targetHints":{"allow":["GET"]}}],"collection":[{"href":"https:\/\/cciola-fashion.com\/pt\/wp-json\/wp\/v2\/product"}],"about":[{"href":"https:\/\/cciola-fashion.com\/pt\/wp-json\/wp\/v2\/types\/product"}],"version-history":[{"count":1,"href":"https:\/\/cciola-fashion.com\/pt\/wp-json\/wp\/v2\/product\/4366\/revisions"}],"predecessor-version":[{"id":4369,"href":"https:\/\/cciola-fashion.com\/pt\/wp-json\/wp\/v2\/product\/4366\/revisions\/4369"}],"wp:featuredmedia":[{"embeddable":true,"href":"https:\/\/cciola-fashion.com\/pt\/wp-json\/wp\/v2\/media\/4367"}],"wp:attachment":[{"href":"https:\/\/cciola-fashion.com\/pt\/wp-json\/wp\/v2\/media?parent=4366"}],"wp:term":[{"taxonomy":"product_brand","embeddable":true,"href":"https:\/\/cciola-fashion.com\/pt\/wp-json\/wp\/v2\/product_brand?post=4366"},{"taxonomy":"product_cat","embeddable":true,"href":"https:\/\/cciola-fashion.com\/pt\/wp-json\/wp\/v2\/product_cat?post=4366"},{"taxonomy":"product_tag","embeddable":true,"href":"https:\/\/cciola-fashion.com\/pt\/wp-json\/wp\/v2\/product_tag?post=4366"}],"curies":[{"name":"wp","href":"https:\/\/api.w.org\/{rel}","templated":true}]}}