{"id":4356,"date":"2025-06-18T14:48:56","date_gmt":"2025-06-18T06:48:56","guid":{"rendered":"https:\/\/cciola-fashion.com\/?post_type=product&#038;p=4356"},"modified":"2025-06-18T14:48:57","modified_gmt":"2025-06-18T06:48:57","slug":"jaqueta-puffer-para-meninos","status":"publish","type":"product","link":"https:\/\/cciola-fashion.com\/pt\/jaqueta-puffer-para-meninos-html","title":{"rendered":"Jaqueta Puffer para Meninos"},"content":{"rendered":"<p>Esta \u00e9 uma jaqueta puffer para menino, a cor geral \u00e9 verde militar.<\/p>\n<p>O design com capuz e a decora\u00e7\u00e3o da gola de pele na aba acrescentam calor e um toque de moda.<\/p>\n<p>A carcela \u00e9 fechada com bot\u00f5es de press\u00e3o, o que \u00e9 simples e pr\u00e1tico.<\/p>\n<p>O corpo da jaqueta tem v\u00e1rios bolsos, incluindo bolsos grandes sim\u00e9tricos, que s\u00e3o convenientes para guardar itens pequenos.<\/p>\n<p>O estilo da roupa de trabalho \u00e9 \u00f3bvio, adequado para uso no outono e inverno, pode fornecer prote\u00e7\u00e3o t\u00e9rmica \u00e0s crian\u00e7as e atender \u00e0s necessidades de atividades di\u00e1rias e cen\u00e1rios ao ar livre.<\/p>","protected":false},"excerpt":{"rendered":"<p>Podemos oferecer servi\u00e7o OEM.<\/p>\n<p>Cor: Verde<\/p>\n<p>Tamanho: Personalizado<\/p>\n<p>Quantidade m\u00ednima: 500 pe\u00e7as<\/p>","protected":false},"featured_media":4357,"template":"","meta":[],"product_brand":[],"product_cat":[181],"product_tag":[],"class_list":{"0":"post-4356","1":"product","2":"type-product","3":"status-publish","4":"has-post-thumbnail","6":"product_cat-boys-padded-jacket","8":"first","9":"instock","10":"shipping-taxable","11":"product-type-simple"},"_links":{"self":[{"href":"https:\/\/cciola-fashion.com\/pt\/wp-json\/wp\/v2\/product\/4356","targetHints":{"allow":["GET"]}}],"collection":[{"href":"https:\/\/cciola-fashion.com\/pt\/wp-json\/wp\/v2\/product"}],"about":[{"href":"https:\/\/cciola-fashion.com\/pt\/wp-json\/wp\/v2\/types\/product"}],"version-history":[{"count":1,"href":"https:\/\/cciola-fashion.com\/pt\/wp-json\/wp\/v2\/product\/4356\/revisions"}],"predecessor-version":[{"id":4359,"href":"https:\/\/cciola-fashion.com\/pt\/wp-json\/wp\/v2\/product\/4356\/revisions\/4359"}],"wp:featuredmedia":[{"embeddable":true,"href":"https:\/\/cciola-fashion.com\/pt\/wp-json\/wp\/v2\/media\/4357"}],"wp:attachment":[{"href":"https:\/\/cciola-fashion.com\/pt\/wp-json\/wp\/v2\/media?parent=4356"}],"wp:term":[{"taxonomy":"product_brand","embeddable":true,"href":"https:\/\/cciola-fashion.com\/pt\/wp-json\/wp\/v2\/product_brand?post=4356"},{"taxonomy":"product_cat","embeddable":true,"href":"https:\/\/cciola-fashion.com\/pt\/wp-json\/wp\/v2\/product_cat?post=4356"},{"taxonomy":"product_tag","embeddable":true,"href":"https:\/\/cciola-fashion.com\/pt\/wp-json\/wp\/v2\/product_tag?post=4356"}],"curies":[{"name":"wp","href":"https:\/\/api.w.org\/{rel}","templated":true}]}}