{"id":4352,"date":"2025-06-18T14:35:35","date_gmt":"2025-06-18T06:35:35","guid":{"rendered":"https:\/\/cciola-fashion.com\/?post_type=product&#038;p=4352"},"modified":"2025-06-18T14:35:35","modified_gmt":"2025-06-18T06:35:35","slug":"jaqueta-puffer-feminina-vermelha","status":"publish","type":"product","link":"https:\/\/cciola-fashion.com\/pt\/jaqueta-puffer-feminina-vermelha-html","title":{"rendered":"Jaqueta Puffer Feminina Vermelha"},"content":{"rendered":"<p>Este \u00e9 um colete feminino, o corpo principal \u00e9 bord\u00f4, com um design de gola alta, que pode efetivamente prevenir o vento e manter o calor.<\/p>\n<p>A superf\u00edcie \u00e9 cuidadosamente acolchoada com quadrados e bem preenchida, o que \u00e9 moderno e aconchegante.<\/p>\n<p>H\u00e1 um z\u00edper na abertura para facilitar na hora de vestir e tirar; h\u00e1 bolsos com z\u00edper em ambos os lados, que s\u00e3o pr\u00e1ticos e bonitos.<\/p>\n<p>O estilo geral \u00e9 adequado para o outono e o inverno.<\/p>\n<p>Ele pode ser usado como um colete externo para adicionar uma sensa\u00e7\u00e3o de camadas \u00e0 roupa, suprir a necessidade de aquecimento e mostrar um temperamento simples e generoso.<\/p>","protected":false},"excerpt":{"rendered":"<p>Podemos oferecer servi\u00e7o OEM.<\/p>\n<p>Estilo: Casual<\/p>\n<p>Cor: Personalizado<\/p>\n<p>Quantidade m\u00ednima: 500 pe\u00e7as<\/p>","protected":false},"featured_media":4353,"template":"","meta":[],"product_brand":[],"product_cat":[218],"product_tag":[],"class_list":{"0":"post-4352","1":"product","2":"type-product","3":"status-publish","4":"has-post-thumbnail","6":"product_cat-ladies-padded-jacket-ladies-clothing-2","8":"first","9":"instock","10":"shipping-taxable","11":"product-type-simple"},"_links":{"self":[{"href":"https:\/\/cciola-fashion.com\/pt\/wp-json\/wp\/v2\/product\/4352","targetHints":{"allow":["GET"]}}],"collection":[{"href":"https:\/\/cciola-fashion.com\/pt\/wp-json\/wp\/v2\/product"}],"about":[{"href":"https:\/\/cciola-fashion.com\/pt\/wp-json\/wp\/v2\/types\/product"}],"version-history":[{"count":1,"href":"https:\/\/cciola-fashion.com\/pt\/wp-json\/wp\/v2\/product\/4352\/revisions"}],"predecessor-version":[{"id":4355,"href":"https:\/\/cciola-fashion.com\/pt\/wp-json\/wp\/v2\/product\/4352\/revisions\/4355"}],"wp:featuredmedia":[{"embeddable":true,"href":"https:\/\/cciola-fashion.com\/pt\/wp-json\/wp\/v2\/media\/4353"}],"wp:attachment":[{"href":"https:\/\/cciola-fashion.com\/pt\/wp-json\/wp\/v2\/media?parent=4352"}],"wp:term":[{"taxonomy":"product_brand","embeddable":true,"href":"https:\/\/cciola-fashion.com\/pt\/wp-json\/wp\/v2\/product_brand?post=4352"},{"taxonomy":"product_cat","embeddable":true,"href":"https:\/\/cciola-fashion.com\/pt\/wp-json\/wp\/v2\/product_cat?post=4352"},{"taxonomy":"product_tag","embeddable":true,"href":"https:\/\/cciola-fashion.com\/pt\/wp-json\/wp\/v2\/product_tag?post=4352"}],"curies":[{"name":"wp","href":"https:\/\/api.w.org\/{rel}","templated":true}]}}