{"id":4348,"date":"2025-06-18T14:25:16","date_gmt":"2025-06-18T06:25:16","guid":{"rendered":"https:\/\/cciola-fashion.com\/?post_type=product&#038;p=4348"},"modified":"2025-06-18T14:25:17","modified_gmt":"2025-06-18T06:25:17","slug":"outdoor-womens-jacket","status":"publish","type":"product","link":"https:\/\/cciola-fashion.com\/pt\/outdoor-womens-jacket.html","title":{"rendered":"Jaqueta feminina para atividades ao ar livre"},"content":{"rendered":"<p>Esta \u00e9 uma jaqueta feminina para uso ao ar livre com um esquema de cores cinza, azul marinho e branco-sujo.<\/p>\n<p>O estilo \u00e9 simples e elegante.<\/p>\n<p>O design de gola alta e o fecho duplo de carcela \u201cbot\u00e3o + z\u00edper\u201d s\u00e3o pr\u00e1ticos e \u00e0 prova de vento.<\/p>\n<p>H\u00e1 bolsos com cord\u00f5es em ambos os lados, que acrescentam detalhes e s\u00e3o pr\u00e1ticos para armazenamento.<\/p>\n<p>Os punhos s\u00e3o finos, o que os torna elegantes e \u00e0 prova de vento. H\u00e1 um pequeno logotipo da marca na manga para facilitar o reconhecimento.<\/p>\n<p>O design geral \u00e9 adequado para cenas ao ar livre e tamb\u00e9m pode ser usado diariamente, levando em considera\u00e7\u00e3o a funcionalidade e a moda.<\/p>","protected":false},"excerpt":{"rendered":"<p>Podemos oferecer servi\u00e7os OEM e ODM.<\/p>\n<p>Tamanho: Personalizado<\/p>\n<p>Cor: bloco de cores<\/p>\n<p>Estilo: ao ar livre<\/p>\n<p>Quantidade m\u00ednima: 500 pe\u00e7as<\/p>","protected":false},"featured_media":4349,"template":"","meta":[],"product_brand":[],"product_cat":[224],"product_tag":[],"class_list":{"0":"post-4348","1":"product","2":"type-product","3":"status-publish","4":"has-post-thumbnail","6":"product_cat-ladies-jacket-ladies-clothing-2","8":"first","9":"instock","10":"shipping-taxable","11":"product-type-simple"},"_links":{"self":[{"href":"https:\/\/cciola-fashion.com\/pt\/wp-json\/wp\/v2\/product\/4348","targetHints":{"allow":["GET"]}}],"collection":[{"href":"https:\/\/cciola-fashion.com\/pt\/wp-json\/wp\/v2\/product"}],"about":[{"href":"https:\/\/cciola-fashion.com\/pt\/wp-json\/wp\/v2\/types\/product"}],"version-history":[{"count":1,"href":"https:\/\/cciola-fashion.com\/pt\/wp-json\/wp\/v2\/product\/4348\/revisions"}],"predecessor-version":[{"id":4351,"href":"https:\/\/cciola-fashion.com\/pt\/wp-json\/wp\/v2\/product\/4348\/revisions\/4351"}],"wp:featuredmedia":[{"embeddable":true,"href":"https:\/\/cciola-fashion.com\/pt\/wp-json\/wp\/v2\/media\/4349"}],"wp:attachment":[{"href":"https:\/\/cciola-fashion.com\/pt\/wp-json\/wp\/v2\/media?parent=4348"}],"wp:term":[{"taxonomy":"product_brand","embeddable":true,"href":"https:\/\/cciola-fashion.com\/pt\/wp-json\/wp\/v2\/product_brand?post=4348"},{"taxonomy":"product_cat","embeddable":true,"href":"https:\/\/cciola-fashion.com\/pt\/wp-json\/wp\/v2\/product_cat?post=4348"},{"taxonomy":"product_tag","embeddable":true,"href":"https:\/\/cciola-fashion.com\/pt\/wp-json\/wp\/v2\/product_tag?post=4348"}],"curies":[{"name":"wp","href":"https:\/\/api.w.org\/{rel}","templated":true}]}}