{"id":4335,"date":"2025-06-17T15:16:56","date_gmt":"2025-06-17T07:16:56","guid":{"rendered":"https:\/\/cciola-fashion.com\/?post_type=product&#038;p=4335"},"modified":"2025-06-17T15:16:56","modified_gmt":"2025-06-17T07:16:56","slug":"girls-padding-jacket","status":"publish","type":"product","link":"https:\/\/cciola-fashion.com\/pt\/girls-padding-jacket.html","title":{"rendered":"Jaqueta acolchoada para meninas"},"content":{"rendered":"<p>O design com capuz curto \u00e9 fofo e leve, adequado para meninas de 2 a 6 anos de idade.<br \/>\nGola e forro de pele:<br \/>\nA gola de pele na aba \u00e9 de pele de coelho sint\u00e9tica bege claro (macia e n\u00e3o perfurante), que \u00e9 fofa e confort\u00e1vel no rosto, dando ao rostinho \u201caquecimento extra\u201d;<br \/>\nO forro \u00e9 rosa claro (da mesma cor do corpo), suave e agrad\u00e1vel \u00e0 pele, reduzindo a eletricidade est\u00e1tica.<br \/>\nDetalhes do design<br \/>\nDesign com capuz: O chap\u00e9u \u00e9 um capuz integrado e n\u00e3o pode ser removido (design simplificado para evitar que o beb\u00ea o perca), a gola de pele \u00e9 de cor clara, que combina harmoniosamente com o corpo rosa, n\u00e3o parece abrupta e tamb\u00e9m pode deixar a pele do beb\u00ea mais branca.<br \/>\nBolsos e decora\u00e7\u00f5es:<br \/>\nBolsos pequenos invis\u00edveis de dois lados, com pequenas decora\u00e7\u00f5es de bot\u00f5es de press\u00e3o (c\u00edrculos rosa) acima dos bolsos, ecoando o z\u00edper e a gola de pele.<br \/>\nA abertura \u00e9 um z\u00edper de resina lisa, e os punhos e a bainha s\u00e3o levemente el\u00e1sticos, ajustando-se aos pulsos e \u00e0 cintura para bloquear o vento frio;<\/p>","protected":false},"excerpt":{"rendered":"<p>Podemos oferecer servi\u00e7o OEM.<\/p>\n<p>Quantidade m\u00ednima: 500 pe\u00e7as<\/p>\n<p>Tecido: 100% poli\u00e9ster<\/p>","protected":false},"featured_media":4336,"template":"","meta":[],"product_brand":[],"product_cat":[230],"product_tag":[],"class_list":{"0":"post-4335","1":"product","2":"type-product","3":"status-publish","4":"has-post-thumbnail","6":"product_cat-grls-padded-jacket","8":"first","9":"instock","10":"shipping-taxable","11":"product-type-simple"},"_links":{"self":[{"href":"https:\/\/cciola-fashion.com\/pt\/wp-json\/wp\/v2\/product\/4335","targetHints":{"allow":["GET"]}}],"collection":[{"href":"https:\/\/cciola-fashion.com\/pt\/wp-json\/wp\/v2\/product"}],"about":[{"href":"https:\/\/cciola-fashion.com\/pt\/wp-json\/wp\/v2\/types\/product"}],"version-history":[{"count":1,"href":"https:\/\/cciola-fashion.com\/pt\/wp-json\/wp\/v2\/product\/4335\/revisions"}],"predecessor-version":[{"id":4338,"href":"https:\/\/cciola-fashion.com\/pt\/wp-json\/wp\/v2\/product\/4335\/revisions\/4338"}],"wp:featuredmedia":[{"embeddable":true,"href":"https:\/\/cciola-fashion.com\/pt\/wp-json\/wp\/v2\/media\/4336"}],"wp:attachment":[{"href":"https:\/\/cciola-fashion.com\/pt\/wp-json\/wp\/v2\/media?parent=4335"}],"wp:term":[{"taxonomy":"product_brand","embeddable":true,"href":"https:\/\/cciola-fashion.com\/pt\/wp-json\/wp\/v2\/product_brand?post=4335"},{"taxonomy":"product_cat","embeddable":true,"href":"https:\/\/cciola-fashion.com\/pt\/wp-json\/wp\/v2\/product_cat?post=4335"},{"taxonomy":"product_tag","embeddable":true,"href":"https:\/\/cciola-fashion.com\/pt\/wp-json\/wp\/v2\/product_tag?post=4335"}],"curies":[{"name":"wp","href":"https:\/\/api.w.org\/{rel}","templated":true}]}}