{"id":4331,"date":"2025-06-17T15:09:54","date_gmt":"2025-06-17T07:09:54","guid":{"rendered":"https:\/\/cciola-fashion.com\/?post_type=product&#038;p=4331"},"modified":"2025-06-17T15:17:38","modified_gmt":"2025-06-17T07:17:38","slug":"4331","status":"publish","type":"product","link":"https:\/\/cciola-fashion.com\/pt\/produto\/4331\/","title":{"rendered":"Jaqueta Puffer Caramel Boys"},"content":{"rendered":"<p>Esta \u00e9 uma jaqueta puffer pr\u00e1tica e simples para meninos:<br \/>\n1. Estilo geral e posicionamento<br \/>\nEstilo funcional para atividades ao ar livre + uso di\u00e1rio, design com capuz curto, elegante e que n\u00e3o arrasta, adequado para meninos de 6 a 12 anos, seja para ir \u00e0 escola, brincar ao ar livre ou fazer compras, pode ser usado levando em considera\u00e7\u00e3o a &quot;necessidade de calor&quot; e &quot;frescor dos meninos&quot;.<br \/>\n2. Material central e calor<br \/>\nTecido externo: Provavelmente \u00e9 um tecido de poli\u00e9ster 100% \u00e0 prova de vento e \u00e1gua, com uma superf\u00edcie n\u00edtida e resistente ao desgaste, que pode suportar chuva leve, neve ou respingos de lama no outono e inverno e pode ser facilmente lavado;<br \/>\nMaterial de enchimento: enchimento de imita\u00e7\u00e3o, maciez moderada, calor suficiente para lidar com o clima em torno de 0-10 \u2103, mais leve e menos propenso a aglomerar do que roupas de algod\u00e3o comuns, e as crian\u00e7as n\u00e3o se sentir\u00e3o &quot;volumosas&quot; quando estiverem ativas;<br \/>\n3. Detalhes de design e funcionalidade<br \/>\nDesign com capuz; o forro do capuz \u00e9 preto (ecoando o forro do corpo).<br \/>\nBolsos:<br \/>\nBolsos grandes tridimensionais de dupla face, com grandes aberturas e profundidade suficiente, para que as crian\u00e7as possam facilmente colocar luvas, lanches, etc.<br \/>\nDetalhes pr\u00e1ticos:<br \/>\nA abertura \u00e9 duplamente fechada com z\u00edper + bot\u00f5es de press\u00e3o, o que a torna mais resistente ao vento!<br \/>\nOs punhos e a bainha s\u00e3o ligeiramente el\u00e1sticos canelados, ajustando-se ao pulso e \u00e0 cintura<br \/>\n4. Cores e cen\u00e1rios adequados<br \/>\nCor: marrom caramelo escuro, muito \u201catmosfera quente\u201d no outono e inverno.<\/p>","protected":false},"excerpt":{"rendered":"<p>This is a practical and simple puffer jacket for boys: 1. Overall style and positioning Outdoor functional style + daily<\/p>","protected":false},"featured_media":4332,"template":"","meta":[],"product_brand":[],"product_cat":[181],"product_tag":[],"class_list":{"0":"post-4331","1":"product","2":"type-product","3":"status-publish","4":"has-post-thumbnail","6":"product_cat-boys-padded-jacket","8":"first","9":"instock","10":"shipping-taxable","11":"product-type-simple"},"_links":{"self":[{"href":"https:\/\/cciola-fashion.com\/pt\/wp-json\/wp\/v2\/product\/4331","targetHints":{"allow":["GET"]}}],"collection":[{"href":"https:\/\/cciola-fashion.com\/pt\/wp-json\/wp\/v2\/product"}],"about":[{"href":"https:\/\/cciola-fashion.com\/pt\/wp-json\/wp\/v2\/types\/product"}],"version-history":[{"count":2,"href":"https:\/\/cciola-fashion.com\/pt\/wp-json\/wp\/v2\/product\/4331\/revisions"}],"predecessor-version":[{"id":4339,"href":"https:\/\/cciola-fashion.com\/pt\/wp-json\/wp\/v2\/product\/4331\/revisions\/4339"}],"wp:featuredmedia":[{"embeddable":true,"href":"https:\/\/cciola-fashion.com\/pt\/wp-json\/wp\/v2\/media\/4332"}],"wp:attachment":[{"href":"https:\/\/cciola-fashion.com\/pt\/wp-json\/wp\/v2\/media?parent=4331"}],"wp:term":[{"taxonomy":"product_brand","embeddable":true,"href":"https:\/\/cciola-fashion.com\/pt\/wp-json\/wp\/v2\/product_brand?post=4331"},{"taxonomy":"product_cat","embeddable":true,"href":"https:\/\/cciola-fashion.com\/pt\/wp-json\/wp\/v2\/product_cat?post=4331"},{"taxonomy":"product_tag","embeddable":true,"href":"https:\/\/cciola-fashion.com\/pt\/wp-json\/wp\/v2\/product_tag?post=4331"}],"curies":[{"name":"wp","href":"https:\/\/api.w.org\/{rel}","templated":true}]}}