{"id":4326,"date":"2025-06-17T14:58:29","date_gmt":"2025-06-17T06:58:29","guid":{"rendered":"https:\/\/cciola-fashion.com\/?post_type=product&#038;p=4326"},"modified":"2025-06-17T14:59:12","modified_gmt":"2025-06-17T06:59:12","slug":"4326","status":"publish","type":"product","link":"https:\/\/cciola-fashion.com\/pt\/produto\/4326\/","title":{"rendered":"Jaqueta Puffer com capuz e gola de pele feminina"},"content":{"rendered":"<p>1. Vers\u00e3o geral e estilo<br \/>\nO estilo curto com capuz tem linhas elegantes e n\u00e3o \u00e9 sens\u00edvel \u00e0 altura. \u00c9 um estilo pr\u00e1tico que permite o deslocamento di\u00e1rio e atividades leves ao ar livre.<br \/>\n2. Materiais<br \/>\nTecido externo: tecido de n\u00e1ilon \u00e0 prova de vento, resistente ao desgaste, pode resistir aos ventos frios do inverno e lidar com o clima frio das viagens di\u00e1rias;<br \/>\nMaterial de enchimento: enchimento de algod\u00e3o, fofo e macio, proporciona boa reten\u00e7\u00e3o de calor e n\u00e3o aglomera facilmente ap\u00f3s a lavagem, garantindo conforto e durabilidade;<br \/>\nGola de pele: gola grande de pele de guaxinim imita\u00e7\u00e3o, fofa e cheia, melhora visualmente a qualidade, ao mesmo tempo que protege eficazmente o pesco\u00e7o e a testa e bloqueia a entrada do vento frio.<br \/>\n3. Projeto detalhado<br \/>\nEstrutura quente:<br \/>\nOs bolsos com z\u00edper obl\u00edquo de dupla face s\u00e3o seguros e antirroubo, podendo aquecer as m\u00e3os ou armazenar pequenos itens, como celulares e chaves, o que \u00e9 conveniente para o uso di\u00e1rio;<br \/>\nA cintura tem um design de cord\u00e3o, que pode ser ajustado livremente para criar um efeito de ajuste na cintura, adequado para diferentes formatos de corpo e emagrecimento;<br \/>\nO z\u00edper principal \u00e9 macio e dur\u00e1vel, percorre todo o corpo e \u00e9 f\u00e1cil de abrir e fechar. O decote pode ter um design anti-riscos para evitar atrito com a pele;<br \/>\nOs punhos e bainhas s\u00e3o geralmente canelados ou el\u00e1sticos, que se ajustam ao corpo e impedem a entrada de vento frio.<\/p>","protected":false},"excerpt":{"rendered":"<p>Podemos oferecer servi\u00e7o OEM.<\/p>\n<p>Cor: Personalizado<\/p>\n<p>Quantidade m\u00ednima: 500 pe\u00e7as<\/p>","protected":false},"featured_media":4327,"template":"","meta":[],"product_brand":[],"product_cat":[218],"product_tag":[],"class_list":{"0":"post-4326","1":"product","2":"type-product","3":"status-publish","4":"has-post-thumbnail","6":"product_cat-ladies-padded-jacket-ladies-clothing-2","8":"first","9":"instock","10":"shipping-taxable","11":"product-type-simple"},"_links":{"self":[{"href":"https:\/\/cciola-fashion.com\/pt\/wp-json\/wp\/v2\/product\/4326","targetHints":{"allow":["GET"]}}],"collection":[{"href":"https:\/\/cciola-fashion.com\/pt\/wp-json\/wp\/v2\/product"}],"about":[{"href":"https:\/\/cciola-fashion.com\/pt\/wp-json\/wp\/v2\/types\/product"}],"version-history":[{"count":2,"href":"https:\/\/cciola-fashion.com\/pt\/wp-json\/wp\/v2\/product\/4326\/revisions"}],"predecessor-version":[{"id":4330,"href":"https:\/\/cciola-fashion.com\/pt\/wp-json\/wp\/v2\/product\/4326\/revisions\/4330"}],"wp:featuredmedia":[{"embeddable":true,"href":"https:\/\/cciola-fashion.com\/pt\/wp-json\/wp\/v2\/media\/4327"}],"wp:attachment":[{"href":"https:\/\/cciola-fashion.com\/pt\/wp-json\/wp\/v2\/media?parent=4326"}],"wp:term":[{"taxonomy":"product_brand","embeddable":true,"href":"https:\/\/cciola-fashion.com\/pt\/wp-json\/wp\/v2\/product_brand?post=4326"},{"taxonomy":"product_cat","embeddable":true,"href":"https:\/\/cciola-fashion.com\/pt\/wp-json\/wp\/v2\/product_cat?post=4326"},{"taxonomy":"product_tag","embeddable":true,"href":"https:\/\/cciola-fashion.com\/pt\/wp-json\/wp\/v2\/product_tag?post=4326"}],"curies":[{"name":"wp","href":"https:\/\/api.w.org\/{rel}","templated":true}]}}