{"id":4318,"date":"2025-06-17T14:09:21","date_gmt":"2025-06-17T06:09:21","guid":{"rendered":"https:\/\/cciola-fashion.com\/?post_type=product&#038;p=4318"},"modified":"2025-06-17T14:09:21","modified_gmt":"2025-06-17T06:09:21","slug":"mens-quilted-puffer-jacket","status":"publish","type":"product","link":"https:\/\/cciola-fashion.com\/pt\/mens-quilted-puffer-jacket.html","title":{"rendered":"Jaqueta acolchoada masculina"},"content":{"rendered":"<p>Esta \u00e9 uma jaqueta acolchoada masculina, toda azul brilhante, visualmente muito chamativa.<\/p>\n<p>O design da gola alta \u00e9 elegante e elegante, e pode resistir eficazmente ao vento frio.<br \/>\nA superf\u00edcie \u00e9 um processo de acolchoamento regular, formando uma \u00e1rea de preenchimento quadrada, o que torna a jaqueta puffer mais r\u00edgida e evita que o material interno de algod\u00e3o se mova.<\/p>\n<p>H\u00e1 um z\u00edper preto na frente, f\u00e1cil de colocar e tirar. H\u00e1 bolsos sim\u00e9tricos com z\u00edper em ambos os lados, pr\u00e1ticos e decorativos, que podem guardar pequenos itens.<\/p>\n<p>Os punhos e os detalhes da bainha s\u00e3o bem cuidados, ajustam-se ao corpo, ret\u00eam o calor e o estilo simples e generoso \u00e9 adequado para deslocamentos di\u00e1rios e passeios de lazer.<\/p>\n<p>\u00c9 uma pe\u00e7a de inverno que alia beleza e praticidade.<\/p>","protected":false},"excerpt":{"rendered":"<p>Estilo:cl\u00e1ssico<\/p>\n<p>Tamanho: personalizado<\/p>\n<p>Cor: Azul marinho escuro<\/p>\n<p>Quantidade m\u00ednima: 500 pe\u00e7as<\/p>\n<p>Podemos oferecer servi\u00e7o OEM.<\/p>","protected":false},"featured_media":4319,"template":"","meta":[],"product_brand":[],"product_cat":[169],"product_tag":[],"class_list":{"0":"post-4318","1":"product","2":"type-product","3":"status-publish","4":"has-post-thumbnail","6":"product_cat-mens-padded-jacket","8":"first","9":"instock","10":"shipping-taxable","11":"product-type-simple"},"_links":{"self":[{"href":"https:\/\/cciola-fashion.com\/pt\/wp-json\/wp\/v2\/product\/4318","targetHints":{"allow":["GET"]}}],"collection":[{"href":"https:\/\/cciola-fashion.com\/pt\/wp-json\/wp\/v2\/product"}],"about":[{"href":"https:\/\/cciola-fashion.com\/pt\/wp-json\/wp\/v2\/types\/product"}],"version-history":[{"count":1,"href":"https:\/\/cciola-fashion.com\/pt\/wp-json\/wp\/v2\/product\/4318\/revisions"}],"predecessor-version":[{"id":4321,"href":"https:\/\/cciola-fashion.com\/pt\/wp-json\/wp\/v2\/product\/4318\/revisions\/4321"}],"wp:featuredmedia":[{"embeddable":true,"href":"https:\/\/cciola-fashion.com\/pt\/wp-json\/wp\/v2\/media\/4319"}],"wp:attachment":[{"href":"https:\/\/cciola-fashion.com\/pt\/wp-json\/wp\/v2\/media?parent=4318"}],"wp:term":[{"taxonomy":"product_brand","embeddable":true,"href":"https:\/\/cciola-fashion.com\/pt\/wp-json\/wp\/v2\/product_brand?post=4318"},{"taxonomy":"product_cat","embeddable":true,"href":"https:\/\/cciola-fashion.com\/pt\/wp-json\/wp\/v2\/product_cat?post=4318"},{"taxonomy":"product_tag","embeddable":true,"href":"https:\/\/cciola-fashion.com\/pt\/wp-json\/wp\/v2\/product_tag?post=4318"}],"curies":[{"name":"wp","href":"https:\/\/api.w.org\/{rel}","templated":true}]}}