{"id":4309,"date":"2025-06-16T16:48:21","date_gmt":"2025-06-16T08:48:21","guid":{"rendered":"https:\/\/cciola-fashion.com\/?post_type=product&#038;p=4309"},"modified":"2025-06-16T16:48:21","modified_gmt":"2025-06-16T08:48:21","slug":"colorful-girls-padding-jacket","status":"publish","type":"product","link":"https:\/\/cciola-fashion.com\/pt\/colorful-girls-padding-jacket.html","title":{"rendered":"Jaqueta acolchoada colorida para meninas"},"content":{"rendered":"<p>Esta jaqueta acolchoada colorida, feita de tecido estampado a laser, apresenta cores ricas em gradiente, como rosa, roxo, amarelo e verde, sob diferentes \u00e2ngulos de ilumina\u00e7\u00e3o, o que a torna visualmente atraente. O design de gola alta \u00e9 simples e elegante, com z\u00edper para facilitar a coloca\u00e7\u00e3o e retirada. O corte solto se adapta a diversos tipos de corpo, permitindo liberdade de movimentos. Embora pare\u00e7a leve e fina, ret\u00e9m bem o calor e suporta temperaturas um pouco mais baixas. \u00c9 adequada para passeios di\u00e1rios e uso casual, al\u00e9m de ser elegante e pr\u00e1tica.<\/p>","protected":false},"excerpt":{"rendered":"<p>Podemos oferecer servi\u00e7o OEM\/ODM.<\/p>\n<p>Quantidade m\u00ednima: 500 pe\u00e7as<\/p>","protected":false},"featured_media":4310,"template":"","meta":[],"product_brand":[],"product_cat":[230],"product_tag":[],"class_list":{"0":"post-4309","1":"product","2":"type-product","3":"status-publish","4":"has-post-thumbnail","6":"product_cat-grls-padded-jacket","8":"first","9":"instock","10":"shipping-taxable","11":"product-type-simple"},"_links":{"self":[{"href":"https:\/\/cciola-fashion.com\/pt\/wp-json\/wp\/v2\/product\/4309","targetHints":{"allow":["GET"]}}],"collection":[{"href":"https:\/\/cciola-fashion.com\/pt\/wp-json\/wp\/v2\/product"}],"about":[{"href":"https:\/\/cciola-fashion.com\/pt\/wp-json\/wp\/v2\/types\/product"}],"version-history":[{"count":1,"href":"https:\/\/cciola-fashion.com\/pt\/wp-json\/wp\/v2\/product\/4309\/revisions"}],"predecessor-version":[{"id":4312,"href":"https:\/\/cciola-fashion.com\/pt\/wp-json\/wp\/v2\/product\/4309\/revisions\/4312"}],"wp:featuredmedia":[{"embeddable":true,"href":"https:\/\/cciola-fashion.com\/pt\/wp-json\/wp\/v2\/media\/4310"}],"wp:attachment":[{"href":"https:\/\/cciola-fashion.com\/pt\/wp-json\/wp\/v2\/media?parent=4309"}],"wp:term":[{"taxonomy":"product_brand","embeddable":true,"href":"https:\/\/cciola-fashion.com\/pt\/wp-json\/wp\/v2\/product_brand?post=4309"},{"taxonomy":"product_cat","embeddable":true,"href":"https:\/\/cciola-fashion.com\/pt\/wp-json\/wp\/v2\/product_cat?post=4309"},{"taxonomy":"product_tag","embeddable":true,"href":"https:\/\/cciola-fashion.com\/pt\/wp-json\/wp\/v2\/product_tag?post=4309"}],"curies":[{"name":"wp","href":"https:\/\/api.w.org\/{rel}","templated":true}]}}