{"id":4305,"date":"2025-06-16T16:29:19","date_gmt":"2025-06-16T08:29:19","guid":{"rendered":"https:\/\/cciola-fashion.com\/?post_type=product&#038;p=4305"},"modified":"2025-06-16T16:30:26","modified_gmt":"2025-06-16T08:30:26","slug":"minimalist-style-hooded-puffer-jacket","status":"publish","type":"product","link":"https:\/\/cciola-fashion.com\/pt\/minimalist-style-hooded-puffer-jacket.html","title":{"rendered":"Jaqueta Puffer com Capuz Estilo Minimalista"},"content":{"rendered":"<div class=\"auto-hide-last-sibling-br paragraph-Oc488D paragraph-element br-paragraph-space\">1. Ajuste e estilo b\u00e1sicos<br \/>\nDesign com capuz, elegante e n\u00e3o desleixado, altamente adapt\u00e1vel ao formato do corpo, pertencente ao estilo pr\u00e1tico de deslocamento di\u00e1rio e atividades leves ao ar livre<br \/>\n2. Tecido externo: Tecido de nylon \u00e0 prova de vento, com superf\u00edcie lisa e certo brilho, possuindo capacidades b\u00e1sicas de prote\u00e7\u00e3o contra vento e chuva (para lidar com o clima frio e \u00famido do inverno), resistente ao desgaste e dur\u00e1vel, e n\u00e3o forma bolinhas nem deforma facilmente.<br \/>\nMaterial de enchimento: algod\u00e3o sint\u00e9tico,<br \/>\nForro: Feito de material de poli\u00e9ster, macio e agrad\u00e1vel \u00e0 pele, reduzindo o atrito entre o enchimento de algod\u00e3o e a pele, aumentando o conforto de uso.<br \/>\n3. Estrutura e design de detalhes: Estrutura quente: capuz + gola de pele: O chap\u00e9u \u00e9 um design de capuz de uma pe\u00e7a, combinado com uma gola de pele que lembra um cachorro-guaxinim (fofo, macio, visualmente elevado), que pode proteger o pesco\u00e7o e a testa e resistir a ventos frios; cabelo<br \/>\nProcesso de quilting: Costura horizontal com superf\u00edcie regular, enchimento de algod\u00e3o fixo para evitar deslocamento e escorrimento do algod\u00e3o, ao mesmo tempo que torna o padr\u00e3o mais r\u00edgido e evita incha\u00e7o.<br \/>\nDetalhes pr\u00e1ticos e de armazenamento: Bolsos inclinados de dois lados: fecho com z\u00edper, seguro e antirroubo, pode segurar as m\u00e3os para aquecer e tamb\u00e9m pode guardar itens pequenos, como telefones e chaves; z\u00edper principal: z\u00edper de metal liso ou resina que percorre todo o corpo, f\u00e1cil de abrir e fechar e pode ter um design &quot;antibelisc\u00e3o&quot; na gola para evitar que a pele fique presa no z\u00edper; fecho canelado: os punhos e a bainha s\u00e3o feitos de fecho canelado (ou tecido el\u00e1stico), que se ajusta ao corpo, ret\u00e9m o calor sem ventila\u00e7\u00e3o e n\u00e3o acumula poeira facilmente durante o movimento.<br \/>\n4. Cor: c\u00e1qui claro, macio e vers\u00e1til, n\u00e3o \u00e9 exigente quanto ao tom de pele, mais claro que o preto, adequado para pessoas que querem usar cores quentes e t\u00eam medo do opaco no inverno.<\/div>","protected":false},"excerpt":{"rendered":"<p>Podemos oferecer servi\u00e7o OEM\/ODM.<\/p>\n<p>Somos fabricantes profissionais no setor de jaquetas.<\/p>","protected":false},"featured_media":4306,"template":"","meta":[],"product_brand":[],"product_cat":[218],"product_tag":[],"class_list":{"0":"post-4305","1":"product","2":"type-product","3":"status-publish","4":"has-post-thumbnail","6":"product_cat-ladies-padded-jacket-ladies-clothing-2","8":"first","9":"instock","10":"shipping-taxable","11":"product-type-simple"},"_links":{"self":[{"href":"https:\/\/cciola-fashion.com\/pt\/wp-json\/wp\/v2\/product\/4305","targetHints":{"allow":["GET"]}}],"collection":[{"href":"https:\/\/cciola-fashion.com\/pt\/wp-json\/wp\/v2\/product"}],"about":[{"href":"https:\/\/cciola-fashion.com\/pt\/wp-json\/wp\/v2\/types\/product"}],"version-history":[{"count":1,"href":"https:\/\/cciola-fashion.com\/pt\/wp-json\/wp\/v2\/product\/4305\/revisions"}],"predecessor-version":[{"id":4308,"href":"https:\/\/cciola-fashion.com\/pt\/wp-json\/wp\/v2\/product\/4305\/revisions\/4308"}],"wp:featuredmedia":[{"embeddable":true,"href":"https:\/\/cciola-fashion.com\/pt\/wp-json\/wp\/v2\/media\/4306"}],"wp:attachment":[{"href":"https:\/\/cciola-fashion.com\/pt\/wp-json\/wp\/v2\/media?parent=4305"}],"wp:term":[{"taxonomy":"product_brand","embeddable":true,"href":"https:\/\/cciola-fashion.com\/pt\/wp-json\/wp\/v2\/product_brand?post=4305"},{"taxonomy":"product_cat","embeddable":true,"href":"https:\/\/cciola-fashion.com\/pt\/wp-json\/wp\/v2\/product_cat?post=4305"},{"taxonomy":"product_tag","embeddable":true,"href":"https:\/\/cciola-fashion.com\/pt\/wp-json\/wp\/v2\/product_tag?post=4305"}],"curies":[{"name":"wp","href":"https:\/\/api.w.org\/{rel}","templated":true}]}}