{"id":4297,"date":"2025-06-16T16:04:08","date_gmt":"2025-06-16T08:04:08","guid":{"rendered":"https:\/\/cciola-fashion.com\/?post_type=product&#038;p=4297"},"modified":"2025-06-16T16:04:08","modified_gmt":"2025-06-16T08:04:08","slug":"outdoor-functional-windbreaker","status":"publish","type":"product","link":"https:\/\/cciola-fashion.com\/pt\/outdoor-functional-windbreaker.html","title":{"rendered":"Corta-vento funcional para atividades ao ar livre"},"content":{"rendered":"<p>Padr\u00e3o b\u00e1sico<br \/>\nO design curto com gola alta \u00e9 elegante e elegante, sem diminuir a altura. \u00c9 adequado para deslocamentos di\u00e1rios e ambientes externos leves, al\u00e9m de oferecer forte inclus\u00e3o para diferentes tipos de corpo.<br \/>\nCor e Material<br \/>\nCor: Verde oliva de baixa satura\u00e7\u00e3o, calmo, mas com uma sensa\u00e7\u00e3o de textura, exalando naturalmente uma atmosfera ao ar livre e que n\u00e3o sai de moda facilmente.<br \/>\nTecido: A camada externa \u00e9 um tecido funcional, \u00e0 prova de vento e \u00e1gua. A superf\u00edcie \u00e9 firme e resistente a chuva leve e vento frio. O forro interno \u00e9 preenchido com algod\u00e3o sint\u00e9tico e fixado por meio de tecnologia de acolchoamento para evitar vazamentos e garantir a reten\u00e7\u00e3o do calor.<br \/>\nProjeto detalhado<br \/>\nEstrutura funcional<br \/>\nGola alta + abertura frontal corta-vento: A gola alta se levanta para proteger o pesco\u00e7o. O z\u00edper (a camada interna da abertura frontal ou uma estrutura oculta) possui um design corta-vento para impedir a entrada de ar frio.<br \/>\nBolsos tridimensionais: Ambos os lados do peito frontal s\u00e3o equipados com bolsos inclinados com z\u00edper, que s\u00e3o convenientes para aquecimento e tamb\u00e9m podem armazenar pequenos itens com seguran\u00e7a (como celulares e chaves). H\u00e1 uma pequena bolsa adesiva no bra\u00e7o esquerdo, combinando decora\u00e7\u00e3o e praticidade (pode conter cart\u00f5es e recibos).<br \/>\nDetalhes pr\u00e1ticos:<br \/>\nO z\u00edper \u00e9 na cor escura, contrastando com o verde, liso e dur\u00e1vel.<br \/>\nEmbora os punhos e bainhas n\u00e3o tenham acabamentos canelados \u00f3bvios, o tecido em si tem um certo grau de rigidez, o que torna menos prov\u00e1vel a entrada de vento durante o movimento e mant\u00e9m o bom gosto do traje.<\/p>","protected":false},"excerpt":{"rendered":"<p>Podemos oferecer servi\u00e7o OEM\/ODM.<\/p>\n<p>Cor: Personalizado<\/p>\n<p>Tamanho: personalizado<\/p>\n<p>Quantidade m\u00ednima: 500 pe\u00e7as<\/p>","protected":false},"featured_media":4298,"template":"","meta":[],"product_brand":[],"product_cat":[169],"product_tag":[],"class_list":{"0":"post-4297","1":"product","2":"type-product","3":"status-publish","4":"has-post-thumbnail","6":"product_cat-mens-padded-jacket","8":"first","9":"instock","10":"shipping-taxable","11":"product-type-simple"},"_links":{"self":[{"href":"https:\/\/cciola-fashion.com\/pt\/wp-json\/wp\/v2\/product\/4297","targetHints":{"allow":["GET"]}}],"collection":[{"href":"https:\/\/cciola-fashion.com\/pt\/wp-json\/wp\/v2\/product"}],"about":[{"href":"https:\/\/cciola-fashion.com\/pt\/wp-json\/wp\/v2\/types\/product"}],"version-history":[{"count":1,"href":"https:\/\/cciola-fashion.com\/pt\/wp-json\/wp\/v2\/product\/4297\/revisions"}],"predecessor-version":[{"id":4300,"href":"https:\/\/cciola-fashion.com\/pt\/wp-json\/wp\/v2\/product\/4297\/revisions\/4300"}],"wp:featuredmedia":[{"embeddable":true,"href":"https:\/\/cciola-fashion.com\/pt\/wp-json\/wp\/v2\/media\/4298"}],"wp:attachment":[{"href":"https:\/\/cciola-fashion.com\/pt\/wp-json\/wp\/v2\/media?parent=4297"}],"wp:term":[{"taxonomy":"product_brand","embeddable":true,"href":"https:\/\/cciola-fashion.com\/pt\/wp-json\/wp\/v2\/product_brand?post=4297"},{"taxonomy":"product_cat","embeddable":true,"href":"https:\/\/cciola-fashion.com\/pt\/wp-json\/wp\/v2\/product_cat?post=4297"},{"taxonomy":"product_tag","embeddable":true,"href":"https:\/\/cciola-fashion.com\/pt\/wp-json\/wp\/v2\/product_tag?post=4297"}],"curies":[{"name":"wp","href":"https:\/\/api.w.org\/{rel}","templated":true}]}}