{"id":4292,"date":"2025-06-16T15:39:46","date_gmt":"2025-06-16T07:39:46","guid":{"rendered":"https:\/\/cciola-fashion.com\/?post_type=product&#038;p=4292"},"modified":"2025-06-16T15:40:48","modified_gmt":"2025-06-16T07:40:48","slug":"aviation-style-jacket","status":"publish","type":"product","link":"https:\/\/cciola-fashion.com\/pt\/aviation-style-jacket.html","title":{"rendered":"Jaqueta estilo avia\u00e7\u00e3o"},"content":{"rendered":"<p>Padr\u00e3o<br \/>\nA cl\u00e1ssica gola curta de beisebol (gola alta canelada) \u00e9 elegante e funcional, adequada para v\u00e1rios formatos de corpo e combina tanto com looks di\u00e1rios quanto urbanos.<br \/>\nCor: Roxo profundo, calmo e levemente retr\u00f4, diferente das cores cl\u00e1ssicas convencionais, mostrando mais individualidade.<br \/>\nTecido: A superf\u00edcie \u00e9 feita de material de n\u00e1ilon brilhante, que \u00e9 \u00e0 prova de vento e resistente ao desgaste, comumente encontrado em jaquetas de voo.<br \/>\nProjeto detalhado<br \/>\nBolso funcional:<br \/>\nBolsos duplos sim\u00e9tricos na parte frontal do peito, abertura e fechamento por bot\u00e3o de press\u00e3o, pr\u00e1ticos e capazes de guardar pequenos itens.<br \/>\nH\u00e1 um pequeno bolso com z\u00edper no bra\u00e7o esquerdo (o design cl\u00e1ssico de \u201cbolso para caneta\u201d de uma jaqueta de voo), que pode guardar canetas, fones de ouvido, etc.<br \/>\nFecho canelado: a gola, os punhos e a bainha s\u00e3o canelados, ajustando-se bem ao corpo, mantendo o corpo aquecido e evitando o vento. Tamb\u00e9m reduz a probabilidade de ficar exposto ao vento durante o exerc\u00edcio.<br \/>\nZ\u00edper e logotipo:<br \/>\nZ\u00edper frontal de metal, suave e dur\u00e1vel;<br \/>\nAs mangas e bra\u00e7os s\u00e3o adornados com emblemas da marca\/s\u00e9rie, adicionando um toque sutil para aumentar o reconhecimento.<\/p>","protected":false},"excerpt":{"rendered":"<p>Podemos oferecer servi\u00e7o OEM.<\/p>\n<p>Cor: Personalizado<\/p>\n<p>Tamanho: Personalizado<\/p>\n<p>Quantidade m\u00ednima: 500 pe\u00e7as<\/p>","protected":false},"featured_media":4294,"template":"","meta":[],"product_brand":[],"product_cat":[170],"product_tag":[],"class_list":{"0":"post-4292","1":"product","2":"type-product","3":"status-publish","4":"has-post-thumbnail","6":"product_cat-mens-jacket","8":"first","9":"instock","10":"shipping-taxable","11":"product-type-simple"},"_links":{"self":[{"href":"https:\/\/cciola-fashion.com\/pt\/wp-json\/wp\/v2\/product\/4292","targetHints":{"allow":["GET"]}}],"collection":[{"href":"https:\/\/cciola-fashion.com\/pt\/wp-json\/wp\/v2\/product"}],"about":[{"href":"https:\/\/cciola-fashion.com\/pt\/wp-json\/wp\/v2\/types\/product"}],"version-history":[{"count":1,"href":"https:\/\/cciola-fashion.com\/pt\/wp-json\/wp\/v2\/product\/4292\/revisions"}],"predecessor-version":[{"id":4293,"href":"https:\/\/cciola-fashion.com\/pt\/wp-json\/wp\/v2\/product\/4292\/revisions\/4293"}],"wp:featuredmedia":[{"embeddable":true,"href":"https:\/\/cciola-fashion.com\/pt\/wp-json\/wp\/v2\/media\/4294"}],"wp:attachment":[{"href":"https:\/\/cciola-fashion.com\/pt\/wp-json\/wp\/v2\/media?parent=4292"}],"wp:term":[{"taxonomy":"product_brand","embeddable":true,"href":"https:\/\/cciola-fashion.com\/pt\/wp-json\/wp\/v2\/product_brand?post=4292"},{"taxonomy":"product_cat","embeddable":true,"href":"https:\/\/cciola-fashion.com\/pt\/wp-json\/wp\/v2\/product_cat?post=4292"},{"taxonomy":"product_tag","embeddable":true,"href":"https:\/\/cciola-fashion.com\/pt\/wp-json\/wp\/v2\/product_tag?post=4292"}],"curies":[{"name":"wp","href":"https:\/\/api.w.org\/{rel}","templated":true}]}}