{"id":4281,"date":"2025-06-13T18:40:33","date_gmt":"2025-06-13T10:40:33","guid":{"rendered":"https:\/\/cciola-fashion.com\/?post_type=product&#038;p=4281"},"modified":"2025-06-13T18:40:33","modified_gmt":"2025-06-13T10:40:33","slug":"reversible-girls-jacket","status":"publish","type":"product","link":"https:\/\/cciola-fashion.com\/pt\/reversible-girls-jacket.html","title":{"rendered":"Jaqueta revers\u00edvel para meninas"},"content":{"rendered":"<p>Apar\u00eancia: Utiliza tecido acolchoado prateado brilhante, apresentando uma textura plissada \u00fanica, visualmente reconhec\u00edvel; o design com capuz, a abertura e o fechamento do z\u00edper s\u00e3o simples e elegantes, e a apar\u00eancia geral \u00e9 moderna e cheia de infantilidade.<br \/>\nEstilo: Combinando tend\u00eancias da moda e aconchego pr\u00e1tico, o material brilhante tem seus pr\u00f3prios atributos modernos, e a aba felpuda cria uma atmosfera fofa e aconchegante. O design frente e verso expande as possibilidades de estilo. Diferentes estilos podem ser alternados de acordo com as necessidades, adequados para passeios de moda, lazer e divers\u00e3o.<br \/>\nDesign: Fun\u00e7\u00e3o de uso frente e verso, um lado com apar\u00eancia acolchoada brilhante, elegante e atraente; o outro lado com material de pel\u00facia curto, macio, agrad\u00e1vel \u00e0 pele e quente. Melhora a reten\u00e7\u00e3o de calor e a integridade da roupa.<br \/>\nOcasi\u00f5es adequadas: adequado para a escola di\u00e1ria, brincadeiras ao ar livre, viagens entre pais e filhos e outras ocasi\u00f5es.<\/p>","protected":false},"excerpt":{"rendered":"<p>Podemos oferecer servi\u00e7o OEM.<\/p>\n<p>Tecido: 100% poli\u00e9ster<\/p>\n<p>Cor: cor s\u00f3lida<\/p>\n<p>Quantidade m\u00ednima: 500 pe\u00e7as<\/p>","protected":false},"featured_media":4282,"template":"","meta":[],"product_brand":[],"product_cat":[237],"product_tag":[],"class_list":{"0":"post-4281","1":"product","2":"type-product","3":"status-publish","4":"has-post-thumbnail","6":"product_cat-grls-jacket","8":"first","9":"instock","10":"shipping-taxable","11":"product-type-simple"},"_links":{"self":[{"href":"https:\/\/cciola-fashion.com\/pt\/wp-json\/wp\/v2\/product\/4281","targetHints":{"allow":["GET"]}}],"collection":[{"href":"https:\/\/cciola-fashion.com\/pt\/wp-json\/wp\/v2\/product"}],"about":[{"href":"https:\/\/cciola-fashion.com\/pt\/wp-json\/wp\/v2\/types\/product"}],"version-history":[{"count":1,"href":"https:\/\/cciola-fashion.com\/pt\/wp-json\/wp\/v2\/product\/4281\/revisions"}],"predecessor-version":[{"id":4287,"href":"https:\/\/cciola-fashion.com\/pt\/wp-json\/wp\/v2\/product\/4281\/revisions\/4287"}],"wp:featuredmedia":[{"embeddable":true,"href":"https:\/\/cciola-fashion.com\/pt\/wp-json\/wp\/v2\/media\/4282"}],"wp:attachment":[{"href":"https:\/\/cciola-fashion.com\/pt\/wp-json\/wp\/v2\/media?parent=4281"}],"wp:term":[{"taxonomy":"product_brand","embeddable":true,"href":"https:\/\/cciola-fashion.com\/pt\/wp-json\/wp\/v2\/product_brand?post=4281"},{"taxonomy":"product_cat","embeddable":true,"href":"https:\/\/cciola-fashion.com\/pt\/wp-json\/wp\/v2\/product_cat?post=4281"},{"taxonomy":"product_tag","embeddable":true,"href":"https:\/\/cciola-fashion.com\/pt\/wp-json\/wp\/v2\/product_tag?post=4281"}],"curies":[{"name":"wp","href":"https:\/\/api.w.org\/{rel}","templated":true}]}}