{"id":4277,"date":"2025-06-13T18:21:27","date_gmt":"2025-06-13T10:21:27","guid":{"rendered":"https:\/\/cciola-fashion.com\/?post_type=product&#038;p=4277"},"modified":"2025-06-13T18:21:27","modified_gmt":"2025-06-13T10:21:27","slug":"colorblock-field-jacket","status":"publish","type":"product","link":"https:\/\/cciola-fashion.com\/pt\/colorblock-field-jacket.html","title":{"rendered":"Jaqueta de campo com blocos de cores"},"content":{"rendered":"<p>Apar\u00eancia: O corpo principal \u00e9 cinza claro, com costuras em azul-marinho e bege, e a combina\u00e7\u00e3o de cores \u00e9 harmoniosa e em camadas. O design de gola alta e a parte frontal possuem um m\u00e9todo de abertura e fechamento composto por bot\u00e3o e z\u00edper, adicionando detalhes e praticidade; h\u00e1 bolsos inclinados em ambos os lados e os punhos s\u00e3o projetados com punhos retr\u00e1teis. A apar\u00eancia geral \u00e9 elegante e possui as caracter\u00edsticas funcionais de roupas para atividades ao ar livre.<br \/>\nEstilo: Combinando funcionalidade ao ar livre com estilo de lazer urbano, os elementos de combina\u00e7\u00e3o de cores e a estrutura pr\u00e1tica atendem \u00e0s necessidades funcionais de explora\u00e7\u00e3o ao ar livre, e a vers\u00e3o simples e a combina\u00e7\u00e3o de cores podem ser adaptadas ao uso urbano di\u00e1rio, podendo ser facilmente alternadas entre cen\u00e1rios ao ar livre e deslocamento di\u00e1rio.<br \/>\nDesign: A gola alta \u00e9 quente e \u00e0 prova de vento, e a abertura e o fechamento com bot\u00e3o e z\u00edper s\u00e3o f\u00e1ceis de colocar e tirar e podem ser ajustados conforme necess\u00e1rio; os bolsos inclinados s\u00e3o convenientes para armazenamento.<br \/>\nOcasi\u00f5es adequadas: Pode ser usado em ambientes externos amenos (como caminhadas e ciclismo pela cidade), deslocamento di\u00e1rio, compras casuais, etc. Pode ser usado com cal\u00e7as esportivas para um estilo funcional ao ar livre e com jeans para criar uma atmosfera casual e relaxada, com alta adaptabilidade a cen\u00e1rios.<\/p>","protected":false},"excerpt":{"rendered":"<p>Podemos oferecer servi\u00e7o OEM.<\/p>\n<p>Concha: 100%poli\u00e9ster<\/p>\n<p>Cor: bloco de cores<\/p>\n<p>Tamanho: Personalizado<\/p>\n<p>Quantidade m\u00ednima: 500 pe\u00e7as<\/p>","protected":false},"featured_media":4278,"template":"","meta":[],"product_brand":[],"product_cat":[224],"product_tag":[],"class_list":{"0":"post-4277","1":"product","2":"type-product","3":"status-publish","4":"has-post-thumbnail","6":"product_cat-ladies-jacket-ladies-clothing-2","8":"first","9":"instock","10":"shipping-taxable","11":"product-type-simple"},"_links":{"self":[{"href":"https:\/\/cciola-fashion.com\/pt\/wp-json\/wp\/v2\/product\/4277","targetHints":{"allow":["GET"]}}],"collection":[{"href":"https:\/\/cciola-fashion.com\/pt\/wp-json\/wp\/v2\/product"}],"about":[{"href":"https:\/\/cciola-fashion.com\/pt\/wp-json\/wp\/v2\/types\/product"}],"version-history":[{"count":1,"href":"https:\/\/cciola-fashion.com\/pt\/wp-json\/wp\/v2\/product\/4277\/revisions"}],"predecessor-version":[{"id":4280,"href":"https:\/\/cciola-fashion.com\/pt\/wp-json\/wp\/v2\/product\/4277\/revisions\/4280"}],"wp:featuredmedia":[{"embeddable":true,"href":"https:\/\/cciola-fashion.com\/pt\/wp-json\/wp\/v2\/media\/4278"}],"wp:attachment":[{"href":"https:\/\/cciola-fashion.com\/pt\/wp-json\/wp\/v2\/media?parent=4277"}],"wp:term":[{"taxonomy":"product_brand","embeddable":true,"href":"https:\/\/cciola-fashion.com\/pt\/wp-json\/wp\/v2\/product_brand?post=4277"},{"taxonomy":"product_cat","embeddable":true,"href":"https:\/\/cciola-fashion.com\/pt\/wp-json\/wp\/v2\/product_cat?post=4277"},{"taxonomy":"product_tag","embeddable":true,"href":"https:\/\/cciola-fashion.com\/pt\/wp-json\/wp\/v2\/product_tag?post=4277"}],"curies":[{"name":"wp","href":"https:\/\/api.w.org\/{rel}","templated":true}]}}