{"id":4273,"date":"2025-06-13T18:06:27","date_gmt":"2025-06-13T10:06:27","guid":{"rendered":"https:\/\/cciola-fashion.com\/?post_type=product&#038;p=4273"},"modified":"2025-06-13T18:06:27","modified_gmt":"2025-06-13T10:06:27","slug":"colorblock-short-down-jacket","status":"publish","type":"product","link":"https:\/\/cciola-fashion.com\/pt\/colorblock-short-down-jacket.html","title":{"rendered":"Jaqueta curta de plumas com blocos de cores"},"content":{"rendered":"<p>Esta jaqueta curta de plumas \u00e9 apresentada em um esquema de cores amarelo e preto vibrante, com gola alta e enchimento macio e volumoso. O estilo \u00e9 moderno e casual, combinando funcionalidade para atividades ao ar livre com um toque de estilo. \u00c9 preenchida com plumas 90% para boa reten\u00e7\u00e3o de calor; a gola alta, o fecho de z\u00edper e os bolsos laterais s\u00e3o pr\u00e1ticos e elegantes. \u00c9 uma vers\u00e3o curta casual adequada para viagens di\u00e1rias, atividades leves ao ar livre e outras ocasi\u00f5es. Pode ser usada por homens e mulheres. \u00c9 f\u00e1cil combinar cal\u00e7as para criar um estilo casual ou para atividades ao ar livre. N\u00e3o \u00e9 f\u00e1cil ter o problema de l\u00e3 e aglomera\u00e7\u00e3o ao lavar \u00e0 m\u00e1quina. \u00c9 quente, elegante e pr\u00e1tico.<\/p>","protected":false},"excerpt":{"rendered":"<p>Podemos oferecer servi\u00e7o OEM.<\/p>\n<p>Concha: 100%poli\u00e9ster<\/p>\n<p>Enchimento:baixo<\/p>\n<p>Cor: preto e amarelo<\/p>\n<p>Tamanho: Personalizado<\/p>\n<p>Quantidade m\u00ednima: 500 pe\u00e7as<\/p>","protected":false},"featured_media":4274,"template":"","meta":[],"product_brand":[],"product_cat":[169],"product_tag":[],"class_list":{"0":"post-4273","1":"product","2":"type-product","3":"status-publish","4":"has-post-thumbnail","6":"product_cat-mens-padded-jacket","8":"first","9":"instock","10":"shipping-taxable","11":"product-type-simple"},"_links":{"self":[{"href":"https:\/\/cciola-fashion.com\/pt\/wp-json\/wp\/v2\/product\/4273","targetHints":{"allow":["GET"]}}],"collection":[{"href":"https:\/\/cciola-fashion.com\/pt\/wp-json\/wp\/v2\/product"}],"about":[{"href":"https:\/\/cciola-fashion.com\/pt\/wp-json\/wp\/v2\/types\/product"}],"version-history":[{"count":1,"href":"https:\/\/cciola-fashion.com\/pt\/wp-json\/wp\/v2\/product\/4273\/revisions"}],"predecessor-version":[{"id":4276,"href":"https:\/\/cciola-fashion.com\/pt\/wp-json\/wp\/v2\/product\/4273\/revisions\/4276"}],"wp:featuredmedia":[{"embeddable":true,"href":"https:\/\/cciola-fashion.com\/pt\/wp-json\/wp\/v2\/media\/4274"}],"wp:attachment":[{"href":"https:\/\/cciola-fashion.com\/pt\/wp-json\/wp\/v2\/media?parent=4273"}],"wp:term":[{"taxonomy":"product_brand","embeddable":true,"href":"https:\/\/cciola-fashion.com\/pt\/wp-json\/wp\/v2\/product_brand?post=4273"},{"taxonomy":"product_cat","embeddable":true,"href":"https:\/\/cciola-fashion.com\/pt\/wp-json\/wp\/v2\/product_cat?post=4273"},{"taxonomy":"product_tag","embeddable":true,"href":"https:\/\/cciola-fashion.com\/pt\/wp-json\/wp\/v2\/product_tag?post=4273"}],"curies":[{"name":"wp","href":"https:\/\/api.w.org\/{rel}","templated":true}]}}