{"id":4261,"date":"2025-06-11T17:17:33","date_gmt":"2025-06-11T09:17:33","guid":{"rendered":"https:\/\/cciola-fashion.com\/?post_type=product&#038;p=4261"},"modified":"2025-06-11T17:22:19","modified_gmt":"2025-06-11T09:22:19","slug":"womens-long-hooded-puffer-vest","status":"publish","type":"product","link":"https:\/\/cciola-fashion.com\/pt\/womens-long-hooded-puffer-vest.html","title":{"rendered":"Colete feminino longo com capuz"},"content":{"rendered":"<p>Estilo: O design longo sem mangas e com capuz acrescenta uma sensa\u00e7\u00e3o de lazer, o comprimento fica na altura do quadril ou da coxa.<\/p>\n<p>pode modificar o formato do corpo, adequado para uma variedade de usos internos.<\/p>\n<p>Cor: \u00c9 uma cor de a\u00e7afr\u00e3o brilhante, chamativa e energ\u00e9tica, quebrando a monotonia do outono e do inverno.<\/p>\n<p>Detalhes: A superf\u00edcie tem uma textura acolchoada, o que torna o enchimento mais uniforme, quente e dif\u00edcil de correr; o design com v\u00e1rios bolsos (bolso pequeno no peito, bolsos grandes em ambos os lados, etc.) \u00e9 pr\u00e1tico e rico em vis\u00e3o; h\u00e1 fivelas de ajuste na lateral, que podem ajustar com precis\u00e3o o aperto da bainha e aumentar a plasticidade do uso; o z\u00edper \u00e9 suave e f\u00e1cil de colocar e tirar.<\/p>\n<p>Este colete \u00e9 muito adequado para usar em camadas no outono e no inverno. Usar su\u00e9teres, moletons, etc. por dentro pode ajudar a manter o corpo aquecido e criar um visual moderno.<\/p>","protected":false},"excerpt":{"rendered":"<p>Concha: 100%nylon<\/p>\n<p>Enchimento: 100%Poli\u00e9ster<\/p>\n<p>Tamanho: Personalizado<\/p>\n<p>Cor: Personalizado<\/p>\n<p>Quantidade m\u00ednima: 500 pe\u00e7as<\/p>","protected":false},"featured_media":4262,"template":"","meta":[],"product_brand":[],"product_cat":[218],"product_tag":[],"class_list":{"0":"post-4261","1":"product","2":"type-product","3":"status-publish","4":"has-post-thumbnail","6":"product_cat-ladies-padded-jacket-ladies-clothing-2","8":"first","9":"instock","10":"shipping-taxable","11":"product-type-simple"},"_links":{"self":[{"href":"https:\/\/cciola-fashion.com\/pt\/wp-json\/wp\/v2\/product\/4261","targetHints":{"allow":["GET"]}}],"collection":[{"href":"https:\/\/cciola-fashion.com\/pt\/wp-json\/wp\/v2\/product"}],"about":[{"href":"https:\/\/cciola-fashion.com\/pt\/wp-json\/wp\/v2\/types\/product"}],"version-history":[{"count":1,"href":"https:\/\/cciola-fashion.com\/pt\/wp-json\/wp\/v2\/product\/4261\/revisions"}],"predecessor-version":[{"id":4264,"href":"https:\/\/cciola-fashion.com\/pt\/wp-json\/wp\/v2\/product\/4261\/revisions\/4264"}],"wp:featuredmedia":[{"embeddable":true,"href":"https:\/\/cciola-fashion.com\/pt\/wp-json\/wp\/v2\/media\/4262"}],"wp:attachment":[{"href":"https:\/\/cciola-fashion.com\/pt\/wp-json\/wp\/v2\/media?parent=4261"}],"wp:term":[{"taxonomy":"product_brand","embeddable":true,"href":"https:\/\/cciola-fashion.com\/pt\/wp-json\/wp\/v2\/product_brand?post=4261"},{"taxonomy":"product_cat","embeddable":true,"href":"https:\/\/cciola-fashion.com\/pt\/wp-json\/wp\/v2\/product_cat?post=4261"},{"taxonomy":"product_tag","embeddable":true,"href":"https:\/\/cciola-fashion.com\/pt\/wp-json\/wp\/v2\/product_tag?post=4261"}],"curies":[{"name":"wp","href":"https:\/\/api.w.org\/{rel}","templated":true}]}}