{"id":4241,"date":"2025-06-11T16:40:01","date_gmt":"2025-06-11T08:40:01","guid":{"rendered":"https:\/\/cciola-fashion.com\/?post_type=product&#038;p=4241"},"modified":"2025-06-11T16:40:01","modified_gmt":"2025-06-11T08:40:01","slug":"womens-linen-blazer","status":"publish","type":"product","link":"https:\/\/cciola-fashion.com\/pt\/womens-linen-blazer.html","title":{"rendered":"Blazer de linho feminino"},"content":{"rendered":"<p>Estilo: \u00c9 um corte cl\u00e1ssico de terno, com lapela reta, linhas elegantes, soltura moderada e n\u00e3o \u00e9 exigente quanto ao formato do corpo. Pode ser usado no dia a dia e em ocasi\u00f5es casuais.<br \/>\nExterior: Material de linho, com textura natural, respir\u00e1vel e confort\u00e1vel, adequado para primavera e ver\u00e3o.<br \/>\nDetalhes: Carcela com um \u00fanico bot\u00e3o de metal, simples e elegante; h\u00e1 bolsos de remendo em ambos os lados, que s\u00e3o pr\u00e1ticos e visualmente equilibrados; o forro \u00e9 de cor s\u00f3lida, com acabamento regular, o estilo geral \u00e9 discreto e de alta qualidade, e pode ser facilmente integrado a uma variedade de estilos de vestir.<\/p>","protected":false},"excerpt":{"rendered":"<p>Cor: vermelho, cremoso, preto, etc.<\/p>\n<p>Tamanho: Personalizado<\/p>\n<p>Quantidade m\u00ednima: 500 pe\u00e7as<\/p>","protected":false},"featured_media":4242,"template":"","meta":[],"product_brand":[],"product_cat":[224],"product_tag":[],"class_list":{"0":"post-4241","1":"product","2":"type-product","3":"status-publish","4":"has-post-thumbnail","6":"product_cat-ladies-jacket-ladies-clothing-2","8":"first","9":"instock","10":"shipping-taxable","11":"product-type-simple"},"_links":{"self":[{"href":"https:\/\/cciola-fashion.com\/pt\/wp-json\/wp\/v2\/product\/4241","targetHints":{"allow":["GET"]}}],"collection":[{"href":"https:\/\/cciola-fashion.com\/pt\/wp-json\/wp\/v2\/product"}],"about":[{"href":"https:\/\/cciola-fashion.com\/pt\/wp-json\/wp\/v2\/types\/product"}],"version-history":[{"count":1,"href":"https:\/\/cciola-fashion.com\/pt\/wp-json\/wp\/v2\/product\/4241\/revisions"}],"predecessor-version":[{"id":4248,"href":"https:\/\/cciola-fashion.com\/pt\/wp-json\/wp\/v2\/product\/4241\/revisions\/4248"}],"wp:featuredmedia":[{"embeddable":true,"href":"https:\/\/cciola-fashion.com\/pt\/wp-json\/wp\/v2\/media\/4242"}],"wp:attachment":[{"href":"https:\/\/cciola-fashion.com\/pt\/wp-json\/wp\/v2\/media?parent=4241"}],"wp:term":[{"taxonomy":"product_brand","embeddable":true,"href":"https:\/\/cciola-fashion.com\/pt\/wp-json\/wp\/v2\/product_brand?post=4241"},{"taxonomy":"product_cat","embeddable":true,"href":"https:\/\/cciola-fashion.com\/pt\/wp-json\/wp\/v2\/product_cat?post=4241"},{"taxonomy":"product_tag","embeddable":true,"href":"https:\/\/cciola-fashion.com\/pt\/wp-json\/wp\/v2\/product_tag?post=4241"}],"curies":[{"name":"wp","href":"https:\/\/api.w.org\/{rel}","templated":true}]}}