{"id":4237,"date":"2025-06-11T16:10:18","date_gmt":"2025-06-11T08:10:18","guid":{"rendered":"https:\/\/cciola-fashion.com\/?post_type=product&#038;p=4237"},"modified":"2025-06-11T16:11:09","modified_gmt":"2025-06-11T08:11:09","slug":"colorblock-quilted-padding-vest","status":"publish","type":"product","link":"https:\/\/cciola-fashion.com\/pt\/colorblock-quilted-padding-vest.html","title":{"rendered":"Colete acolchoado com blocos de cores"},"content":{"rendered":"<p>O design geral deste colete de algod\u00e3o \u00e9 simples e esportivo:<br \/>\nEstilo: \u00c9 um estilo regular, sem mangas, com gola alta, elegante e generoso, f\u00e1cil de usar em camadas.<br \/>\nCor: O corpo principal \u00e9 c\u00e1qui claro, com listras horizontais pretas e brancas, e as cores contrastantes cl\u00e1ssicas tornam o estilo simples mais atraente visualmente.<br \/>\nDetalhes: H\u00e1 bolsos em ambos os lados, o que \u00e9 muito pr\u00e1tico.<br \/>\nTecido: Estrutura acolchoada, preenchida com algod\u00e3o para baixo por dentro, leve e quente, adequada para esta\u00e7\u00f5es n\u00e3o muito frias, como um suplemento de camadas, adequada para v\u00e1rias cenas di\u00e1rias.<\/p>","protected":false},"excerpt":{"rendered":"<p>Casca: 100%Nylon<\/p>\n<p>Tamanho: Personalizado<\/p>\n<p>Cor: Personalizado<\/p>\n<p>Quantidade m\u00ednima: 500 pe\u00e7as<\/p>","protected":false},"featured_media":4239,"template":"","meta":[],"product_brand":[],"product_cat":[169],"product_tag":[],"class_list":{"0":"post-4237","1":"product","2":"type-product","3":"status-publish","4":"has-post-thumbnail","6":"product_cat-mens-padded-jacket","8":"first","9":"instock","10":"shipping-taxable","11":"product-type-simple"},"_links":{"self":[{"href":"https:\/\/cciola-fashion.com\/pt\/wp-json\/wp\/v2\/product\/4237","targetHints":{"allow":["GET"]}}],"collection":[{"href":"https:\/\/cciola-fashion.com\/pt\/wp-json\/wp\/v2\/product"}],"about":[{"href":"https:\/\/cciola-fashion.com\/pt\/wp-json\/wp\/v2\/types\/product"}],"version-history":[{"count":1,"href":"https:\/\/cciola-fashion.com\/pt\/wp-json\/wp\/v2\/product\/4237\/revisions"}],"predecessor-version":[{"id":4238,"href":"https:\/\/cciola-fashion.com\/pt\/wp-json\/wp\/v2\/product\/4237\/revisions\/4238"}],"wp:featuredmedia":[{"embeddable":true,"href":"https:\/\/cciola-fashion.com\/pt\/wp-json\/wp\/v2\/media\/4239"}],"wp:attachment":[{"href":"https:\/\/cciola-fashion.com\/pt\/wp-json\/wp\/v2\/media?parent=4237"}],"wp:term":[{"taxonomy":"product_brand","embeddable":true,"href":"https:\/\/cciola-fashion.com\/pt\/wp-json\/wp\/v2\/product_brand?post=4237"},{"taxonomy":"product_cat","embeddable":true,"href":"https:\/\/cciola-fashion.com\/pt\/wp-json\/wp\/v2\/product_cat?post=4237"},{"taxonomy":"product_tag","embeddable":true,"href":"https:\/\/cciola-fashion.com\/pt\/wp-json\/wp\/v2\/product_tag?post=4237"}],"curies":[{"name":"wp","href":"https:\/\/api.w.org\/{rel}","templated":true}]}}