{"id":4024,"date":"2025-05-09T16:59:32","date_gmt":"2025-05-09T08:59:32","guid":{"rendered":"https:\/\/cciola-fashion.com\/product\/boys-solid-colour-ski-salopettes\/"},"modified":"2025-05-12T16:59:30","modified_gmt":"2025-05-12T08:59:30","slug":"salopetes-de-esqui-de-cor-solida-para-meninos","status":"publish","type":"product","link":"https:\/\/cciola-fashion.com\/pt\/macacao-de-esqui-de-cor-solida-para-meninos-html","title":{"rendered":"Salopetes de esqui de cor s\u00f3lida para meninos"},"content":{"rendered":"<p>Estas s\u00e3o cal\u00e7as de esqui cinza projetadas para crian\u00e7as, feitas de um tecido dur\u00e1vel e imperme\u00e1vel que foi escolhido para torn\u00e1-las ideais para uso em condi\u00e7\u00f5es de neve ou escorregadias.<\/p>\n<p>As cal\u00e7as t\u00eam c\u00f3s el\u00e1stico que garante a seguran\u00e7a durante os movimentos. Elas t\u00eam um fecho de z\u00edper central frontal para vestir e despir rapidamente. Bolsos em ambos os lados oferecem espa\u00e7o para as crian\u00e7as guardarem pequenos itens, o que as torna ainda mais pr\u00e1ticas. H\u00e1 tamb\u00e9m duas al\u00e7as ajust\u00e1veis na frente que permitem que as cal\u00e7as sejam ajustadas ao tamanho e ao n\u00edvel de conforto da crian\u00e7a, garantindo que as cal\u00e7as permane\u00e7am no lugar para uma variedade de atividades ao ar livre.<\/p>\n<p>A parte inferior das cal\u00e7as tem um corte reto e as costuras laterais podem ser fechadas com z\u00edper, o que as torna nem muito apertadas nem muito largas, o que ajuda a reduzir a resist\u00eancia ao vento e melhora a estabilidade ao esquiar. O design reto tamb\u00e9m facilita o uso com uma variedade de botas de esqui, permitindo que as crian\u00e7as circulem livremente pela neve.<\/p>\n<p>No geral, estas cal\u00e7as de esqui cinza para crian\u00e7as s\u00e3o uma \u00f3tima pe\u00e7a de roupa infantil para atividades ao ar livre, gra\u00e7as ao seu material resistente e dur\u00e1vel. Elas n\u00e3o s\u00f3 proporcionam calor e conforto \u00e0s crian\u00e7as na neve, como tamb\u00e9m permitem que elas exibam seus cabelos alegres e fofos.<\/p>\n<p>personalidades.<\/p>","protected":false},"excerpt":{"rendered":"<p>Cal\u00e7as de esqui para meninos, modelo de prote\u00e7\u00e3o de peito, \u00e0 prova de vento, \u00e0 prova d&#039;\u00e1gua e com al\u00e7a traseira espessada<\/p>","protected":false},"featured_media":4060,"template":"","meta":[],"product_brand":[],"product_cat":[183],"product_tag":[258],"class_list":{"0":"post-4024","1":"product","2":"type-product","3":"status-publish","4":"has-post-thumbnail","6":"product_cat-boys-pants","7":"product_tag-boys-solid-colour-ski-salopettes","9":"first","10":"instock","11":"shipping-taxable","12":"product-type-simple"},"_links":{"self":[{"href":"https:\/\/cciola-fashion.com\/pt\/wp-json\/wp\/v2\/product\/4024","targetHints":{"allow":["GET"]}}],"collection":[{"href":"https:\/\/cciola-fashion.com\/pt\/wp-json\/wp\/v2\/product"}],"about":[{"href":"https:\/\/cciola-fashion.com\/pt\/wp-json\/wp\/v2\/types\/product"}],"version-history":[{"count":1,"href":"https:\/\/cciola-fashion.com\/pt\/wp-json\/wp\/v2\/product\/4024\/revisions"}],"predecessor-version":[{"id":4062,"href":"https:\/\/cciola-fashion.com\/pt\/wp-json\/wp\/v2\/product\/4024\/revisions\/4062"}],"wp:featuredmedia":[{"embeddable":true,"href":"https:\/\/cciola-fashion.com\/pt\/wp-json\/wp\/v2\/media\/4060"}],"wp:attachment":[{"href":"https:\/\/cciola-fashion.com\/pt\/wp-json\/wp\/v2\/media?parent=4024"}],"wp:term":[{"taxonomy":"product_brand","embeddable":true,"href":"https:\/\/cciola-fashion.com\/pt\/wp-json\/wp\/v2\/product_brand?post=4024"},{"taxonomy":"product_cat","embeddable":true,"href":"https:\/\/cciola-fashion.com\/pt\/wp-json\/wp\/v2\/product_cat?post=4024"},{"taxonomy":"product_tag","embeddable":true,"href":"https:\/\/cciola-fashion.com\/pt\/wp-json\/wp\/v2\/product_tag?post=4024"}],"curies":[{"name":"wp","href":"https:\/\/api.w.org\/{rel}","templated":true}]}}