{"id":4023,"date":"2025-05-09T16:59:32","date_gmt":"2025-05-09T08:59:32","guid":{"rendered":"https:\/\/cciola-fashion.com\/product\/boys-hooded-romper-with-coral-plush-manufacturer\/"},"modified":"2025-05-12T17:04:06","modified_gmt":"2025-05-12T09:04:06","slug":"fabricante-de-macacao-com-capuz-para-meninos-com-pelucia-coral","status":"publish","type":"product","link":"https:\/\/cciola-fashion.com\/pt\/fabricante-de-macacao-com-capuz-para-meninos-com-pelucia-coral-html","title":{"rendered":"Macac\u00e3o com capuz para meninos com fabricante de pel\u00facia coral"},"content":{"rendered":"<p>Este macac\u00e3o para beb\u00ea \u00e9 um macac\u00e3o com capuz e forro de l\u00e3 para aquecer a cabe\u00e7a do seu beb\u00ea. H\u00e1 um pequeno bolso no peito esquerdo, decorado com l\u00e3 marrom para um visual particularmente fofo, e o z\u00edper \u00e9 um z\u00edper invis\u00edvel de uma s\u00f3 pe\u00e7a, facilitando a coloca\u00e7\u00e3o e a retirada!<\/p>","protected":false},"excerpt":{"rendered":"<p>O macac\u00e3o \u00e9 t\u00e3o fofo, com enchimento de l\u00e3 no forro, punhos, bainha e bolso, o que n\u00e3o s\u00f3 o deixa t\u00e3o fofo quanto um ursinho de pel\u00facia, mas tamb\u00e9m o aquece!<\/p>","protected":false},"featured_media":4063,"template":"","meta":[],"product_brand":[],"product_cat":[264],"product_tag":[265],"class_list":{"0":"post-4023","1":"product","2":"type-product","3":"status-publish","4":"has-post-thumbnail","6":"product_cat-boys-suit","7":"product_tag-boys-hooded-romper-with-coral-plush-manufacturer-2","9":"first","10":"instock","11":"shipping-taxable","12":"product-type-simple"},"_links":{"self":[{"href":"https:\/\/cciola-fashion.com\/pt\/wp-json\/wp\/v2\/product\/4023","targetHints":{"allow":["GET"]}}],"collection":[{"href":"https:\/\/cciola-fashion.com\/pt\/wp-json\/wp\/v2\/product"}],"about":[{"href":"https:\/\/cciola-fashion.com\/pt\/wp-json\/wp\/v2\/types\/product"}],"version-history":[{"count":1,"href":"https:\/\/cciola-fashion.com\/pt\/wp-json\/wp\/v2\/product\/4023\/revisions"}],"predecessor-version":[{"id":4068,"href":"https:\/\/cciola-fashion.com\/pt\/wp-json\/wp\/v2\/product\/4023\/revisions\/4068"}],"wp:featuredmedia":[{"embeddable":true,"href":"https:\/\/cciola-fashion.com\/pt\/wp-json\/wp\/v2\/media\/4063"}],"wp:attachment":[{"href":"https:\/\/cciola-fashion.com\/pt\/wp-json\/wp\/v2\/media?parent=4023"}],"wp:term":[{"taxonomy":"product_brand","embeddable":true,"href":"https:\/\/cciola-fashion.com\/pt\/wp-json\/wp\/v2\/product_brand?post=4023"},{"taxonomy":"product_cat","embeddable":true,"href":"https:\/\/cciola-fashion.com\/pt\/wp-json\/wp\/v2\/product_cat?post=4023"},{"taxonomy":"product_tag","embeddable":true,"href":"https:\/\/cciola-fashion.com\/pt\/wp-json\/wp\/v2\/product_tag?post=4023"}],"curies":[{"name":"wp","href":"https:\/\/api.w.org\/{rel}","templated":true}]}}