{"id":4021,"date":"2025-05-09T16:59:32","date_gmt":"2025-05-09T08:59:32","guid":{"rendered":"https:\/\/cciola-fashion.com\/product\/boys-windbreaker-jacket\/"},"modified":"2025-05-12T18:03:19","modified_gmt":"2025-05-12T10:03:19","slug":"jaqueta-corta-vento-para-meninos","status":"publish","type":"product","link":"https:\/\/cciola-fashion.com\/pt\/jaqueta-corta-vento-para-meninos-html","title":{"rendered":"Jaqueta corta-vento para menino"},"content":{"rendered":"<p>Esta \u00e9 uma jaqueta casual para meninos, para primavera ou outono, com capuz, adequada para uso di\u00e1rio.<\/p>\n<p>O tecido \u00e9 poli\u00e9ster 100%, em cor s\u00f3lida, com boa qualidade.<\/p>\n<p>H\u00e1 forro de malha na parte interna para proporcionar aquecimento nos dias frios.<\/p>\n<p>H\u00e1 um z\u00edper Vislon no CF para fechamento, f\u00e1cil de colocar e tirar.<\/p>\n<p>H\u00e1 uma fita el\u00e1stica na bainha do corpo e na abertura da manga para ajuste, tamb\u00e9m uma boa op\u00e7\u00e3o para pr\u00e1tica de esportes.<\/p>","protected":false},"excerpt":{"rendered":"<p>Esta \u00e9 uma jaqueta casual para menino na primavera ou outono, com design com capuz, adequada para uso di\u00e1rio<\/p>","protected":false},"featured_media":4074,"template":"","meta":[],"product_brand":[],"product_cat":[182],"product_tag":[253],"class_list":{"0":"post-4021","1":"product","2":"type-product","3":"status-publish","4":"has-post-thumbnail","6":"product_cat-boys-jacket","7":"product_tag-boys-windbreaker-jacket","9":"first","10":"instock","11":"shipping-taxable","12":"product-type-simple"},"_links":{"self":[{"href":"https:\/\/cciola-fashion.com\/pt\/wp-json\/wp\/v2\/product\/4021","targetHints":{"allow":["GET"]}}],"collection":[{"href":"https:\/\/cciola-fashion.com\/pt\/wp-json\/wp\/v2\/product"}],"about":[{"href":"https:\/\/cciola-fashion.com\/pt\/wp-json\/wp\/v2\/types\/product"}],"version-history":[{"count":1,"href":"https:\/\/cciola-fashion.com\/pt\/wp-json\/wp\/v2\/product\/4021\/revisions"}],"predecessor-version":[{"id":4075,"href":"https:\/\/cciola-fashion.com\/pt\/wp-json\/wp\/v2\/product\/4021\/revisions\/4075"}],"wp:featuredmedia":[{"embeddable":true,"href":"https:\/\/cciola-fashion.com\/pt\/wp-json\/wp\/v2\/media\/4074"}],"wp:attachment":[{"href":"https:\/\/cciola-fashion.com\/pt\/wp-json\/wp\/v2\/media?parent=4021"}],"wp:term":[{"taxonomy":"product_brand","embeddable":true,"href":"https:\/\/cciola-fashion.com\/pt\/wp-json\/wp\/v2\/product_brand?post=4021"},{"taxonomy":"product_cat","embeddable":true,"href":"https:\/\/cciola-fashion.com\/pt\/wp-json\/wp\/v2\/product_cat?post=4021"},{"taxonomy":"product_tag","embeddable":true,"href":"https:\/\/cciola-fashion.com\/pt\/wp-json\/wp\/v2\/product_tag?post=4021"}],"curies":[{"name":"wp","href":"https:\/\/api.w.org\/{rel}","templated":true}]}}