{"id":4020,"date":"2025-05-09T16:59:32","date_gmt":"2025-05-09T08:59:32","guid":{"rendered":"https:\/\/cciola-fashion.com\/product\/winter-plush-jacket-boys-fleece-manufacturer-kids-jacket\/"},"modified":"2025-05-12T18:21:48","modified_gmt":"2025-05-12T10:21:48","slug":"jaqueta-de-pelucia-de-inverno-para-meninos-fabricante-de-la-jaqueta-infantil","status":"publish","type":"product","link":"https:\/\/cciola-fashion.com\/pt\/jaqueta-de-pelucia-de-inverno-para-meninos-fabricante-de-la-jaqueta-infantil-html","title":{"rendered":"Jaqueta de pel\u00facia de inverno para meninos, fabricante de l\u00e3, jaqueta infantil"},"content":{"rendered":"<p>Fecho de z\u00edper CF vislon com faixa el\u00e1stica no z\u00edper, integrado ao decote; canelado nas mangas, faixa el\u00e1stica na bainha inferior.<\/p>","protected":false},"excerpt":{"rendered":"<p>Esta pe\u00e7a de roupa \u00e9 uma jaqueta com estampa camuflada, com verde e preto como cores principais, habilmente combinada com elementos camuflados em branco e cinza, conferindo a toda a jaqueta um visual din\u00e2mico e elegante. A jaqueta possui z\u00edper completo para facilitar a coloca\u00e7\u00e3o e a retirada.<\/p>","protected":false},"featured_media":4076,"template":"","meta":[],"product_brand":[],"product_cat":[182],"product_tag":[252],"class_list":{"0":"post-4020","1":"product","2":"type-product","3":"status-publish","4":"has-post-thumbnail","6":"product_cat-boys-jacket","7":"product_tag-winter-plush-jacket-boys-fleece-manufacturer-kids-jacket","9":"first","10":"instock","11":"shipping-taxable","12":"product-type-simple"},"_links":{"self":[{"href":"https:\/\/cciola-fashion.com\/pt\/wp-json\/wp\/v2\/product\/4020","targetHints":{"allow":["GET"]}}],"collection":[{"href":"https:\/\/cciola-fashion.com\/pt\/wp-json\/wp\/v2\/product"}],"about":[{"href":"https:\/\/cciola-fashion.com\/pt\/wp-json\/wp\/v2\/types\/product"}],"version-history":[{"count":1,"href":"https:\/\/cciola-fashion.com\/pt\/wp-json\/wp\/v2\/product\/4020\/revisions"}],"predecessor-version":[{"id":4078,"href":"https:\/\/cciola-fashion.com\/pt\/wp-json\/wp\/v2\/product\/4020\/revisions\/4078"}],"wp:featuredmedia":[{"embeddable":true,"href":"https:\/\/cciola-fashion.com\/pt\/wp-json\/wp\/v2\/media\/4076"}],"wp:attachment":[{"href":"https:\/\/cciola-fashion.com\/pt\/wp-json\/wp\/v2\/media?parent=4020"}],"wp:term":[{"taxonomy":"product_brand","embeddable":true,"href":"https:\/\/cciola-fashion.com\/pt\/wp-json\/wp\/v2\/product_brand?post=4020"},{"taxonomy":"product_cat","embeddable":true,"href":"https:\/\/cciola-fashion.com\/pt\/wp-json\/wp\/v2\/product_cat?post=4020"},{"taxonomy":"product_tag","embeddable":true,"href":"https:\/\/cciola-fashion.com\/pt\/wp-json\/wp\/v2\/product_tag?post=4020"}],"curies":[{"name":"wp","href":"https:\/\/api.w.org\/{rel}","templated":true}]}}