{"id":4019,"date":"2025-05-09T16:59:32","date_gmt":"2025-05-09T08:59:32","guid":{"rendered":"https:\/\/cciola-fashion.com\/product\/boys-winter-parka-coat-manufacturer-puffer-jacket-with-hooded\/"},"modified":"2025-05-12T17:18:41","modified_gmt":"2025-05-12T09:18:41","slug":"fabricante-de-casaco-parka-de-inverno-para-meninos-jaqueta-puffer-com-capuz","status":"publish","type":"product","link":"https:\/\/cciola-fashion.com\/pt\/fabricante-de-casaco-parka-de-inverno-para-meninos-jaqueta-puffer-com-capuz-html","title":{"rendered":"Fabricante de casaco parka de inverno para meninos, jaqueta acolchoada com capuz"},"content":{"rendered":"<p>Impermeabiliza\u00e7\u00e3o \u2013 gra\u00e7as a uma membrana especial, protege contra \u00e1gua at\u00e9 1200 mm, refor\u00e7ada ainda mais por um revestimento hidrof\u00f3bico WR que faz com que a \u00e1gua se desprenda do material.<br \/>\nWindproofing \u2013 prote\u00e7\u00e3o contra o vento fornecida pela membrana e capuz da jaqueta.<br \/>\nRespirabilidade \u2013 a membrana libera o excesso de calor para o exterior, reduzindo a transpira\u00e7\u00e3o e mantendo o conforto t\u00e9rmico.<br \/>\nFuncionalidade \u2013 capuz, bolsos, fecho de correr, prote\u00e7\u00e3o da borda superior do fecho de correr<br \/>\nDesign de z\u00edper Vislon 5# no bolso do peito esquerdo e do CF; fecho de bot\u00f5es de press\u00e3o na aba do bolso da bainha da jaqueta; etiqueta de couro acolchoada na manga esquerda; punhos canelados; design de cord\u00e3o el\u00e1stico na bainha inferior, fixado com um suporte de cord\u00e3o; tira de pele sint\u00e9tica remov\u00edvel no capuz, fixada com bot\u00f5es transparentes de dois ilh\u00f3s<\/p>","protected":false},"excerpt":{"rendered":"<p>Esta jaqueta de tecido de alta qualidade foi fabricada por n\u00f3s. Quantidade m\u00ednima: 500 pe\u00e7as. Podemos oferecer servi\u00e7o OEM.<\/p>","protected":false},"featured_media":4042,"template":"","meta":[],"product_brand":[],"product_cat":[181],"product_tag":[250],"class_list":{"0":"post-4019","1":"product","2":"type-product","3":"status-publish","4":"has-post-thumbnail","6":"product_cat-boys-padded-jacket","7":"product_tag-boys-winter-parka-coat-manufacturer-puffer-jacket-with-hooded","9":"first","10":"instock","11":"shipping-taxable","12":"product-type-simple"},"_links":{"self":[{"href":"https:\/\/cciola-fashion.com\/pt\/wp-json\/wp\/v2\/product\/4019","targetHints":{"allow":["GET"]}}],"collection":[{"href":"https:\/\/cciola-fashion.com\/pt\/wp-json\/wp\/v2\/product"}],"about":[{"href":"https:\/\/cciola-fashion.com\/pt\/wp-json\/wp\/v2\/types\/product"}],"version-history":[{"count":1,"href":"https:\/\/cciola-fashion.com\/pt\/wp-json\/wp\/v2\/product\/4019\/revisions"}],"predecessor-version":[{"id":4073,"href":"https:\/\/cciola-fashion.com\/pt\/wp-json\/wp\/v2\/product\/4019\/revisions\/4073"}],"wp:featuredmedia":[{"embeddable":true,"href":"https:\/\/cciola-fashion.com\/pt\/wp-json\/wp\/v2\/media\/4042"}],"wp:attachment":[{"href":"https:\/\/cciola-fashion.com\/pt\/wp-json\/wp\/v2\/media?parent=4019"}],"wp:term":[{"taxonomy":"product_brand","embeddable":true,"href":"https:\/\/cciola-fashion.com\/pt\/wp-json\/wp\/v2\/product_brand?post=4019"},{"taxonomy":"product_cat","embeddable":true,"href":"https:\/\/cciola-fashion.com\/pt\/wp-json\/wp\/v2\/product_cat?post=4019"},{"taxonomy":"product_tag","embeddable":true,"href":"https:\/\/cciola-fashion.com\/pt\/wp-json\/wp\/v2\/product_tag?post=4019"}],"curies":[{"name":"wp","href":"https:\/\/api.w.org\/{rel}","templated":true}]}}