{"id":4018,"date":"2025-05-09T16:59:32","date_gmt":"2025-05-09T08:59:32","guid":{"rendered":"https:\/\/cciola-fashion.com\/product\/boys-reversible-jacket-b2b-oem-manufacturers-jacket-with-hood\/"},"modified":"2025-05-12T16:34:06","modified_gmt":"2025-05-12T08:34:06","slug":"jaqueta-reversivel-para-meninos-b2b-fabricantes-oem-jaqueta-com-capuz","status":"publish","type":"product","link":"https:\/\/cciola-fashion.com\/pt\/jaqueta-reversivel-para-meninos-b2b-fabricantes-oem-jaqueta-com-capuz-html","title":{"rendered":"Fabricantes OEM de jaquetas revers\u00edveis para meninos"},"content":{"rendered":"<p>Fita el\u00e1stica na gola, punhos e bainha; Os bolsos laterais t\u00eam fechos de z\u00edper de n\u00e1ilon e puxadores de metal com letras emborrachadas; O puxador central frontal \u00e9 reverso.<\/p>","protected":false},"excerpt":{"rendered":"<p>A jaqueta tem estampa camuflada de um lado e cor lisa do outro. A jaqueta \u00e9 acolchoada em ambos os lados para maior aquecimento. O tecido \u00e9 \u00e0 prova de vento e adequado para uso no inverno. Usar a jaqueta dos dois lados proporciona uma experi\u00eancia de vestir diferente.<\/p>","protected":false},"featured_media":4052,"template":"","meta":[],"product_brand":[],"product_cat":[181],"product_tag":[249],"class_list":{"0":"post-4018","1":"product","2":"type-product","3":"status-publish","4":"has-post-thumbnail","6":"product_cat-boys-padded-jacket","7":"product_tag-boys-reversible-jacket-b2b-oem-manufacturers-jacket-with-hood","9":"first","10":"instock","11":"shipping-taxable","12":"product-type-simple"},"_links":{"self":[{"href":"https:\/\/cciola-fashion.com\/pt\/wp-json\/wp\/v2\/product\/4018","targetHints":{"allow":["GET"]}}],"collection":[{"href":"https:\/\/cciola-fashion.com\/pt\/wp-json\/wp\/v2\/product"}],"about":[{"href":"https:\/\/cciola-fashion.com\/pt\/wp-json\/wp\/v2\/types\/product"}],"version-history":[{"count":1,"href":"https:\/\/cciola-fashion.com\/pt\/wp-json\/wp\/v2\/product\/4018\/revisions"}],"predecessor-version":[{"id":4055,"href":"https:\/\/cciola-fashion.com\/pt\/wp-json\/wp\/v2\/product\/4018\/revisions\/4055"}],"wp:featuredmedia":[{"embeddable":true,"href":"https:\/\/cciola-fashion.com\/pt\/wp-json\/wp\/v2\/media\/4052"}],"wp:attachment":[{"href":"https:\/\/cciola-fashion.com\/pt\/wp-json\/wp\/v2\/media?parent=4018"}],"wp:term":[{"taxonomy":"product_brand","embeddable":true,"href":"https:\/\/cciola-fashion.com\/pt\/wp-json\/wp\/v2\/product_brand?post=4018"},{"taxonomy":"product_cat","embeddable":true,"href":"https:\/\/cciola-fashion.com\/pt\/wp-json\/wp\/v2\/product_cat?post=4018"},{"taxonomy":"product_tag","embeddable":true,"href":"https:\/\/cciola-fashion.com\/pt\/wp-json\/wp\/v2\/product_tag?post=4018"}],"curies":[{"name":"wp","href":"https:\/\/api.w.org\/{rel}","templated":true}]}}