{"id":4017,"date":"2025-05-09T16:59:32","date_gmt":"2025-05-09T08:59:32","guid":{"rendered":"https:\/\/cciola-fashion.com\/product\/boys-parka-jacket-with-faux-fur-manufacturers-padded-jacket\/"},"modified":"2025-05-12T16:57:24","modified_gmt":"2025-05-12T08:57:24","slug":"jaqueta-parka-para-meninos-com-fabricantes-de-pele-sintetica-jaqueta-acolchoada","status":"publish","type":"product","link":"https:\/\/cciola-fashion.com\/pt\/jaqueta-parka-para-meninos-com-fabricantes-de-pele-sintetica-jaqueta-acolchoada-html","title":{"rendered":"Parka para meninos com pele sint\u00e9tica"},"content":{"rendered":"<p>H\u00e1 dois bolsos funcionais no peito e em ambos os lados da bainha da jaqueta; o z\u00edper do bolso esquerdo do peito tem um design de cor brilhante, tornando a jaqueta mais atraente; o velcro nos punhos pode ajustar o tamanho dos punhos; a bainha tem fitas el\u00e1sticas integradas para ajustar o estilo.<\/p>","protected":false},"excerpt":{"rendered":"<p>Esta jaqueta infantil \u00e9 estilosa e pr\u00e1tica, feita para o frio. O corpo principal da jaqueta \u00e9 em um tom cinza suave, com verde e laranja habilmente integrados para adicionar um toque de vitalidade e dinamismo ao visual geral. O design da gola de pele sint\u00e9tica n\u00e3o s\u00f3 \u00e9 ecol\u00f3gico, como tamb\u00e9m proporciona excelente aquecimento, garantindo que as crian\u00e7as permane\u00e7am aquecidas e confort\u00e1veis mesmo no inverno frio.<\/p>","protected":false},"featured_media":4057,"template":"","meta":[],"product_brand":[],"product_cat":[181],"product_tag":[248,255],"class_list":{"0":"post-4017","1":"product","2":"type-product","3":"status-publish","4":"has-post-thumbnail","6":"product_cat-boys-padded-jacket","7":"product_tag-boys-parka-jacket-with-faux-fur-manufacturers-padded-jacket","8":"product_tag-baby-boys-one-piece-suit-with-detachable-hood-manufacturers-wholesalers","10":"first","11":"instock","12":"shipping-taxable","13":"product-type-simple"},"_links":{"self":[{"href":"https:\/\/cciola-fashion.com\/pt\/wp-json\/wp\/v2\/product\/4017","targetHints":{"allow":["GET"]}}],"collection":[{"href":"https:\/\/cciola-fashion.com\/pt\/wp-json\/wp\/v2\/product"}],"about":[{"href":"https:\/\/cciola-fashion.com\/pt\/wp-json\/wp\/v2\/types\/product"}],"version-history":[{"count":2,"href":"https:\/\/cciola-fashion.com\/pt\/wp-json\/wp\/v2\/product\/4017\/revisions"}],"predecessor-version":[{"id":4059,"href":"https:\/\/cciola-fashion.com\/pt\/wp-json\/wp\/v2\/product\/4017\/revisions\/4059"}],"wp:featuredmedia":[{"embeddable":true,"href":"https:\/\/cciola-fashion.com\/pt\/wp-json\/wp\/v2\/media\/4057"}],"wp:attachment":[{"href":"https:\/\/cciola-fashion.com\/pt\/wp-json\/wp\/v2\/media?parent=4017"}],"wp:term":[{"taxonomy":"product_brand","embeddable":true,"href":"https:\/\/cciola-fashion.com\/pt\/wp-json\/wp\/v2\/product_brand?post=4017"},{"taxonomy":"product_cat","embeddable":true,"href":"https:\/\/cciola-fashion.com\/pt\/wp-json\/wp\/v2\/product_cat?post=4017"},{"taxonomy":"product_tag","embeddable":true,"href":"https:\/\/cciola-fashion.com\/pt\/wp-json\/wp\/v2\/product_tag?post=4017"}],"curies":[{"name":"wp","href":"https:\/\/api.w.org\/{rel}","templated":true}]}}