{"id":4016,"date":"2025-05-09T16:59:31","date_gmt":"2025-05-09T08:59:31","guid":{"rendered":"https:\/\/cciola-fashion.com\/product\/boys-colorblock-padded-jacket-with-hood-manufacturers\/"},"modified":"2025-05-12T18:35:37","modified_gmt":"2025-05-12T10:35:37","slug":"fabricantes-de-jaquetas-acolchoadas-com-capuz-e-blocos-de-cores-para-meninos","status":"publish","type":"product","link":"https:\/\/cciola-fashion.com\/pt\/fabricantes-de-jaquetas-acolchoadas-com-capuz-e-blocos-de-cores-para-meninos-html","title":{"rendered":"Fabricantes de jaquetas acolchoadas com capuz e blocos de cores para meninos"},"content":{"rendered":"<p>Apresenta estampa tipogr\u00e1fica; fita de malha tipogr\u00e1fica nas mangas; z\u00edper reverso no centro da cintura; forro com fitas el\u00e1sticas nos punhos e na bainha.<\/p>","protected":false},"excerpt":{"rendered":"<p>Esta \u00e9 uma jaqueta de retalhos vermelha, preta e branca projetada especificamente para crian\u00e7as, muito adequada para elas usarem no dia a dia; \u00e9 preenchida com algod\u00e3o para baixo por dentro, muito quente; us\u00e1-la pode mostrar a personalidade das crian\u00e7as.<\/p>","protected":false},"featured_media":4082,"template":"","meta":[],"product_brand":[],"product_cat":[181],"product_tag":[247],"class_list":{"0":"post-4016","1":"product","2":"type-product","3":"status-publish","4":"has-post-thumbnail","6":"product_cat-boys-padded-jacket","7":"product_tag-boys-colorblock-padded-jacket-with-hood-manufacturers","9":"first","10":"instock","11":"shipping-taxable","12":"product-type-simple"},"_links":{"self":[{"href":"https:\/\/cciola-fashion.com\/pt\/wp-json\/wp\/v2\/product\/4016","targetHints":{"allow":["GET"]}}],"collection":[{"href":"https:\/\/cciola-fashion.com\/pt\/wp-json\/wp\/v2\/product"}],"about":[{"href":"https:\/\/cciola-fashion.com\/pt\/wp-json\/wp\/v2\/types\/product"}],"version-history":[{"count":1,"href":"https:\/\/cciola-fashion.com\/pt\/wp-json\/wp\/v2\/product\/4016\/revisions"}],"predecessor-version":[{"id":4084,"href":"https:\/\/cciola-fashion.com\/pt\/wp-json\/wp\/v2\/product\/4016\/revisions\/4084"}],"wp:featuredmedia":[{"embeddable":true,"href":"https:\/\/cciola-fashion.com\/pt\/wp-json\/wp\/v2\/media\/4082"}],"wp:attachment":[{"href":"https:\/\/cciola-fashion.com\/pt\/wp-json\/wp\/v2\/media?parent=4016"}],"wp:term":[{"taxonomy":"product_brand","embeddable":true,"href":"https:\/\/cciola-fashion.com\/pt\/wp-json\/wp\/v2\/product_brand?post=4016"},{"taxonomy":"product_cat","embeddable":true,"href":"https:\/\/cciola-fashion.com\/pt\/wp-json\/wp\/v2\/product_cat?post=4016"},{"taxonomy":"product_tag","embeddable":true,"href":"https:\/\/cciola-fashion.com\/pt\/wp-json\/wp\/v2\/product_tag?post=4016"}],"curies":[{"name":"wp","href":"https:\/\/api.w.org\/{rel}","templated":true}]}}