{"id":4015,"date":"2025-05-09T16:59:31","date_gmt":"2025-05-09T08:59:31","guid":{"rendered":"https:\/\/cciola-fashion.com\/product\/baby-girls-warm-hooded-snowsuit-zipper-puffer-jumpsuit-padded-onesie-coat\/"},"modified":"2025-05-12T18:38:29","modified_gmt":"2025-05-12T10:38:29","slug":"macacao-de-neve-com-capuz-e-ziper-para-meninas-macacao-acolchoado-e-macacao-de-inverno","status":"publish","type":"product","link":"https:\/\/cciola-fashion.com\/pt\/macacao-de-neve-com-capuz-e-ziper-para-meninas-macacao-acolchoado-e-macacao-html","title":{"rendered":"Macac\u00e3o de neve com capuz e z\u00edper para meninas, macac\u00e3o acolchoado e macac\u00e3o"},"content":{"rendered":"<p>1. Esta jaqueta de esqui para beb\u00ea \u00e9 uma pe\u00e7a de roupa muito fofa e pr\u00e1tica, projetada para beb\u00eas que buscam aconchego e mimos. Sua cor principal \u00e9 um rosa suave, proporcionando um toque aconchegante e doce, perfeito para a pele delicada do seu pequeno.<br \/>\nO vestido \u00e9 cuidadosamente bordado ou estampado com pequenos e delicados padr\u00f5es de flores, que n\u00e3o s\u00f3 contribuem para a est\u00e9tica visual geral, mas tamb\u00e9m tornam o vestido todo mais v\u00edvido e interessante!<br \/>\n2. Projetado com mangas compridas, este macac\u00e3o \u00e9 ideal para uso no inverno e pode proteger eficazmente os bra\u00e7os do seu beb\u00ea do frio. Ao mesmo tempo, tamb\u00e9m \u00e9 equipado com um capuz ajust\u00e1vel, que n\u00e3o s\u00f3 protege do vento e mant\u00e9m voc\u00ea aquecido ao sair, mas tamb\u00e9m pode ser ajustado de forma flex\u00edvel de acordo com as necessidades do beb\u00ea, de forma pr\u00e1tica e atenciosa.<br \/>\n3. A aba frontal possui z\u00edper, o que facilita a coloca\u00e7\u00e3o e retirada das roupas do beb\u00ea pelos pais, protegendo a pele delicada do beb\u00ea contra o atrito at\u00e9 certo ponto. A suavidade do z\u00edper tamb\u00e9m \u00e9 levada em considera\u00e7\u00e3o para garantir que seja f\u00e1cil e suave em todos os usos.<br \/>\n4. As se\u00e7\u00f5es da cintura e do tornozelo s\u00e3o projetadas com dispositivos ajust\u00e1veis, como c\u00f3s ou faixas el\u00e1sticas, que podem ser ajustados de forma flex\u00edvel de acordo com o formato do corpo do beb\u00ea para garantir que as roupas se ajustem confortavelmente e tamb\u00e9m evitar o desconforto causado por roupas muito apertadas ou largas ao beb\u00ea.<\/p>","protected":false},"excerpt":{"rendered":"<p>Tamanho: Personalizado Cor: AOP Tecido: Poli\u00e9ster Ajuste: Regular Quantidade m\u00ednima: 500 pe\u00e7as<\/p>","protected":false},"featured_media":4085,"template":"","meta":[],"product_brand":[],"product_cat":[241],"product_tag":[244],"class_list":{"0":"post-4015","1":"product","2":"type-product","3":"status-publish","4":"has-post-thumbnail","6":"product_cat-grls-suit","7":"product_tag-baby-girls-warm-hooded-snowsuit-zipper-puffer-jumpsuit-padded-onesie-coat","9":"first","10":"instock","11":"shipping-taxable","12":"product-type-simple"},"_links":{"self":[{"href":"https:\/\/cciola-fashion.com\/pt\/wp-json\/wp\/v2\/product\/4015","targetHints":{"allow":["GET"]}}],"collection":[{"href":"https:\/\/cciola-fashion.com\/pt\/wp-json\/wp\/v2\/product"}],"about":[{"href":"https:\/\/cciola-fashion.com\/pt\/wp-json\/wp\/v2\/types\/product"}],"version-history":[{"count":1,"href":"https:\/\/cciola-fashion.com\/pt\/wp-json\/wp\/v2\/product\/4015\/revisions"}],"predecessor-version":[{"id":4088,"href":"https:\/\/cciola-fashion.com\/pt\/wp-json\/wp\/v2\/product\/4015\/revisions\/4088"}],"wp:featuredmedia":[{"embeddable":true,"href":"https:\/\/cciola-fashion.com\/pt\/wp-json\/wp\/v2\/media\/4085"}],"wp:attachment":[{"href":"https:\/\/cciola-fashion.com\/pt\/wp-json\/wp\/v2\/media?parent=4015"}],"wp:term":[{"taxonomy":"product_brand","embeddable":true,"href":"https:\/\/cciola-fashion.com\/pt\/wp-json\/wp\/v2\/product_brand?post=4015"},{"taxonomy":"product_cat","embeddable":true,"href":"https:\/\/cciola-fashion.com\/pt\/wp-json\/wp\/v2\/product_cat?post=4015"},{"taxonomy":"product_tag","embeddable":true,"href":"https:\/\/cciola-fashion.com\/pt\/wp-json\/wp\/v2\/product_tag?post=4015"}],"curies":[{"name":"wp","href":"https:\/\/api.w.org\/{rel}","templated":true}]}}