{"id":4014,"date":"2025-05-09T16:59:31","date_gmt":"2025-05-09T08:59:31","guid":{"rendered":"https:\/\/cciola-fashion.com\/product\/kid-girls-ski-jacket-manufacturers-children-ski-suit-suppliers\/"},"modified":"2025-05-23T18:18:52","modified_gmt":"2025-05-23T10:18:52","slug":"fabricantes-de-jaquetas-de-esqui-para-criancas-e-meninas-fornecedores-de-roupas-de-esqui-para-criancas","status":"publish","type":"product","link":"https:\/\/cciola-fashion.com\/pt\/fabricantes-de-jaquetas-de-esqui-para-criancas-e-meninas-fornecedores-de-roupas-de-esqui-para-criancas-html","title":{"rendered":"Fabricantes de jaquetas de esqui para crian\u00e7as e meninas, fornecedores de roupas de esqui para crian\u00e7as"},"content":{"rendered":"<p>Os bolsos frontais centrais e laterais da jaqueta e os bolsos da cal\u00e7a usam z\u00edper reverso \u00e0 prova d&#039;\u00e1gua; a bainha do corpo da jaqueta tem fita el\u00e1stica embutida e \u00e9 fixada com dois cord\u00f5es para facilitar o ajuste do tamanho; o forro da jaqueta \u00e9 de l\u00e3, que \u00e9 quente e agrad\u00e1vel \u00e0 pele; o capuz da jaqueta \u00e9 remov\u00edvel.<\/p>","protected":false},"excerpt":{"rendered":"<p>Para esta jaqueta de esqui, combinamos isolamento corporal com recursos essenciais de inverno, como prote\u00e7\u00e3o contra o vento interna, prote\u00e7\u00e3o de queixo em fleece e tecido imperme\u00e1vel e respir\u00e1vel. Perfeito para a escola, para as pistas de esqui e para qualquer lugar entre os dois, o traje certamente ser\u00e1 um favorito do inverno, ano ap\u00f3s ano. Este traje de esqui \u00e9 cl\u00e1ssico e dur\u00e1vel em rosa e branco, muito adequado para meninas.<\/p>","protected":false},"featured_media":4095,"template":"","meta":[],"product_brand":[],"product_cat":[241],"product_tag":[243],"class_list":{"0":"post-4014","1":"product","2":"type-product","3":"status-publish","4":"has-post-thumbnail","6":"product_cat-grls-suit","7":"product_tag-kid-girls-ski-jacket-manufacturers-children-ski-suit-suppliers","9":"first","10":"instock","11":"shipping-taxable","12":"product-type-simple"},"_links":{"self":[{"href":"https:\/\/cciola-fashion.com\/pt\/wp-json\/wp\/v2\/product\/4014","targetHints":{"allow":["GET"]}}],"collection":[{"href":"https:\/\/cciola-fashion.com\/pt\/wp-json\/wp\/v2\/product"}],"about":[{"href":"https:\/\/cciola-fashion.com\/pt\/wp-json\/wp\/v2\/types\/product"}],"version-history":[{"count":1,"href":"https:\/\/cciola-fashion.com\/pt\/wp-json\/wp\/v2\/product\/4014\/revisions"}],"predecessor-version":[{"id":4100,"href":"https:\/\/cciola-fashion.com\/pt\/wp-json\/wp\/v2\/product\/4014\/revisions\/4100"}],"wp:featuredmedia":[{"embeddable":true,"href":"https:\/\/cciola-fashion.com\/pt\/wp-json\/wp\/v2\/media\/4095"}],"wp:attachment":[{"href":"https:\/\/cciola-fashion.com\/pt\/wp-json\/wp\/v2\/media?parent=4014"}],"wp:term":[{"taxonomy":"product_brand","embeddable":true,"href":"https:\/\/cciola-fashion.com\/pt\/wp-json\/wp\/v2\/product_brand?post=4014"},{"taxonomy":"product_cat","embeddable":true,"href":"https:\/\/cciola-fashion.com\/pt\/wp-json\/wp\/v2\/product_cat?post=4014"},{"taxonomy":"product_tag","embeddable":true,"href":"https:\/\/cciola-fashion.com\/pt\/wp-json\/wp\/v2\/product_tag?post=4014"}],"curies":[{"name":"wp","href":"https:\/\/api.w.org\/{rel}","templated":true}]}}