{"id":4013,"date":"2025-05-09T16:59:31","date_gmt":"2025-05-09T08:59:31","guid":{"rendered":"https:\/\/cciola-fashion.com\/product\/baby-girls-jumpsuit-quilted-plush-fleece-lined-snowsuit-manufacturers\/"},"modified":"2025-05-12T18:31:25","modified_gmt":"2025-05-12T10:31:25","slug":"macacao-para-meninas-acolchoado-forrado-com-la-e-fabricantes-de-macacao-de-neve","status":"publish","type":"product","link":"https:\/\/cciola-fashion.com\/pt\/macacao-para-bebes-meninas-acolchoado-forrado-com-la-e-fabricante-de-macacao-de-neve-html","title":{"rendered":"Macac\u00e3o para beb\u00eas meninas, acolchoado, pel\u00facia, forrado com l\u00e3, fabricante de macac\u00e3o de neve"},"content":{"rendered":"<p>Fecho de z\u00edper f\u00e1cil de usar, seguro e protegido para vestir rec\u00e9m-nascidos sem complica\u00e7\u00f5es; Body totalmente forrado; Vem com luvas e protetores de p\u00e9s.<\/p>","protected":false},"excerpt":{"rendered":"<p>O forro macio e aconchegante manter\u00e1 seu beb\u00ea aquecido e confort\u00e1vel o dia todo; O design justo ajuda a garantir que seu beb\u00ea fique seguro quando a temperatura cair; Fizemos este body de neve para meninas rec\u00e9m-nascidas com tecido \u00e0 prova de vento e resistente \u00e0 \u00e1gua para garantir que seu beb\u00ea fique confort\u00e1vel nos dias frios de inverno<\/p>","protected":false},"featured_media":4079,"template":"","meta":[],"product_brand":[],"product_cat":[241],"product_tag":[242],"class_list":{"0":"post-4013","1":"product","2":"type-product","3":"status-publish","4":"has-post-thumbnail","6":"product_cat-grls-suit","7":"product_tag-baby-girls-jumpsuit-quilted-plush-fleece-lined-snowsuit-manufacturers","9":"first","10":"instock","11":"shipping-taxable","12":"product-type-simple"},"_links":{"self":[{"href":"https:\/\/cciola-fashion.com\/pt\/wp-json\/wp\/v2\/product\/4013","targetHints":{"allow":["GET"]}}],"collection":[{"href":"https:\/\/cciola-fashion.com\/pt\/wp-json\/wp\/v2\/product"}],"about":[{"href":"https:\/\/cciola-fashion.com\/pt\/wp-json\/wp\/v2\/types\/product"}],"version-history":[{"count":1,"href":"https:\/\/cciola-fashion.com\/pt\/wp-json\/wp\/v2\/product\/4013\/revisions"}],"predecessor-version":[{"id":4081,"href":"https:\/\/cciola-fashion.com\/pt\/wp-json\/wp\/v2\/product\/4013\/revisions\/4081"}],"wp:featuredmedia":[{"embeddable":true,"href":"https:\/\/cciola-fashion.com\/pt\/wp-json\/wp\/v2\/media\/4079"}],"wp:attachment":[{"href":"https:\/\/cciola-fashion.com\/pt\/wp-json\/wp\/v2\/media?parent=4013"}],"wp:term":[{"taxonomy":"product_brand","embeddable":true,"href":"https:\/\/cciola-fashion.com\/pt\/wp-json\/wp\/v2\/product_brand?post=4013"},{"taxonomy":"product_cat","embeddable":true,"href":"https:\/\/cciola-fashion.com\/pt\/wp-json\/wp\/v2\/product_cat?post=4013"},{"taxonomy":"product_tag","embeddable":true,"href":"https:\/\/cciola-fashion.com\/pt\/wp-json\/wp\/v2\/product_tag?post=4013"}],"curies":[{"name":"wp","href":"https:\/\/api.w.org\/{rel}","templated":true}]}}