{"id":4011,"date":"2025-05-09T16:59:30","date_gmt":"2025-05-09T08:59:30","guid":{"rendered":"https:\/\/cciola-fashion.com\/product\/girls-windbreaker-jacket-with-aop-hood-manufacturer\/"},"modified":"2025-05-23T18:36:28","modified_gmt":"2025-05-23T10:36:28","slug":"fabricante-de-jaqueta-corta-vento-para-meninas-com-capuz-aop","status":"publish","type":"product","link":"https:\/\/cciola-fashion.com\/pt\/fabricante-de-jaqueta-corta-vento-feminina-com-capuz-aop-html","title":{"rendered":"Fabricante de jaqueta corta-vento feminina com capuz AOP"},"content":{"rendered":"<p>A jaqueta feminina \u00e9 forrada com tecido de l\u00e3 macia para uma sensa\u00e7\u00e3o mais suave e confort\u00e1vel; os punhos das mangas, a cintura e a bainha inferior s\u00e3o preenchidos com fita el\u00e1stica para um efeito plissado; a bainha inferior \u00e9 curvada com um design de cauda de andorinha para um visual mais ador\u00e1vel.<\/p>","protected":false},"excerpt":{"rendered":"<p>Jaqueta fAOP com design colorido, adequada para meninas usarem, o design em relevo das costuras da jaqueta tem fun\u00e7\u00e3o \u00e0 prova d&#039;\u00e1gua, \u00e9 a melhor escolha para viagens em dias chuvosos; a parte de tr\u00e1s da bainha do meio da jaqueta no design da etiqueta em forma de cora\u00e7\u00e3o \u00e9 livremente personaliz\u00e1vel!<\/p>","protected":false},"featured_media":4108,"template":"","meta":[],"product_brand":[],"product_cat":[237],"product_tag":[238,239],"class_list":{"0":"post-4011","1":"product","2":"type-product","3":"status-publish","4":"has-post-thumbnail","6":"product_cat-grls-jacket","7":"product_tag-girls-windbreaker-jacket-with-aop-hood-manufacturer","8":"product_tag-china-girls-windbreaker-jacket-with-aop-hood-manufacturer","10":"first","11":"instock","12":"shipping-taxable","13":"product-type-simple"},"_links":{"self":[{"href":"https:\/\/cciola-fashion.com\/pt\/wp-json\/wp\/v2\/product\/4011","targetHints":{"allow":["GET"]}}],"collection":[{"href":"https:\/\/cciola-fashion.com\/pt\/wp-json\/wp\/v2\/product"}],"about":[{"href":"https:\/\/cciola-fashion.com\/pt\/wp-json\/wp\/v2\/types\/product"}],"version-history":[{"count":1,"href":"https:\/\/cciola-fashion.com\/pt\/wp-json\/wp\/v2\/product\/4011\/revisions"}],"predecessor-version":[{"id":4110,"href":"https:\/\/cciola-fashion.com\/pt\/wp-json\/wp\/v2\/product\/4011\/revisions\/4110"}],"wp:featuredmedia":[{"embeddable":true,"href":"https:\/\/cciola-fashion.com\/pt\/wp-json\/wp\/v2\/media\/4108"}],"wp:attachment":[{"href":"https:\/\/cciola-fashion.com\/pt\/wp-json\/wp\/v2\/media?parent=4011"}],"wp:term":[{"taxonomy":"product_brand","embeddable":true,"href":"https:\/\/cciola-fashion.com\/pt\/wp-json\/wp\/v2\/product_brand?post=4011"},{"taxonomy":"product_cat","embeddable":true,"href":"https:\/\/cciola-fashion.com\/pt\/wp-json\/wp\/v2\/product_cat?post=4011"},{"taxonomy":"product_tag","embeddable":true,"href":"https:\/\/cciola-fashion.com\/pt\/wp-json\/wp\/v2\/product_tag?post=4011"}],"curies":[{"name":"wp","href":"https:\/\/api.w.org\/{rel}","templated":true}]}}