{"id":4010,"date":"2025-05-09T16:59:30","date_gmt":"2025-05-09T08:59:30","guid":{"rendered":"https:\/\/cciola-fashion.com\/product\/wholesales-girls-reversible-winter-jacket-manufacturers\/"},"modified":"2025-05-23T18:44:45","modified_gmt":"2025-05-23T10:44:45","slug":"fabricantes-de-jaquetas-de-inverno-reversiveis-para-meninas-por-atacado","status":"publish","type":"product","link":"https:\/\/cciola-fashion.com\/pt\/fabricantes-de-jaquetas-de-inverno-reversiveis-para-meninas-por-atacado-html","title":{"rendered":"Fabricantes de jaquetas de inverno revers\u00edveis para meninas no atacado"},"content":{"rendered":"<p>A jaqueta tem capuz e z\u00edperes de vislon em ambos os lados. As mangas e a bainha t\u00eam el\u00e1stico embutido para prote\u00e7\u00e3o eficaz contra o vento e o frio.<\/p>","protected":false},"excerpt":{"rendered":"<p>A jaqueta \u00e9 revers\u00edvel, o que pode proporcionar a quem a veste uma experi\u00eancia de uso diferente; a cor da jaqueta \u00e9 muito adequada para meninas e \u00e9 uma cor cl\u00e1ssica, muito adequada para uso di\u00e1rio.<\/p>","protected":false},"featured_media":4120,"template":"","meta":[],"product_brand":[],"product_cat":[230],"product_tag":[235,236],"class_list":{"0":"post-4010","1":"product","2":"type-product","3":"status-publish","4":"has-post-thumbnail","6":"product_cat-grls-padded-jacket","7":"product_tag-wholesales-girls-reversible-winter-jacket-manufacturers","8":"product_tag-china-wholesales-girls-reversible-winter-jacket-manufacturers-manufacturers","10":"first","11":"instock","12":"shipping-taxable","13":"product-type-simple"},"_links":{"self":[{"href":"https:\/\/cciola-fashion.com\/pt\/wp-json\/wp\/v2\/product\/4010","targetHints":{"allow":["GET"]}}],"collection":[{"href":"https:\/\/cciola-fashion.com\/pt\/wp-json\/wp\/v2\/product"}],"about":[{"href":"https:\/\/cciola-fashion.com\/pt\/wp-json\/wp\/v2\/types\/product"}],"version-history":[{"count":1,"href":"https:\/\/cciola-fashion.com\/pt\/wp-json\/wp\/v2\/product\/4010\/revisions"}],"predecessor-version":[{"id":4122,"href":"https:\/\/cciola-fashion.com\/pt\/wp-json\/wp\/v2\/product\/4010\/revisions\/4122"}],"wp:featuredmedia":[{"embeddable":true,"href":"https:\/\/cciola-fashion.com\/pt\/wp-json\/wp\/v2\/media\/4120"}],"wp:attachment":[{"href":"https:\/\/cciola-fashion.com\/pt\/wp-json\/wp\/v2\/media?parent=4010"}],"wp:term":[{"taxonomy":"product_brand","embeddable":true,"href":"https:\/\/cciola-fashion.com\/pt\/wp-json\/wp\/v2\/product_brand?post=4010"},{"taxonomy":"product_cat","embeddable":true,"href":"https:\/\/cciola-fashion.com\/pt\/wp-json\/wp\/v2\/product_cat?post=4010"},{"taxonomy":"product_tag","embeddable":true,"href":"https:\/\/cciola-fashion.com\/pt\/wp-json\/wp\/v2\/product_tag?post=4010"}],"curies":[{"name":"wp","href":"https:\/\/api.w.org\/{rel}","templated":true}]}}