{"id":4009,"date":"2025-05-09T16:59:30","date_gmt":"2025-05-09T08:59:30","guid":{"rendered":"https:\/\/cciola-fashion.com\/product\/wholesale-girls-creamy-puffer-jacket-with-hood-bulk-price\/"},"modified":"2025-05-26T17:35:22","modified_gmt":"2025-05-26T09:35:22","slug":"jaqueta-puffer-cremosa-com-capuz-para-meninas-por-atacado-preco-de-atacado","status":"publish","type":"product","link":"https:\/\/cciola-fashion.com\/pt\/jaqueta-puffer-cremosa-com-capuz-para-meninas-no-atacado-html","title":{"rendered":"Jaqueta puffer cremosa com capuz para meninas no atacado"},"content":{"rendered":"<p>O z\u00edper e o forro da jaqueta s\u00e3o projetados na mesma cor, formando um contraste com o tecido principal, adicionando um toque de cor brilhante ao bege creme mon\u00f3tono; h\u00e1 costuras caneladas nos punhos para proteger do vento e do frio; h\u00e1 designs de abertura e fechamento de z\u00edper em ambos os lados da jaqueta, o que a torna conveniente para quem a veste viajar.<\/p>","protected":false},"excerpt":{"rendered":"<p>Esta jaqueta acolchoada foi projetada para meninas e est\u00e1 dispon\u00edvel em uma ampla variedade de tamanhos, adequada para idades de 4 a 16 anos. O enchimento de plumas reciclado \u00e9 muito fofo, quente e confort\u00e1vel, o que a torna muito adequada para ser usada ao ar livre no inverno.<\/p>","protected":false},"featured_media":4139,"template":"","meta":[],"product_brand":[],"product_cat":[230],"product_tag":[234],"class_list":{"0":"post-4009","1":"product","2":"type-product","3":"status-publish","4":"has-post-thumbnail","6":"product_cat-grls-padded-jacket","7":"product_tag-wholesale-girls-creamy-puffer-jacket-with-hood-bulk-price","9":"first","10":"instock","11":"shipping-taxable","12":"product-type-simple"},"_links":{"self":[{"href":"https:\/\/cciola-fashion.com\/pt\/wp-json\/wp\/v2\/product\/4009","targetHints":{"allow":["GET"]}}],"collection":[{"href":"https:\/\/cciola-fashion.com\/pt\/wp-json\/wp\/v2\/product"}],"about":[{"href":"https:\/\/cciola-fashion.com\/pt\/wp-json\/wp\/v2\/types\/product"}],"version-history":[{"count":1,"href":"https:\/\/cciola-fashion.com\/pt\/wp-json\/wp\/v2\/product\/4009\/revisions"}],"predecessor-version":[{"id":4141,"href":"https:\/\/cciola-fashion.com\/pt\/wp-json\/wp\/v2\/product\/4009\/revisions\/4141"}],"wp:featuredmedia":[{"embeddable":true,"href":"https:\/\/cciola-fashion.com\/pt\/wp-json\/wp\/v2\/media\/4139"}],"wp:attachment":[{"href":"https:\/\/cciola-fashion.com\/pt\/wp-json\/wp\/v2\/media?parent=4009"}],"wp:term":[{"taxonomy":"product_brand","embeddable":true,"href":"https:\/\/cciola-fashion.com\/pt\/wp-json\/wp\/v2\/product_brand?post=4009"},{"taxonomy":"product_cat","embeddable":true,"href":"https:\/\/cciola-fashion.com\/pt\/wp-json\/wp\/v2\/product_cat?post=4009"},{"taxonomy":"product_tag","embeddable":true,"href":"https:\/\/cciola-fashion.com\/pt\/wp-json\/wp\/v2\/product_tag?post=4009"}],"curies":[{"name":"wp","href":"https:\/\/api.w.org\/{rel}","templated":true}]}}