{"id":4007,"date":"2025-05-09T16:59:30","date_gmt":"2025-05-09T08:59:30","guid":{"rendered":"https:\/\/cciola-fashion.com\/product\/wholesales-toddler-puffer-jacket-girls-soft-hood-lining-bulk-price\/"},"modified":"2025-05-23T18:43:00","modified_gmt":"2025-05-23T10:43:00","slug":"jaqueta-puffer-infantil-por-atacado-para-meninas-forro-com-capuz-macio-preco-de-atacado","status":"publish","type":"product","link":"https:\/\/cciola-fashion.com\/pt\/jaqueta-puffer-infantil-por-atacado-para-meninas-forro-com-capuz-macio-preco-a-granel-html","title":{"rendered":"Jaqueta acolchoada infantil para meninas, forro com capuz macio, pre\u00e7o de atacado"},"content":{"rendered":"<p>Esta jaqueta possui um capuz forrado de pele que protege contra o vento e a neve; As luvas embutidas podem ser facilmente removidas quando necess\u00e1rio, oferecendo grande conveni\u00eancia e funcionalidade; Fecho de z\u00edper de n\u00e1ilon CF com puxador em formato de cora\u00e7\u00e3o; Fitas el\u00e1sticas internas nos punhos e na bainha do corpo da jaqueta.<\/p>","protected":false},"excerpt":{"rendered":"<p>Resist\u00eancia \u00e0 \u00e1gua \u2013 gra\u00e7as a uma membrana especial, protege contra \u00e1gua at\u00e9 600 mm, refor\u00e7ada ainda mais por um revestimento hidrof\u00f3bico WR que faz com que a \u00e1gua se desprenda do material.<\/p>\n<p>Resist\u00eancia ao vento \u2013 prote\u00e7\u00e3o contra o vento fornecida pela membrana e pelo capuz da jaqueta.<\/p>\n<p>Respirabilidade \u2013 a membrana libera o excesso de calor para o exterior, reduzindo a transpira\u00e7\u00e3o e mantendo o conforto t\u00e9rmico.<\/p>\n<p>Funcionalidade \u2013 capuz, bolsos, fecho de correr, prote\u00e7\u00e3o de z\u00edper na borda superior, luvas remov\u00edveis<\/p>","protected":false},"featured_media":4117,"template":"","meta":[],"product_brand":[],"product_cat":[230],"product_tag":[231],"class_list":{"0":"post-4007","1":"product","2":"type-product","3":"status-publish","4":"has-post-thumbnail","6":"product_cat-grls-padded-jacket","7":"product_tag-wholesales-toddler-puffer-jacket-girls-soft-hood-lining-bulk-price","9":"first","10":"instock","11":"shipping-taxable","12":"product-type-simple"},"_links":{"self":[{"href":"https:\/\/cciola-fashion.com\/pt\/wp-json\/wp\/v2\/product\/4007","targetHints":{"allow":["GET"]}}],"collection":[{"href":"https:\/\/cciola-fashion.com\/pt\/wp-json\/wp\/v2\/product"}],"about":[{"href":"https:\/\/cciola-fashion.com\/pt\/wp-json\/wp\/v2\/types\/product"}],"version-history":[{"count":1,"href":"https:\/\/cciola-fashion.com\/pt\/wp-json\/wp\/v2\/product\/4007\/revisions"}],"predecessor-version":[{"id":4119,"href":"https:\/\/cciola-fashion.com\/pt\/wp-json\/wp\/v2\/product\/4007\/revisions\/4119"}],"wp:featuredmedia":[{"embeddable":true,"href":"https:\/\/cciola-fashion.com\/pt\/wp-json\/wp\/v2\/media\/4117"}],"wp:attachment":[{"href":"https:\/\/cciola-fashion.com\/pt\/wp-json\/wp\/v2\/media?parent=4007"}],"wp:term":[{"taxonomy":"product_brand","embeddable":true,"href":"https:\/\/cciola-fashion.com\/pt\/wp-json\/wp\/v2\/product_brand?post=4007"},{"taxonomy":"product_cat","embeddable":true,"href":"https:\/\/cciola-fashion.com\/pt\/wp-json\/wp\/v2\/product_cat?post=4007"},{"taxonomy":"product_tag","embeddable":true,"href":"https:\/\/cciola-fashion.com\/pt\/wp-json\/wp\/v2\/product_tag?post=4007"}],"curies":[{"name":"wp","href":"https:\/\/api.w.org\/{rel}","templated":true}]}}