{"id":4006,"date":"2025-05-09T16:59:30","date_gmt":"2025-05-09T08:59:30","guid":{"rendered":"https:\/\/cciola-fashion.com\/product\/womens-lightweight-quilted-jacket-manufacturer-with-lapel-collar\/"},"modified":"2025-05-23T18:39:30","modified_gmt":"2025-05-23T10:39:30","slug":"womens-lightweight-quilted-jacket-manufacturer-with-lapel-collar","status":"publish","type":"product","link":"https:\/\/cciola-fashion.com\/pt\/womens-lightweight-quilted-jacket-manufacturer-with-lapel-collar.html","title":{"rendered":"Fabricante de jaquetas acolchoadas leves femininas com gola de lapela"},"content":{"rendered":"<p>A parte de tr\u00e1s das mangas do casaco \u00e9 um patchwork de tecido preto; o design geral do casaco \u00e9 \u00fanico. O casaco tem bolsos inclinados em ambos os lados e um bolso no peito esquerdo, fechado por um z\u00edper. A cintura \u00e9 plissada para valorizar a silhueta.<\/p>","protected":false},"excerpt":{"rendered":"<p>Tamanho: Personalizado Cor: Verde Gola: Lapela Ajuste: Slim Quantidade m\u00ednima: 500 pe\u00e7as N\u00f3s somos os fabricantes dessas jaquetas.<\/p>","protected":false},"featured_media":4111,"template":"","meta":[],"product_brand":[],"product_cat":[224],"product_tag":[228],"class_list":{"0":"post-4006","1":"product","2":"type-product","3":"status-publish","4":"has-post-thumbnail","6":"product_cat-ladies-jacket-ladies-clothing-2","7":"product_tag-womens-lightweight-quilted-jacket-manufacturer-with-lapel-collar","9":"first","10":"instock","11":"shipping-taxable","12":"product-type-simple"},"_links":{"self":[{"href":"https:\/\/cciola-fashion.com\/pt\/wp-json\/wp\/v2\/product\/4006","targetHints":{"allow":["GET"]}}],"collection":[{"href":"https:\/\/cciola-fashion.com\/pt\/wp-json\/wp\/v2\/product"}],"about":[{"href":"https:\/\/cciola-fashion.com\/pt\/wp-json\/wp\/v2\/types\/product"}],"version-history":[{"count":1,"href":"https:\/\/cciola-fashion.com\/pt\/wp-json\/wp\/v2\/product\/4006\/revisions"}],"predecessor-version":[{"id":4113,"href":"https:\/\/cciola-fashion.com\/pt\/wp-json\/wp\/v2\/product\/4006\/revisions\/4113"}],"wp:featuredmedia":[{"embeddable":true,"href":"https:\/\/cciola-fashion.com\/pt\/wp-json\/wp\/v2\/media\/4111"}],"wp:attachment":[{"href":"https:\/\/cciola-fashion.com\/pt\/wp-json\/wp\/v2\/media?parent=4006"}],"wp:term":[{"taxonomy":"product_brand","embeddable":true,"href":"https:\/\/cciola-fashion.com\/pt\/wp-json\/wp\/v2\/product_brand?post=4006"},{"taxonomy":"product_cat","embeddable":true,"href":"https:\/\/cciola-fashion.com\/pt\/wp-json\/wp\/v2\/product_cat?post=4006"},{"taxonomy":"product_tag","embeddable":true,"href":"https:\/\/cciola-fashion.com\/pt\/wp-json\/wp\/v2\/product_tag?post=4006"}],"curies":[{"name":"wp","href":"https:\/\/api.w.org\/{rel}","templated":true}]}}