{"id":4004,"date":"2025-05-09T16:59:30","date_gmt":"2025-05-09T08:59:30","guid":{"rendered":"https:\/\/cciola-fashion.com\/product\/womens-gray-wool-jacket-manufacturer-double-sided-woolen-jacket\/"},"modified":"2025-05-26T17:31:26","modified_gmt":"2025-05-26T09:31:26","slug":"womens-gray-wool-jacket-manufacturer-double-sided-woolen-jacket","status":"publish","type":"product","link":"https:\/\/cciola-fashion.com\/pt\/womens-gray-wool-jacket-manufacturer-double-sided-woolen-jacket.html","title":{"rendered":"Fabricante de jaqueta de l\u00e3 cinza feminina, jaqueta de l\u00e3 dupla face"},"content":{"rendered":"<p>A jaqueta tem dois bot\u00f5es nas al\u00e7as das mangas para ajustar os punhos; a jaqueta \u00e9 feita para uso di\u00e1rio.<\/p>","protected":false},"excerpt":{"rendered":"<p>Este \u00e9 um casaco de l\u00e3 cinza claro, simples, por\u00e9m elegante. Os bolsos grandes em ambos os lados do casaco s\u00e3o pr\u00e1ticos e convenientes, permitindo guardar facilmente itens essenciais do dia a dia, como celulares e carteiras.<\/p>","protected":false},"featured_media":4136,"template":"","meta":[],"product_brand":[],"product_cat":[224],"product_tag":[225],"class_list":{"0":"post-4004","1":"product","2":"type-product","3":"status-publish","4":"has-post-thumbnail","6":"product_cat-ladies-jacket-ladies-clothing-2","7":"product_tag-womens-gray-wool-jacket-manufacturer-double-sided-woolen-jacket","9":"first","10":"instock","11":"shipping-taxable","12":"product-type-simple"},"_links":{"self":[{"href":"https:\/\/cciola-fashion.com\/pt\/wp-json\/wp\/v2\/product\/4004","targetHints":{"allow":["GET"]}}],"collection":[{"href":"https:\/\/cciola-fashion.com\/pt\/wp-json\/wp\/v2\/product"}],"about":[{"href":"https:\/\/cciola-fashion.com\/pt\/wp-json\/wp\/v2\/types\/product"}],"version-history":[{"count":1,"href":"https:\/\/cciola-fashion.com\/pt\/wp-json\/wp\/v2\/product\/4004\/revisions"}],"predecessor-version":[{"id":4138,"href":"https:\/\/cciola-fashion.com\/pt\/wp-json\/wp\/v2\/product\/4004\/revisions\/4138"}],"wp:featuredmedia":[{"embeddable":true,"href":"https:\/\/cciola-fashion.com\/pt\/wp-json\/wp\/v2\/media\/4136"}],"wp:attachment":[{"href":"https:\/\/cciola-fashion.com\/pt\/wp-json\/wp\/v2\/media?parent=4004"}],"wp:term":[{"taxonomy":"product_brand","embeddable":true,"href":"https:\/\/cciola-fashion.com\/pt\/wp-json\/wp\/v2\/product_brand?post=4004"},{"taxonomy":"product_cat","embeddable":true,"href":"https:\/\/cciola-fashion.com\/pt\/wp-json\/wp\/v2\/product_cat?post=4004"},{"taxonomy":"product_tag","embeddable":true,"href":"https:\/\/cciola-fashion.com\/pt\/wp-json\/wp\/v2\/product_tag?post=4004"}],"curies":[{"name":"wp","href":"https:\/\/api.w.org\/{rel}","templated":true}]}}